{"id":64598,"date":"2023-10-14T02:51:59","date_gmt":"2023-10-14T02:51:59","guid":{"rendered":"https:\/\/poccky.com\/?post_type=product&#038;p=64598"},"modified":"2023-10-14T02:52:01","modified_gmt":"2023-10-14T02:52:01","slug":"florence-french-in-annecy","status":"publish","type":"product","link":"https:\/\/poccky.com\/index.php\/product\/florence-french-in-annecy\/","title":{"rendered":"Florence \u2013 French  &#8211;  in Annecy"},"content":{"rendered":"","protected":false},"excerpt":{"rendered":"<p>H\u00e9 les gar\u00e7ons ! Je m&#8217;appelle Florence et vous venez de trouver la fille la plus chaude. la plus sensuelle et la plus sexy d&#8217;Ath\u00e8nes !! Je cherche toujours \u00e0 plaire et \u00e0 ne jamais d\u00e9cevoir ! Une fois que vous me rencontrerez et passerez du temps. vous supplierez de revenir pour plus! J&#8217;attends votre appel avec impatience&#8230; ne soyez pas en retard j&#8217;attends.. A bient\u00f4t ..you can also contact me on Whatsapp or TelegramOrientation &#8211; Heterosexual Height &#8211; 170 cm \/ 5?7?  Ethinicity  &#8211; Latina Bust &#8211; Large Age &#8211; 25 Shaved &#8211; No Smokes &#8211; ?No Hair color &#8211; Blonde Nationality &#8211; French Gender &#8211; Female City &#8211; Annecy<br \/>\nFrance+33 7 57 82 23 15<\/p>\n","protected":false},"featured_media":59998,"comment_status":"open","ping_status":"closed","template":"","meta":{"site-sidebar-layout":"default","site-content-layout":"","ast-site-content-layout":"","site-content-style":"default","site-sidebar-style":"default","ast-global-header-display":"","ast-banner-title-visibility":"","ast-main-header-display":"","ast-hfb-above-header-display":"","ast-hfb-below-header-display":"","ast-hfb-mobile-header-display":"","site-post-title":"","ast-breadcrumbs-content":"","ast-featured-img":"","footer-sml-layout":"","theme-transparent-header-meta":"","adv-header-id-meta":"","stick-header-meta":"","header-above-stick-meta":"","header-main-stick-meta":"","header-below-stick-meta":"","astra-migrate-meta-layouts":"default","ast-page-background-enabled":"default","ast-page-background-meta":{"desktop":{"background-color":"var(--ast-global-color-4)","background-image":"","background-repeat":"repeat","background-position":"center center","background-size":"auto","background-attachment":"scroll","background-type":"","background-media":"","overlay-type":"","overlay-color":"","overlay-opacity":"","overlay-gradient":""},"tablet":{"background-color":"","background-image":"","background-repeat":"repeat","background-position":"center center","background-size":"auto","background-attachment":"scroll","background-type":"","background-media":"","overlay-type":"","overlay-color":"","overlay-opacity":"","overlay-gradient":""},"mobile":{"background-color":"","background-image":"","background-repeat":"repeat","background-position":"center center","background-size":"auto","background-attachment":"scroll","background-type":"","background-media":"","overlay-type":"","overlay-color":"","overlay-opacity":"","overlay-gradient":""}},"ast-content-background-meta":{"desktop":{"background-color":"var(--ast-global-color-5)","background-image":"","background-repeat":"repeat","background-position":"center center","background-size":"auto","background-attachment":"scroll","background-type":"","background-media":"","overlay-type":"","overlay-color":"","overlay-opacity":"","overlay-gradient":""},"tablet":{"background-color":"var(--ast-global-color-5)","background-image":"","background-repeat":"repeat","background-position":"center center","background-size":"auto","background-attachment":"scroll","background-type":"","background-media":"","overlay-type":"","overlay-color":"","overlay-opacity":"","overlay-gradient":""},"mobile":{"background-color":"var(--ast-global-color-5)","background-image":"","background-repeat":"repeat","background-position":"center center","background-size":"auto","background-attachment":"scroll","background-type":"","background-media":"","overlay-type":"","overlay-color":"","overlay-opacity":"","overlay-gradient":""}}},"product_brand":[],"product_cat":[988,244,188],"product_tag":[],"class_list":{"0":"post-64598","1":"product","2":"type-product","3":"status-publish","4":"has-post-thumbnail","6":"product_cat-annecy","7":"product_cat-france","8":"product_cat-freelancer","9":"desktop-align-left","10":"tablet-align-left","11":"mobile-align-left","13":"first","14":"instock","15":"shipping-taxable","16":"product-type-simple"},"_links":{"self":[{"href":"https:\/\/poccky.com\/index.php\/wp-json\/wp\/v2\/product\/64598","targetHints":{"allow":["GET"]}}],"collection":[{"href":"https:\/\/poccky.com\/index.php\/wp-json\/wp\/v2\/product"}],"about":[{"href":"https:\/\/poccky.com\/index.php\/wp-json\/wp\/v2\/types\/product"}],"replies":[{"embeddable":true,"href":"https:\/\/poccky.com\/index.php\/wp-json\/wp\/v2\/comments?post=64598"}],"wp:featuredmedia":[{"embeddable":true,"href":"https:\/\/poccky.com\/index.php\/wp-json\/wp\/v2\/media\/59998"}],"wp:attachment":[{"href":"https:\/\/poccky.com\/index.php\/wp-json\/wp\/v2\/media?parent=64598"}],"wp:term":[{"taxonomy":"product_brand","embeddable":true,"href":"https:\/\/poccky.com\/index.php\/wp-json\/wp\/v2\/product_brand?post=64598"},{"taxonomy":"product_cat","embeddable":true,"href":"https:\/\/poccky.com\/index.php\/wp-json\/wp\/v2\/product_cat?post=64598"},{"taxonomy":"product_tag","embeddable":true,"href":"https:\/\/poccky.com\/index.php\/wp-json\/wp\/v2\/product_tag?post=64598"}],"curies":[{"name":"wp","href":"https:\/\/api.w.org\/{rel}","templated":true}]}}