{"id":64593,"date":"2023-10-14T02:51:42","date_gmt":"2023-10-14T02:51:42","guid":{"rendered":"https:\/\/poccky.com\/?post_type=product&#038;p=64593"},"modified":"2023-10-14T02:51:45","modified_gmt":"2023-10-14T02:51:45","slug":"romy-french-in-annecy","status":"publish","type":"product","link":"https:\/\/poccky.com\/index.php\/product\/romy-french-in-annecy\/","title":{"rendered":"Romy \u2013 French  &#8211;  in Annecy"},"content":{"rendered":"","protected":false},"excerpt":{"rendered":"<p>Bonjour<br \/>\nJe m&#8217;appel Karline \u00e2g\u00e9e de 27 ans je suis une jolie Escorte Girl tr\u00e8s charmante avec un vis Age &#8211;  d&#8217;ange. raffin\u00e9e. douce. charmeuse. souriante. mais discr\u00e8te.<br \/>\nDetails<br \/>\nJ&#8217;appr\u00e9cie la tendresse et je serais votre compagne pour des moments de volupt\u00e9s partag\u00e9s. Ma philosophie est de rencontrer des hommes avec qui entretenir un instant de romantisme fait de caresses troublantes de d\u00e9sir. Femme tendre et douce \u00e0 votre \u00e9coute pour des rencontres pleine de charme de distinction par notre attirance.you can also contact me on Whatsapp or TelegramOrientation &#8211; Heterosexual Height &#8211; 169 cm \/ 5?7?  Ethinicity  &#8211; Latina Bust &#8211; Medium Age &#8211; 25 Shaved &#8211; No Smokes &#8211; ?No Hair color &#8211; Blonde Nationality &#8211; French Gender &#8211; Female City &#8211; Annecy<br \/>\nFrance+33 7 56 98 30 10<\/p>\n","protected":false},"featured_media":62494,"comment_status":"open","ping_status":"closed","template":"","meta":{"site-sidebar-layout":"default","site-content-layout":"","ast-site-content-layout":"","site-content-style":"default","site-sidebar-style":"default","ast-global-header-display":"","ast-banner-title-visibility":"","ast-main-header-display":"","ast-hfb-above-header-display":"","ast-hfb-below-header-display":"","ast-hfb-mobile-header-display":"","site-post-title":"","ast-breadcrumbs-content":"","ast-featured-img":"","footer-sml-layout":"","theme-transparent-header-meta":"","adv-header-id-meta":"","stick-header-meta":"","header-above-stick-meta":"","header-main-stick-meta":"","header-below-stick-meta":"","astra-migrate-meta-layouts":"default","ast-page-background-enabled":"default","ast-page-background-meta":{"desktop":{"background-color":"var(--ast-global-color-4)","background-image":"","background-repeat":"repeat","background-position":"center center","background-size":"auto","background-attachment":"scroll","background-type":"","background-media":"","overlay-type":"","overlay-color":"","overlay-opacity":"","overlay-gradient":""},"tablet":{"background-color":"","background-image":"","background-repeat":"repeat","background-position":"center center","background-size":"auto","background-attachment":"scroll","background-type":"","background-media":"","overlay-type":"","overlay-color":"","overlay-opacity":"","overlay-gradient":""},"mobile":{"background-color":"","background-image":"","background-repeat":"repeat","background-position":"center center","background-size":"auto","background-attachment":"scroll","background-type":"","background-media":"","overlay-type":"","overlay-color":"","overlay-opacity":"","overlay-gradient":""}},"ast-content-background-meta":{"desktop":{"background-color":"var(--ast-global-color-5)","background-image":"","background-repeat":"repeat","background-position":"center center","background-size":"auto","background-attachment":"scroll","background-type":"","background-media":"","overlay-type":"","overlay-color":"","overlay-opacity":"","overlay-gradient":""},"tablet":{"background-color":"var(--ast-global-color-5)","background-image":"","background-repeat":"repeat","background-position":"center center","background-size":"auto","background-attachment":"scroll","background-type":"","background-media":"","overlay-type":"","overlay-color":"","overlay-opacity":"","overlay-gradient":""},"mobile":{"background-color":"var(--ast-global-color-5)","background-image":"","background-repeat":"repeat","background-position":"center center","background-size":"auto","background-attachment":"scroll","background-type":"","background-media":"","overlay-type":"","overlay-color":"","overlay-opacity":"","overlay-gradient":""}}},"product_brand":[],"product_cat":[988,244,188],"product_tag":[],"class_list":{"0":"post-64593","1":"product","2":"type-product","3":"status-publish","4":"has-post-thumbnail","6":"product_cat-annecy","7":"product_cat-france","8":"product_cat-freelancer","9":"desktop-align-left","10":"tablet-align-left","11":"mobile-align-left","13":"first","14":"instock","15":"shipping-taxable","16":"product-type-simple"},"_links":{"self":[{"href":"https:\/\/poccky.com\/index.php\/wp-json\/wp\/v2\/product\/64593","targetHints":{"allow":["GET"]}}],"collection":[{"href":"https:\/\/poccky.com\/index.php\/wp-json\/wp\/v2\/product"}],"about":[{"href":"https:\/\/poccky.com\/index.php\/wp-json\/wp\/v2\/types\/product"}],"replies":[{"embeddable":true,"href":"https:\/\/poccky.com\/index.php\/wp-json\/wp\/v2\/comments?post=64593"}],"wp:featuredmedia":[{"embeddable":true,"href":"https:\/\/poccky.com\/index.php\/wp-json\/wp\/v2\/media\/62494"}],"wp:attachment":[{"href":"https:\/\/poccky.com\/index.php\/wp-json\/wp\/v2\/media?parent=64593"}],"wp:term":[{"taxonomy":"product_brand","embeddable":true,"href":"https:\/\/poccky.com\/index.php\/wp-json\/wp\/v2\/product_brand?post=64593"},{"taxonomy":"product_cat","embeddable":true,"href":"https:\/\/poccky.com\/index.php\/wp-json\/wp\/v2\/product_cat?post=64593"},{"taxonomy":"product_tag","embeddable":true,"href":"https:\/\/poccky.com\/index.php\/wp-json\/wp\/v2\/product_tag?post=64593"}],"curies":[{"name":"wp","href":"https:\/\/api.w.org\/{rel}","templated":true}]}}