{"id":64592,"date":"2023-10-14T02:51:38","date_gmt":"2023-10-14T02:51:38","guid":{"rendered":"https:\/\/poccky.com\/?post_type=product&#038;p=64592"},"modified":"2023-10-14T02:51:41","modified_gmt":"2023-10-14T02:51:41","slug":"roxannelove-french-in-annecy","status":"publish","type":"product","link":"https:\/\/poccky.com\/index.php\/product\/roxannelove-french-in-annecy\/","title":{"rendered":"Roxannelove \u2013 French  &#8211;  in Annecy"},"content":{"rendered":"","protected":false},"excerpt":{"rendered":"<p>Hi Everyone Bonjour.<br \/>\nJe m`appelle Roxanne . je suis fran\u00e7aise . je vous propose d`entrer dans mon cocon ou l`ambiance y est chaleureuse de part mon accueil et le moment d\u00e9tente que vous allez passer entre mes mains de velours. Pour que vous vous fassiez une id\u00e9e de la jeune femme que je suis. je vais donc vous en dire plus \u00e0 mon sujet. on dit de moi que je suis dr\u00f4le. cultiv\u00e9e. raffin\u00e9e. douce et sensuelle et c\u00e9r\u00e9brale \u00e9galement . au forme g\u00e9n\u00e9reuse. tour de poitrine 92d. les yeux en amande. et une bouche g\u00e9n\u00e9reusement sensuel . je re\u00e7ois exclusivement les hommes qui ont le sens de l\u2019hygi\u00e8ne et le respect mutuel donc il est important pour moi qu`au premier contact on soit correct et respectueux. je suis s\u00e9lective et ne donne pas suite \u00e0 un contact avec les personnes qui ne le seront pas. merci de votre compr\u00e9hension. N`h\u00e9sitez pas \u00e0 me contacter. pour plus d`informations. Tendre baiser. <\/p>\n<p>*Mes attentes* Un bon feeling. un minimum d`humour. tendre. coquin. non m\u00e9canique. complice. l\u2019\u00e9change. le respect mutuel. \u00eatre courtois et ne pas venir juste pour faire trempette quequette et au revoir. une hygi\u00e8ne irr\u00e9prochable. <\/p>\n<p>*J\u2019accepte* &#8211; Pr\u00e9liminaire &#8221; cunnilingus &#8221; &#8211; Fellation nature ou prot\u00e9g\u00e9e -(Ejaculation en bouche\/poitrine) &#8211; Rapport prot\u00e9g\u00e9 -Mass Age &#8211;  &#8211; French Kiss &#8211; jeux de langue sur ma poitrine &#8230; <\/p>\n<p>*Mes Tabous* *o. *. domination. \u00eatre chrono. Je suis exactement comme sur mes photos. Je vous re\u00e7ois en tenue sexy ainsi qu`avec sous v\u00eatements laissant appara\u00eetre ma poitrine et mon sexe . tout en restant classe et sexy ne laissant pas place \u00e0 vulgarit\u00e9. Je reste moi m\u00eame ! Exigeante et s\u00e9lective je privil\u00e9gie la qualit\u00e9 \u00e0 la quantit\u00e9. <\/p>\n<p>Mon tarif : 1H 150Er . 2h 200Er . 3h 300Er . Nuit 500Er . Journ\u00e9e 700Er <\/p>\n<p>E-mail  : Lanoieroxanne @ gmail . com  <\/p>\n<p>Mais avant tout j`aimerais savoir dans quel coin vous habit\u00e9. Car je me d\u00e9place&#8230;you can also contact me on Whatsapp or TelegramOrientation &#8211; Heterosexual Height &#8211; 175 cm \/ 5?9?  Ethinicity  &#8211; White Bust &#8211; Medium Age &#8211; 25 Shaved &#8211; Yes Smokes &#8211; ?No Hair color &#8211; Brunette Nationality &#8211; French Gender &#8211; Female City &#8211; Annecy<br \/>\nFrance+33 7 56 93 15 06<\/p>\n","protected":false},"featured_media":62554,"comment_status":"open","ping_status":"closed","template":"","meta":{"site-sidebar-layout":"default","site-content-layout":"","ast-site-content-layout":"","site-content-style":"default","site-sidebar-style":"default","ast-global-header-display":"","ast-banner-title-visibility":"","ast-main-header-display":"","ast-hfb-above-header-display":"","ast-hfb-below-header-display":"","ast-hfb-mobile-header-display":"","site-post-title":"","ast-breadcrumbs-content":"","ast-featured-img":"","footer-sml-layout":"","theme-transparent-header-meta":"","adv-header-id-meta":"","stick-header-meta":"","header-above-stick-meta":"","header-main-stick-meta":"","header-below-stick-meta":"","astra-migrate-meta-layouts":"default","ast-page-background-enabled":"default","ast-page-background-meta":{"desktop":{"background-color":"var(--ast-global-color-4)","background-image":"","background-repeat":"repeat","background-position":"center center","background-size":"auto","background-attachment":"scroll","background-type":"","background-media":"","overlay-type":"","overlay-color":"","overlay-opacity":"","overlay-gradient":""},"tablet":{"background-color":"","background-image":"","background-repeat":"repeat","background-position":"center center","background-size":"auto","background-attachment":"scroll","background-type":"","background-media":"","overlay-type":"","overlay-color":"","overlay-opacity":"","overlay-gradient":""},"mobile":{"background-color":"","background-image":"","background-repeat":"repeat","background-position":"center center","background-size":"auto","background-attachment":"scroll","background-type":"","background-media":"","overlay-type":"","overlay-color":"","overlay-opacity":"","overlay-gradient":""}},"ast-content-background-meta":{"desktop":{"background-color":"var(--ast-global-color-5)","background-image":"","background-repeat":"repeat","background-position":"center center","background-size":"auto","background-attachment":"scroll","background-type":"","background-media":"","overlay-type":"","overlay-color":"","overlay-opacity":"","overlay-gradient":""},"tablet":{"background-color":"var(--ast-global-color-5)","background-image":"","background-repeat":"repeat","background-position":"center center","background-size":"auto","background-attachment":"scroll","background-type":"","background-media":"","overlay-type":"","overlay-color":"","overlay-opacity":"","overlay-gradient":""},"mobile":{"background-color":"var(--ast-global-color-5)","background-image":"","background-repeat":"repeat","background-position":"center center","background-size":"auto","background-attachment":"scroll","background-type":"","background-media":"","overlay-type":"","overlay-color":"","overlay-opacity":"","overlay-gradient":""}}},"product_brand":[],"product_cat":[988,244,188],"product_tag":[],"class_list":{"0":"post-64592","1":"product","2":"type-product","3":"status-publish","4":"has-post-thumbnail","6":"product_cat-annecy","7":"product_cat-france","8":"product_cat-freelancer","9":"desktop-align-left","10":"tablet-align-left","11":"mobile-align-left","13":"first","14":"instock","15":"shipping-taxable","16":"product-type-simple"},"_links":{"self":[{"href":"https:\/\/poccky.com\/index.php\/wp-json\/wp\/v2\/product\/64592","targetHints":{"allow":["GET"]}}],"collection":[{"href":"https:\/\/poccky.com\/index.php\/wp-json\/wp\/v2\/product"}],"about":[{"href":"https:\/\/poccky.com\/index.php\/wp-json\/wp\/v2\/types\/product"}],"replies":[{"embeddable":true,"href":"https:\/\/poccky.com\/index.php\/wp-json\/wp\/v2\/comments?post=64592"}],"wp:featuredmedia":[{"embeddable":true,"href":"https:\/\/poccky.com\/index.php\/wp-json\/wp\/v2\/media\/62554"}],"wp:attachment":[{"href":"https:\/\/poccky.com\/index.php\/wp-json\/wp\/v2\/media?parent=64592"}],"wp:term":[{"taxonomy":"product_brand","embeddable":true,"href":"https:\/\/poccky.com\/index.php\/wp-json\/wp\/v2\/product_brand?post=64592"},{"taxonomy":"product_cat","embeddable":true,"href":"https:\/\/poccky.com\/index.php\/wp-json\/wp\/v2\/product_cat?post=64592"},{"taxonomy":"product_tag","embeddable":true,"href":"https:\/\/poccky.com\/index.php\/wp-json\/wp\/v2\/product_tag?post=64592"}],"curies":[{"name":"wp","href":"https:\/\/api.w.org\/{rel}","templated":true}]}}