{"id":49366,"date":"2023-10-11T02:49:53","date_gmt":"2023-10-11T02:49:53","guid":{"rendered":"https:\/\/poccky.com\/?post_type=product&#038;p=49366"},"modified":"2023-10-11T02:49:54","modified_gmt":"2023-10-11T02:49:54","slug":"yeny-5","status":"publish","type":"product","link":"https:\/\/poccky.com\/index.php\/product\/yeny-5\/","title":{"rendered":"Yeny"},"content":{"rendered":"","protected":false},"excerpt":{"rendered":"<p>Servicio superior (**** sin cond\u00f3n o sin cond\u00f3n lo que quieras) Paja Mejor ****Liberaci\u00f3n manualEspecialmente **** tu propio estilo. Toque m\u00e1gico y relajaci\u00f3n suave Soy independiente` de mente abierta` amigable con los setish` respetuoso y muy discreto.  Soy Muy Sensual y Tengo una Gran Personalidad  Masaje B2B\/ GFE \/ **** sin cobertura \/ NURU\/69 Ducha Gratis SPEICAL DOGGY`****`ORAL`Squirters &#038; 69 STYLE **** . De d\u00eda o de noche siempre estoy disponible para atender todas tus necesidades.  Tengo sexo y culo sexys` co\u00f1o jugoso y h\u00famedo. Puedes jugar con mi pene y mi culo. Me encanta Dirty Oral Extreme Doggy 69 **** *** *  \u00a1No pierdas tu tiempo ni el m\u00edo! Muy juguetona  muysexy<\/p>\n<p>        Service of Yeny<br \/>\nFRelax your mind` body` and soul all at the same time!<br \/>\n(213) 558-9596<br \/>\nWest Palm Beach` US<\/p>\n","protected":false},"featured_media":40547,"comment_status":"open","ping_status":"closed","template":"","meta":{"site-sidebar-layout":"default","site-content-layout":"","ast-site-content-layout":"","site-content-style":"default","site-sidebar-style":"default","ast-global-header-display":"","ast-banner-title-visibility":"","ast-main-header-display":"","ast-hfb-above-header-display":"","ast-hfb-below-header-display":"","ast-hfb-mobile-header-display":"","site-post-title":"","ast-breadcrumbs-content":"","ast-featured-img":"","footer-sml-layout":"","theme-transparent-header-meta":"","adv-header-id-meta":"","stick-header-meta":"","header-above-stick-meta":"","header-main-stick-meta":"","header-below-stick-meta":"","astra-migrate-meta-layouts":"default","ast-page-background-enabled":"default","ast-page-background-meta":{"desktop":{"background-color":"var(--ast-global-color-4)","background-image":"","background-repeat":"repeat","background-position":"center center","background-size":"auto","background-attachment":"scroll","background-type":"","background-media":"","overlay-type":"","overlay-color":"","overlay-opacity":"","overlay-gradient":""},"tablet":{"background-color":"","background-image":"","background-repeat":"repeat","background-position":"center center","background-size":"auto","background-attachment":"scroll","background-type":"","background-media":"","overlay-type":"","overlay-color":"","overlay-opacity":"","overlay-gradient":""},"mobile":{"background-color":"","background-image":"","background-repeat":"repeat","background-position":"center center","background-size":"auto","background-attachment":"scroll","background-type":"","background-media":"","overlay-type":"","overlay-color":"","overlay-opacity":"","overlay-gradient":""}},"ast-content-background-meta":{"desktop":{"background-color":"var(--ast-global-color-5)","background-image":"","background-repeat":"repeat","background-position":"center center","background-size":"auto","background-attachment":"scroll","background-type":"","background-media":"","overlay-type":"","overlay-color":"","overlay-opacity":"","overlay-gradient":""},"tablet":{"background-color":"var(--ast-global-color-5)","background-image":"","background-repeat":"repeat","background-position":"center center","background-size":"auto","background-attachment":"scroll","background-type":"","background-media":"","overlay-type":"","overlay-color":"","overlay-opacity":"","overlay-gradient":""},"mobile":{"background-color":"var(--ast-global-color-5)","background-image":"","background-repeat":"repeat","background-position":"center center","background-size":"auto","background-attachment":"scroll","background-type":"","background-media":"","overlay-type":"","overlay-color":"","overlay-opacity":"","overlay-gradient":""}}},"product_brand":[],"product_cat":[188,448,619],"product_tag":[],"class_list":{"0":"post-49366","1":"product","2":"type-product","3":"status-publish","4":"has-post-thumbnail","6":"product_cat-freelancer","7":"product_cat-us","8":"product_cat-west-palm-beach","9":"desktop-align-left","10":"tablet-align-left","11":"mobile-align-left","13":"first","14":"instock","15":"shipping-taxable","16":"product-type-simple"},"_links":{"self":[{"href":"https:\/\/poccky.com\/index.php\/wp-json\/wp\/v2\/product\/49366","targetHints":{"allow":["GET"]}}],"collection":[{"href":"https:\/\/poccky.com\/index.php\/wp-json\/wp\/v2\/product"}],"about":[{"href":"https:\/\/poccky.com\/index.php\/wp-json\/wp\/v2\/types\/product"}],"replies":[{"embeddable":true,"href":"https:\/\/poccky.com\/index.php\/wp-json\/wp\/v2\/comments?post=49366"}],"wp:featuredmedia":[{"embeddable":true,"href":"https:\/\/poccky.com\/index.php\/wp-json\/wp\/v2\/media\/40547"}],"wp:attachment":[{"href":"https:\/\/poccky.com\/index.php\/wp-json\/wp\/v2\/media?parent=49366"}],"wp:term":[{"taxonomy":"product_brand","embeddable":true,"href":"https:\/\/poccky.com\/index.php\/wp-json\/wp\/v2\/product_brand?post=49366"},{"taxonomy":"product_cat","embeddable":true,"href":"https:\/\/poccky.com\/index.php\/wp-json\/wp\/v2\/product_cat?post=49366"},{"taxonomy":"product_tag","embeddable":true,"href":"https:\/\/poccky.com\/index.php\/wp-json\/wp\/v2\/product_tag?post=49366"}],"curies":[{"name":"wp","href":"https:\/\/api.w.org\/{rel}","templated":true}]}}