{"id":49326,"date":"2023-10-11T02:48:32","date_gmt":"2023-10-11T02:48:32","guid":{"rendered":"https:\/\/poccky.com\/?post_type=product&#038;p=49326"},"modified":"2023-10-11T02:48:34","modified_gmt":"2023-10-11T02:48:34","slug":"viviana-ts","status":"publish","type":"product","link":"https:\/\/poccky.com\/index.php\/product\/viviana-ts\/","title":{"rendered":"Viviana ts"},"content":{"rendered":"","protected":false},"excerpt":{"rendered":"<p>Soy (TS VIVIANA SEXY XXL) Encantadora` una de las mejores trans del Reino Unido. Soy\u00a0<br \/>\nfemenina` encantadora` apasionada` amigable` educada y con clase con voluptuosa\u00a0<br \/>\nCurvas` piel bronceada y tersa y una gran sorpresa para tu placer. estoy seguro\u00a0<br \/>\n\u00a1Lo amar\u00e1s! Soy completamente funcional` sexualmente liberada y tengo una gran\u00a0<br \/>\nsentido del humor. Si quieres soy una chica dulce o una mujer fatal` \u00bfcu\u00e1l prefieres\u00a0<br \/>\nPrefiero que me encanta divertirme tanto como t\u00fa me haces saber tus m\u00e1s profundos deseos as\u00ed que&#8230;\u00a0<br \/>\nVen a mi trabajo y vive tus fantas\u00edas conmigo. Como compa\u00f1ero independiente yo\u00a0<br \/>\nle brindar\u00e1 calidad` seguridad y tiempo sin prisas. Estoy listo para darte un\u00a0<br \/>\nSesi\u00f3n placentera` exclusiva y totalmente inolvidable que jam\u00e1s hayas experimentado. I\u00a0<br \/>\nSoy vers\u00e1til como t\u00fa quieres que sea. CHICAS` PRIMERA VEZ y PAREJAS son muy\u00a0<br \/>\nbienvenido (t\u00fa pones los l\u00edmites o d\u00e9jame guiarte). Una mujer de lujo aprecia<br \/>\nun hombre educado` bien arreglado e higi\u00e9nico. mi objetivo es cumplir\u00a0<br \/>\ntu fantas\u00eda y te har\u00e1 volver por m\u00e1s. La limpieza y la discreci&#038;oacut<\/p>\n<p>        Service of Viviana ts<br \/>\nVivian sexy<br \/>\n(786) 329-0490<br \/>\nSarasota` US<\/p>\n","protected":false},"featured_media":39590,"comment_status":"open","ping_status":"closed","template":"","meta":{"site-sidebar-layout":"default","site-content-layout":"","ast-site-content-layout":"","site-content-style":"default","site-sidebar-style":"default","ast-global-header-display":"","ast-banner-title-visibility":"","ast-main-header-display":"","ast-hfb-above-header-display":"","ast-hfb-below-header-display":"","ast-hfb-mobile-header-display":"","site-post-title":"","ast-breadcrumbs-content":"","ast-featured-img":"","footer-sml-layout":"","theme-transparent-header-meta":"","adv-header-id-meta":"","stick-header-meta":"","header-above-stick-meta":"","header-main-stick-meta":"","header-below-stick-meta":"","astra-migrate-meta-layouts":"default","ast-page-background-enabled":"default","ast-page-background-meta":{"desktop":{"background-color":"var(--ast-global-color-4)","background-image":"","background-repeat":"repeat","background-position":"center center","background-size":"auto","background-attachment":"scroll","background-type":"","background-media":"","overlay-type":"","overlay-color":"","overlay-opacity":"","overlay-gradient":""},"tablet":{"background-color":"","background-image":"","background-repeat":"repeat","background-position":"center center","background-size":"auto","background-attachment":"scroll","background-type":"","background-media":"","overlay-type":"","overlay-color":"","overlay-opacity":"","overlay-gradient":""},"mobile":{"background-color":"","background-image":"","background-repeat":"repeat","background-position":"center center","background-size":"auto","background-attachment":"scroll","background-type":"","background-media":"","overlay-type":"","overlay-color":"","overlay-opacity":"","overlay-gradient":""}},"ast-content-background-meta":{"desktop":{"background-color":"var(--ast-global-color-5)","background-image":"","background-repeat":"repeat","background-position":"center center","background-size":"auto","background-attachment":"scroll","background-type":"","background-media":"","overlay-type":"","overlay-color":"","overlay-opacity":"","overlay-gradient":""},"tablet":{"background-color":"var(--ast-global-color-5)","background-image":"","background-repeat":"repeat","background-position":"center center","background-size":"auto","background-attachment":"scroll","background-type":"","background-media":"","overlay-type":"","overlay-color":"","overlay-opacity":"","overlay-gradient":""},"mobile":{"background-color":"var(--ast-global-color-5)","background-image":"","background-repeat":"repeat","background-position":"center center","background-size":"auto","background-attachment":"scroll","background-type":"","background-media":"","overlay-type":"","overlay-color":"","overlay-opacity":"","overlay-gradient":""}}},"product_brand":[],"product_cat":[188,620,448],"product_tag":[],"class_list":{"0":"post-49326","1":"product","2":"type-product","3":"status-publish","4":"has-post-thumbnail","6":"product_cat-freelancer","7":"product_cat-sarasota","8":"product_cat-us","9":"desktop-align-left","10":"tablet-align-left","11":"mobile-align-left","13":"first","14":"instock","15":"shipping-taxable","16":"product-type-simple"},"_links":{"self":[{"href":"https:\/\/poccky.com\/index.php\/wp-json\/wp\/v2\/product\/49326","targetHints":{"allow":["GET"]}}],"collection":[{"href":"https:\/\/poccky.com\/index.php\/wp-json\/wp\/v2\/product"}],"about":[{"href":"https:\/\/poccky.com\/index.php\/wp-json\/wp\/v2\/types\/product"}],"replies":[{"embeddable":true,"href":"https:\/\/poccky.com\/index.php\/wp-json\/wp\/v2\/comments?post=49326"}],"wp:featuredmedia":[{"embeddable":true,"href":"https:\/\/poccky.com\/index.php\/wp-json\/wp\/v2\/media\/39590"}],"wp:attachment":[{"href":"https:\/\/poccky.com\/index.php\/wp-json\/wp\/v2\/media?parent=49326"}],"wp:term":[{"taxonomy":"product_brand","embeddable":true,"href":"https:\/\/poccky.com\/index.php\/wp-json\/wp\/v2\/product_brand?post=49326"},{"taxonomy":"product_cat","embeddable":true,"href":"https:\/\/poccky.com\/index.php\/wp-json\/wp\/v2\/product_cat?post=49326"},{"taxonomy":"product_tag","embeddable":true,"href":"https:\/\/poccky.com\/index.php\/wp-json\/wp\/v2\/product_tag?post=49326"}],"curies":[{"name":"wp","href":"https:\/\/api.w.org\/{rel}","templated":true}]}}