{"id":49233,"date":"2023-10-11T02:45:30","date_gmt":"2023-10-11T02:45:30","guid":{"rendered":"https:\/\/poccky.com\/?post_type=product&#038;p=49233"},"modified":"2023-10-11T02:45:30","modified_gmt":"2023-10-11T02:45:30","slug":"karla-5","status":"publish","type":"product","link":"https:\/\/poccky.com\/index.php\/product\/karla-5\/","title":{"rendered":"KARLA"},"content":{"rendered":"","protected":false},"excerpt":{"rendered":"<p>Hello gentlemans i am from Colombian  For the delirium of lovers of a good fun&#8221; Try to resist millimetrically the sensations of my myself on you. I dare you!! Liberal` engaging` and dedicated to everything you like` and want` in pleasant company. A meeting without haste` and super calm. I&#8217;ll be the girlfriend of your dreams. I&#8217;ll give myself for real` because I also love that my partner makes me crazy with pleasure. And if you can&#8217;t resist myself. . Call me!<br \/>\n\u00a0<br \/>\n\u00a0<br \/>\n\u00a0<br \/>\nHola caballeros soy colombiana Para el delirio de los amantes de una buena diversi\u00f3n&#8221; Trata de resistir milim\u00e9tricamente las sensaciones de m\u00ed mismo en ti. \u00a1\u00a1Te reto!! Liberal` atractiva y dedicada a todo lo que te gusta y quieres` en agradable compa\u00f1\u00eda. Una encuentro sin prisas y s\u00faper tranquila. Ser\u00e9 la novia de tus sue\u00f1os. Me dar\u00e9 de verdad` porque tambi\u00e9n me encanta que mi pareja me vuelva loca de placer. Y si no puedes resistirte a m\u00ed mismo&#8230; \u00a1Ll\u00e1mame!<br \/>\n\u00a0<br \/>\n\u00a0<\/p>\n<p>        Service of  KARLA<br \/>\n% real &#038; ready now  naughty fun<br \/>\n(786) 379-8279<br \/>\nNaples` US<\/p>\n","protected":false},"featured_media":40928,"comment_status":"open","ping_status":"closed","template":"","meta":{"site-sidebar-layout":"default","site-content-layout":"","ast-site-content-layout":"","site-content-style":"default","site-sidebar-style":"default","ast-global-header-display":"","ast-banner-title-visibility":"","ast-main-header-display":"","ast-hfb-above-header-display":"","ast-hfb-below-header-display":"","ast-hfb-mobile-header-display":"","site-post-title":"","ast-breadcrumbs-content":"","ast-featured-img":"","footer-sml-layout":"","theme-transparent-header-meta":"","adv-header-id-meta":"","stick-header-meta":"","header-above-stick-meta":"","header-main-stick-meta":"","header-below-stick-meta":"","astra-migrate-meta-layouts":"default","ast-page-background-enabled":"default","ast-page-background-meta":{"desktop":{"background-color":"var(--ast-global-color-4)","background-image":"","background-repeat":"repeat","background-position":"center center","background-size":"auto","background-attachment":"scroll","background-type":"","background-media":"","overlay-type":"","overlay-color":"","overlay-opacity":"","overlay-gradient":""},"tablet":{"background-color":"","background-image":"","background-repeat":"repeat","background-position":"center center","background-size":"auto","background-attachment":"scroll","background-type":"","background-media":"","overlay-type":"","overlay-color":"","overlay-opacity":"","overlay-gradient":""},"mobile":{"background-color":"","background-image":"","background-repeat":"repeat","background-position":"center center","background-size":"auto","background-attachment":"scroll","background-type":"","background-media":"","overlay-type":"","overlay-color":"","overlay-opacity":"","overlay-gradient":""}},"ast-content-background-meta":{"desktop":{"background-color":"var(--ast-global-color-5)","background-image":"","background-repeat":"repeat","background-position":"center center","background-size":"auto","background-attachment":"scroll","background-type":"","background-media":"","overlay-type":"","overlay-color":"","overlay-opacity":"","overlay-gradient":""},"tablet":{"background-color":"var(--ast-global-color-5)","background-image":"","background-repeat":"repeat","background-position":"center center","background-size":"auto","background-attachment":"scroll","background-type":"","background-media":"","overlay-type":"","overlay-color":"","overlay-opacity":"","overlay-gradient":""},"mobile":{"background-color":"var(--ast-global-color-5)","background-image":"","background-repeat":"repeat","background-position":"center center","background-size":"auto","background-attachment":"scroll","background-type":"","background-media":"","overlay-type":"","overlay-color":"","overlay-opacity":"","overlay-gradient":""}}},"product_brand":[],"product_cat":[188,643,448],"product_tag":[],"class_list":{"0":"post-49233","1":"product","2":"type-product","3":"status-publish","4":"has-post-thumbnail","6":"product_cat-freelancer","7":"product_cat-naples","8":"product_cat-us","9":"desktop-align-left","10":"tablet-align-left","11":"mobile-align-left","13":"first","14":"instock","15":"shipping-taxable","16":"product-type-simple"},"_links":{"self":[{"href":"https:\/\/poccky.com\/index.php\/wp-json\/wp\/v2\/product\/49233","targetHints":{"allow":["GET"]}}],"collection":[{"href":"https:\/\/poccky.com\/index.php\/wp-json\/wp\/v2\/product"}],"about":[{"href":"https:\/\/poccky.com\/index.php\/wp-json\/wp\/v2\/types\/product"}],"replies":[{"embeddable":true,"href":"https:\/\/poccky.com\/index.php\/wp-json\/wp\/v2\/comments?post=49233"}],"wp:featuredmedia":[{"embeddable":true,"href":"https:\/\/poccky.com\/index.php\/wp-json\/wp\/v2\/media\/40928"}],"wp:attachment":[{"href":"https:\/\/poccky.com\/index.php\/wp-json\/wp\/v2\/media?parent=49233"}],"wp:term":[{"taxonomy":"product_brand","embeddable":true,"href":"https:\/\/poccky.com\/index.php\/wp-json\/wp\/v2\/product_brand?post=49233"},{"taxonomy":"product_cat","embeddable":true,"href":"https:\/\/poccky.com\/index.php\/wp-json\/wp\/v2\/product_cat?post=49233"},{"taxonomy":"product_tag","embeddable":true,"href":"https:\/\/poccky.com\/index.php\/wp-json\/wp\/v2\/product_tag?post=49233"}],"curies":[{"name":"wp","href":"https:\/\/api.w.org\/{rel}","templated":true}]}}