{"id":48989,"date":"2023-10-11T02:37:31","date_gmt":"2023-10-11T02:37:31","guid":{"rendered":"https:\/\/poccky.com\/?post_type=product&#038;p=48989"},"modified":"2023-10-11T02:37:31","modified_gmt":"2023-10-11T02:37:31","slug":"valentina-3","status":"publish","type":"product","link":"https:\/\/poccky.com\/index.php\/product\/valentina-3\/","title":{"rendered":"Valentina"},"content":{"rendered":"","protected":false},"excerpt":{"rendered":"<p>natural busty<br \/>\n\u00a0Pretty face&#8230;.super soft curves&#8230;..natural busty<br \/>\n\u00a0I am sexy` adorable and funny. \u00a0If you want the company of a sexy doll&#8230;  ! \u00a0I&#8217;m that amazing candy you&#8217;re looking for! \u00a0*Very open mind. Confidentiality and discretion are what I defend. \u00a0I use recent` unedited personal photos. \u00a0And I would love to spend time with you!<br \/>\n\u00a0Monday to Friday 11am to 7pm` call me on weekends for availability. \u00a0<br \/>\n\u00a0Sorry no black men.<br \/>\nCara bonita&#8230;.curvas super suaves&#8230;..tetona natural&#8230;..Soy sexy` adorable y divertida. Si quieres la compa\u00f1\u00eda de una mu\u00f1eca sexy&#8230; contactame! \u00a1Soy ese incre\u00edble dulce que est\u00e1s buscando! *Mente muy abierta.La confidencialidad y la discreci\u00f3n son lo que defiendo. Utilizo fotos personales recientes y sin editar. \u00a1Y me encantar\u00eda pasar tiempo contigo!\u00a0<br \/>\nValentina<\/p>\n<p>        Service of Valentina<br \/>\nTetona natural<br \/>\n(561) 644-5437<br \/>\nCoral Springs` US<\/p>\n","protected":false},"featured_media":35037,"comment_status":"open","ping_status":"closed","template":"","meta":{"site-sidebar-layout":"default","site-content-layout":"","ast-site-content-layout":"","site-content-style":"default","site-sidebar-style":"default","ast-global-header-display":"","ast-banner-title-visibility":"","ast-main-header-display":"","ast-hfb-above-header-display":"","ast-hfb-below-header-display":"","ast-hfb-mobile-header-display":"","site-post-title":"","ast-breadcrumbs-content":"","ast-featured-img":"","footer-sml-layout":"","theme-transparent-header-meta":"","adv-header-id-meta":"","stick-header-meta":"","header-above-stick-meta":"","header-main-stick-meta":"","header-below-stick-meta":"","astra-migrate-meta-layouts":"default","ast-page-background-enabled":"default","ast-page-background-meta":{"desktop":{"background-color":"var(--ast-global-color-4)","background-image":"","background-repeat":"repeat","background-position":"center center","background-size":"auto","background-attachment":"scroll","background-type":"","background-media":"","overlay-type":"","overlay-color":"","overlay-opacity":"","overlay-gradient":""},"tablet":{"background-color":"","background-image":"","background-repeat":"repeat","background-position":"center center","background-size":"auto","background-attachment":"scroll","background-type":"","background-media":"","overlay-type":"","overlay-color":"","overlay-opacity":"","overlay-gradient":""},"mobile":{"background-color":"","background-image":"","background-repeat":"repeat","background-position":"center center","background-size":"auto","background-attachment":"scroll","background-type":"","background-media":"","overlay-type":"","overlay-color":"","overlay-opacity":"","overlay-gradient":""}},"ast-content-background-meta":{"desktop":{"background-color":"var(--ast-global-color-5)","background-image":"","background-repeat":"repeat","background-position":"center center","background-size":"auto","background-attachment":"scroll","background-type":"","background-media":"","overlay-type":"","overlay-color":"","overlay-opacity":"","overlay-gradient":""},"tablet":{"background-color":"var(--ast-global-color-5)","background-image":"","background-repeat":"repeat","background-position":"center center","background-size":"auto","background-attachment":"scroll","background-type":"","background-media":"","overlay-type":"","overlay-color":"","overlay-opacity":"","overlay-gradient":""},"mobile":{"background-color":"var(--ast-global-color-5)","background-image":"","background-repeat":"repeat","background-position":"center center","background-size":"auto","background-attachment":"scroll","background-type":"","background-media":"","overlay-type":"","overlay-color":"","overlay-opacity":"","overlay-gradient":""}}},"product_brand":[],"product_cat":[627,188,448],"product_tag":[],"class_list":{"0":"post-48989","1":"product","2":"type-product","3":"status-publish","4":"has-post-thumbnail","6":"product_cat-coral-springs","7":"product_cat-freelancer","8":"product_cat-us","9":"desktop-align-left","10":"tablet-align-left","11":"mobile-align-left","13":"first","14":"instock","15":"shipping-taxable","16":"product-type-simple"},"_links":{"self":[{"href":"https:\/\/poccky.com\/index.php\/wp-json\/wp\/v2\/product\/48989","targetHints":{"allow":["GET"]}}],"collection":[{"href":"https:\/\/poccky.com\/index.php\/wp-json\/wp\/v2\/product"}],"about":[{"href":"https:\/\/poccky.com\/index.php\/wp-json\/wp\/v2\/types\/product"}],"replies":[{"embeddable":true,"href":"https:\/\/poccky.com\/index.php\/wp-json\/wp\/v2\/comments?post=48989"}],"wp:featuredmedia":[{"embeddable":true,"href":"https:\/\/poccky.com\/index.php\/wp-json\/wp\/v2\/media\/35037"}],"wp:attachment":[{"href":"https:\/\/poccky.com\/index.php\/wp-json\/wp\/v2\/media?parent=48989"}],"wp:term":[{"taxonomy":"product_brand","embeddable":true,"href":"https:\/\/poccky.com\/index.php\/wp-json\/wp\/v2\/product_brand?post=48989"},{"taxonomy":"product_cat","embeddable":true,"href":"https:\/\/poccky.com\/index.php\/wp-json\/wp\/v2\/product_cat?post=48989"},{"taxonomy":"product_tag","embeddable":true,"href":"https:\/\/poccky.com\/index.php\/wp-json\/wp\/v2\/product_tag?post=48989"}],"curies":[{"name":"wp","href":"https:\/\/api.w.org\/{rel}","templated":true}]}}