{"id":47890,"date":"2023-10-11T01:54:36","date_gmt":"2023-10-11T01:54:36","guid":{"rendered":"https:\/\/poccky.com\/?post_type=product&#038;p=47890"},"modified":"2023-10-11T01:54:38","modified_gmt":"2023-10-11T01:54:38","slug":"annie-5","status":"publish","type":"product","link":"https:\/\/poccky.com\/index.php\/product\/annie-5\/","title":{"rendered":"Annie"},"content":{"rendered":"","protected":false},"excerpt":{"rendered":"<p>SERIOUS PEOPLE ONLY`DONT WASTE MY TIME+1 (810) 666-0577<br \/>\nSnap chat:michelleannie02<br \/>\nbook me  I&#8217;m down for massage` deep tissue` Nuru massage and sex and \u00a0ready to fuckhard all types of sexpossitionAnd you willreally \u00a0lovehaving fun with melike making fun with meAnal DoggyStyleBlowjob \u00a0NThroatFuckCowgirl Ride69.Feet jobCreampieAnd cumSwallowWithAnd \u00a0WithoutCondomSpooningFuckStandingMissionaryAll Fuck against the wall \u00a0just message me for anyoneI am always horny i squirt all the \u00a0timeSerious inquiresonly Please&#8230;FACETIME FUN AND VIDEOS AVAILABLE FOR SALE \u00a0<br \/>\nText me :+1 (810) 666-0577<br \/>\nSOLO GENTE SERIA` NO PIERDA MI TIEMPO+1 (810) 666-0577res\u00e9rvame  Estoy dispuesto a recibir masajes` tejido profundo` masaje Nuru y sexo y estoy listo para follarduro todo tipo de sexoposibilidadY te encantar\u00e1divertirte conmigocomo burlarte de m\u00edAnal Doggy EstiloMamada Y Cogida De GargantaPaseo De Vaquera69.Trabajo De PiesCreampieY semenTragarConY SinCond\u00f3nCucharaFollarDe PieMisioneroTodos Joder contra la pared solo env\u00edame un mensaje para cualquieraSiempre estoy cachonda chorreo todo el tiempoConsultas seriassolo por favor&#8230;DIVERSI\u00d3N FACETIME Y VIDEOS DISPONIBLES PARA LA VENTA<br \/>\nEnv\u00ed<br \/>\n\u00a0<\/p>\n<p>        Service of Annie<br \/>\nI&#8217;m available for incall and outcall +1 (810) 666-0577<br \/>\n(810) 666-0577<br \/>\nPalm Springs` US<\/p>\n","protected":false},"featured_media":36918,"comment_status":"open","ping_status":"closed","template":"","meta":{"site-sidebar-layout":"default","site-content-layout":"","ast-site-content-layout":"","site-content-style":"default","site-sidebar-style":"default","ast-global-header-display":"","ast-banner-title-visibility":"","ast-main-header-display":"","ast-hfb-above-header-display":"","ast-hfb-below-header-display":"","ast-hfb-mobile-header-display":"","site-post-title":"","ast-breadcrumbs-content":"","ast-featured-img":"","footer-sml-layout":"","theme-transparent-header-meta":"","adv-header-id-meta":"","stick-header-meta":"","header-above-stick-meta":"","header-main-stick-meta":"","header-below-stick-meta":"","astra-migrate-meta-layouts":"default","ast-page-background-enabled":"default","ast-page-background-meta":{"desktop":{"background-color":"var(--ast-global-color-4)","background-image":"","background-repeat":"repeat","background-position":"center center","background-size":"auto","background-attachment":"scroll","background-type":"","background-media":"","overlay-type":"","overlay-color":"","overlay-opacity":"","overlay-gradient":""},"tablet":{"background-color":"","background-image":"","background-repeat":"repeat","background-position":"center center","background-size":"auto","background-attachment":"scroll","background-type":"","background-media":"","overlay-type":"","overlay-color":"","overlay-opacity":"","overlay-gradient":""},"mobile":{"background-color":"","background-image":"","background-repeat":"repeat","background-position":"center center","background-size":"auto","background-attachment":"scroll","background-type":"","background-media":"","overlay-type":"","overlay-color":"","overlay-opacity":"","overlay-gradient":""}},"ast-content-background-meta":{"desktop":{"background-color":"var(--ast-global-color-5)","background-image":"","background-repeat":"repeat","background-position":"center center","background-size":"auto","background-attachment":"scroll","background-type":"","background-media":"","overlay-type":"","overlay-color":"","overlay-opacity":"","overlay-gradient":""},"tablet":{"background-color":"var(--ast-global-color-5)","background-image":"","background-repeat":"repeat","background-position":"center center","background-size":"auto","background-attachment":"scroll","background-type":"","background-media":"","overlay-type":"","overlay-color":"","overlay-opacity":"","overlay-gradient":""},"mobile":{"background-color":"var(--ast-global-color-5)","background-image":"","background-repeat":"repeat","background-position":"center center","background-size":"auto","background-attachment":"scroll","background-type":"","background-media":"","overlay-type":"","overlay-color":"","overlay-opacity":"","overlay-gradient":""}}},"product_brand":[],"product_cat":[188,537,448],"product_tag":[],"class_list":{"0":"post-47890","1":"product","2":"type-product","3":"status-publish","4":"has-post-thumbnail","6":"product_cat-freelancer","7":"product_cat-palm-springs","8":"product_cat-us","9":"desktop-align-left","10":"tablet-align-left","11":"mobile-align-left","13":"first","14":"instock","15":"shipping-taxable","16":"product-type-simple"},"_links":{"self":[{"href":"https:\/\/poccky.com\/index.php\/wp-json\/wp\/v2\/product\/47890","targetHints":{"allow":["GET"]}}],"collection":[{"href":"https:\/\/poccky.com\/index.php\/wp-json\/wp\/v2\/product"}],"about":[{"href":"https:\/\/poccky.com\/index.php\/wp-json\/wp\/v2\/types\/product"}],"replies":[{"embeddable":true,"href":"https:\/\/poccky.com\/index.php\/wp-json\/wp\/v2\/comments?post=47890"}],"wp:featuredmedia":[{"embeddable":true,"href":"https:\/\/poccky.com\/index.php\/wp-json\/wp\/v2\/media\/36918"}],"wp:attachment":[{"href":"https:\/\/poccky.com\/index.php\/wp-json\/wp\/v2\/media?parent=47890"}],"wp:term":[{"taxonomy":"product_brand","embeddable":true,"href":"https:\/\/poccky.com\/index.php\/wp-json\/wp\/v2\/product_brand?post=47890"},{"taxonomy":"product_cat","embeddable":true,"href":"https:\/\/poccky.com\/index.php\/wp-json\/wp\/v2\/product_cat?post=47890"},{"taxonomy":"product_tag","embeddable":true,"href":"https:\/\/poccky.com\/index.php\/wp-json\/wp\/v2\/product_tag?post=47890"}],"curies":[{"name":"wp","href":"https:\/\/api.w.org\/{rel}","templated":true}]}}