{"id":47833,"date":"2023-10-11T01:52:44","date_gmt":"2023-10-11T01:52:44","guid":{"rendered":"https:\/\/poccky.com\/?post_type=product&#038;p=47833"},"modified":"2023-10-11T01:52:45","modified_gmt":"2023-10-11T01:52:45","slug":"alona","status":"publish","type":"product","link":"https:\/\/poccky.com\/index.php\/product\/alona\/","title":{"rendered":"Alona"},"content":{"rendered":"","protected":false},"excerpt":{"rendered":"<p>Your addiction<br \/>\nHey boys!!!\u00a0<br \/>\nIm Alona` fun latin new girl in town! I&#8217;m ready to party!!!\u00a0<br \/>\nI&#8217;m available whenever for incall and outcall`\u00a0<br \/>\nI&#8217;m also available for multiple hours` overnights` \u00a0pictures are 100% real and recent.\u00a0<br \/>\nSerious gentleman only and i will never ask for a deposit\u00a0<br \/>\nhope to meet soon<br \/>\nxoxo`<br \/>\ntu adicci\u00f3n<br \/>\n\u00a0\u00a1\u00a1\u00a1Hey chicos!!!<br \/>\n\u00a0\u00a1Soy Alona` una chica latina divertida y nueva en la ciudad! \u00a0\u00a1\u00a1\u00a1Estoy lista para la fiesta!!!<br \/>\n\u00a0Estoy disponible en cualquier momento para llamadas entrantes y salientes`<br \/>\n\u00a0Tambi\u00e9n estoy disponible por varias horas` noches` las fotos son 100% reales y recientes.<br \/>\n\u00a0S\u00f3lo caballeros serios y nunca pedir\u00e9 un dep\u00f3sito.<br \/>\n\u00a0espero encontrarnos pronto<br \/>\n\u00a0besos y abrazos<\/p>\n<p>        Service of Alona<br \/>\nColombiana visitando buena park<br \/>\n(669) 304-0498<br \/>\nOrange` US<\/p>\n","protected":false},"featured_media":40591,"comment_status":"open","ping_status":"closed","template":"","meta":{"site-sidebar-layout":"default","site-content-layout":"","ast-site-content-layout":"","site-content-style":"default","site-sidebar-style":"default","ast-global-header-display":"","ast-banner-title-visibility":"","ast-main-header-display":"","ast-hfb-above-header-display":"","ast-hfb-below-header-display":"","ast-hfb-mobile-header-display":"","site-post-title":"","ast-breadcrumbs-content":"","ast-featured-img":"","footer-sml-layout":"","theme-transparent-header-meta":"","adv-header-id-meta":"","stick-header-meta":"","header-above-stick-meta":"","header-main-stick-meta":"","header-below-stick-meta":"","astra-migrate-meta-layouts":"default","ast-page-background-enabled":"default","ast-page-background-meta":{"desktop":{"background-color":"var(--ast-global-color-4)","background-image":"","background-repeat":"repeat","background-position":"center center","background-size":"auto","background-attachment":"scroll","background-type":"","background-media":"","overlay-type":"","overlay-color":"","overlay-opacity":"","overlay-gradient":""},"tablet":{"background-color":"","background-image":"","background-repeat":"repeat","background-position":"center center","background-size":"auto","background-attachment":"scroll","background-type":"","background-media":"","overlay-type":"","overlay-color":"","overlay-opacity":"","overlay-gradient":""},"mobile":{"background-color":"","background-image":"","background-repeat":"repeat","background-position":"center center","background-size":"auto","background-attachment":"scroll","background-type":"","background-media":"","overlay-type":"","overlay-color":"","overlay-opacity":"","overlay-gradient":""}},"ast-content-background-meta":{"desktop":{"background-color":"var(--ast-global-color-5)","background-image":"","background-repeat":"repeat","background-position":"center center","background-size":"auto","background-attachment":"scroll","background-type":"","background-media":"","overlay-type":"","overlay-color":"","overlay-opacity":"","overlay-gradient":""},"tablet":{"background-color":"var(--ast-global-color-5)","background-image":"","background-repeat":"repeat","background-position":"center center","background-size":"auto","background-attachment":"scroll","background-type":"","background-media":"","overlay-type":"","overlay-color":"","overlay-opacity":"","overlay-gradient":""},"mobile":{"background-color":"var(--ast-global-color-5)","background-image":"","background-repeat":"repeat","background-position":"center center","background-size":"auto","background-attachment":"scroll","background-type":"","background-media":"","overlay-type":"","overlay-color":"","overlay-opacity":"","overlay-gradient":""}}},"product_brand":[],"product_cat":[188,533,448],"product_tag":[],"class_list":{"0":"post-47833","1":"product","2":"type-product","3":"status-publish","4":"has-post-thumbnail","6":"product_cat-freelancer","7":"product_cat-orange","8":"product_cat-us","9":"desktop-align-left","10":"tablet-align-left","11":"mobile-align-left","13":"first","14":"instock","15":"shipping-taxable","16":"product-type-simple"},"_links":{"self":[{"href":"https:\/\/poccky.com\/index.php\/wp-json\/wp\/v2\/product\/47833","targetHints":{"allow":["GET"]}}],"collection":[{"href":"https:\/\/poccky.com\/index.php\/wp-json\/wp\/v2\/product"}],"about":[{"href":"https:\/\/poccky.com\/index.php\/wp-json\/wp\/v2\/types\/product"}],"replies":[{"embeddable":true,"href":"https:\/\/poccky.com\/index.php\/wp-json\/wp\/v2\/comments?post=47833"}],"wp:featuredmedia":[{"embeddable":true,"href":"https:\/\/poccky.com\/index.php\/wp-json\/wp\/v2\/media\/40591"}],"wp:attachment":[{"href":"https:\/\/poccky.com\/index.php\/wp-json\/wp\/v2\/media?parent=47833"}],"wp:term":[{"taxonomy":"product_brand","embeddable":true,"href":"https:\/\/poccky.com\/index.php\/wp-json\/wp\/v2\/product_brand?post=47833"},{"taxonomy":"product_cat","embeddable":true,"href":"https:\/\/poccky.com\/index.php\/wp-json\/wp\/v2\/product_cat?post=47833"},{"taxonomy":"product_tag","embeddable":true,"href":"https:\/\/poccky.com\/index.php\/wp-json\/wp\/v2\/product_tag?post=47833"}],"curies":[{"name":"wp","href":"https:\/\/api.w.org\/{rel}","templated":true}]}}