{"id":356158,"date":"2024-03-06T21:51:20","date_gmt":"2024-03-06T21:51:20","guid":{"rendered":"https:\/\/poccky.com\/?post_type=product&#038;p=356158"},"modified":"2024-03-06T21:51:29","modified_gmt":"2024-03-06T21:51:29","slug":"ana-sofia","status":"publish","type":"product","link":"https:\/\/poccky.com\/index.php\/product\/ana-sofia\/","title":{"rendered":"Ana Sofia"},"content":{"rendered":"","protected":false},"excerpt":{"rendered":"<p>27 years old Female from Canc\u00fan, Mexico<br \/>\nHola soy ana sofia un modelo colombiano. Estoy en Playa del Carmen pero puedo ir a Canc\u00fan o Tulum. Te garantizo un servicio de primera y una experiencia \u00fanica. Soy una mujer que rezuma pasi\u00f3n, naturalidad adem\u00e1s de una experiencia \u00fanica. En eventos y reuniones elegancia aunada a una educaci\u00f3n impecable aunada a mi estilo acorde a la ocasi\u00f3n. Aprecio un hombre que entiende mis tarifas y mi tiempo m\u00ednimo de reserva. Respetando cada uno de ellos que no son negociables. \u00a1Soy 100% real e independiente y lo que ves es lo que obtienes! Puedo demostrarte eso. Soy igual a las fotos, haciendo un video con tu nombre (y mi perfil tambi\u00e9n est\u00e1 verificado) \ud83d\ude42 &#8211; quieres conocerme por favor escr\u00edbeme un mensaje al whatsapp. &#8211; Acepto pagos en ZELLE App y BANK OF AMERICA Ll\u00e1mame o env\u00edame mensaje de texto a mi WhatsApp o mensaje de texto a mi n\u00famero de tel\u00e9fono<\/p>\n<p>AVAILABILITY Incall, Outcall<br \/>\nETHNICITY Latin<br \/>\nNATIONALITY Colombian<br \/>\nEYE COLOR Green<br \/>\nHAIR COLOR Blonde<br \/>\nHAIR LENGTH Long<br \/>\nBUST SIZE Medium(B)<br \/>\nPARAMETERS 90-65-100 cm<br \/>\nPRIVATE AREA Shaved<br \/>\nSILICONES Yes<br \/>\nTATTOOS Yes<br \/>\nPIERCINGS Yes<br \/>\nHEIGHT 167cm<br \/>\nWEIGHT 62kg<br \/>\nBUILD Curvy<br \/>\nLOOKS Ultra Sexy<br \/>\nSMOKER No<br \/>\nEDUCATION Perfecta<br \/>\nSPORTS Gym<br \/>\nZODIAC SIGN Capricornio<br \/>\nSEXUAL ORIENTATION Hereroxesual<br \/>\nOCCUPATION Modelo y empresaria<\/p>\n<p>LANGUAGES SPOKEN:<br \/>\nESPA\u00d1OL:FluentINGL\u00c9S:Conversational<br \/>\nCONTACT INFO:<br \/>\nCity:Canc\u00fan<br \/>\nCountry:Mexico<br \/>\nPhone:+529842154791<br \/>\nI&#8217;m available on: Whatsapp<\/p>\n<p>SERVICES:<br \/>\nClassic<br \/>\nO-Level (Oral sex)<br \/>\nDT (Deep throat)<br \/>\nStriptease\/Lapdance<br \/>\nErotic massage<br \/>\nGolden shower active<br \/>\nGolden shower passive<br \/>\nCouples<br \/>\nSex toys<br \/>\nHandjob<br \/>\n69 (69 sex position)<br \/>\nSquirting<br \/>\nEXTRA SERVICES:<br \/>\nGFE ( Girlfriend experience )<\/p>\n<p>RATES:<br \/>\nIncall Outcall<br \/>\n1 hour 500 EUR<br \/>\n2 hours 800 EUR<\/p>\n","protected":false},"featured_media":356159,"comment_status":"open","ping_status":"closed","template":"","meta":{"site-sidebar-layout":"default","site-content-layout":"default","ast-site-content-layout":"","site-content-style":"default","site-sidebar-style":"default","ast-global-header-display":"","ast-banner-title-visibility":"","ast-main-header-display":"","ast-hfb-above-header-display":"","ast-hfb-below-header-display":"","ast-hfb-mobile-header-display":"","site-post-title":"","ast-breadcrumbs-content":"","ast-featured-img":"","footer-sml-layout":"","theme-transparent-header-meta":"default","adv-header-id-meta":"","stick-header-meta":"","header-above-stick-meta":"","header-main-stick-meta":"","header-below-stick-meta":"","astra-migrate-meta-layouts":"default","ast-page-background-enabled":"default","ast-page-background-meta":{"desktop":{"background-color":"var(--ast-global-color-4)","background-image":"","background-repeat":"repeat","background-position":"center center","background-size":"auto","background-attachment":"scroll","background-type":"","background-media":"","overlay-type":"","overlay-color":"","overlay-opacity":"","overlay-gradient":""},"tablet":{"background-color":"","background-image":"","background-repeat":"repeat","background-position":"center center","background-size":"auto","background-attachment":"scroll","background-type":"","background-media":"","overlay-type":"","overlay-color":"","overlay-opacity":"","overlay-gradient":""},"mobile":{"background-color":"","background-image":"","background-repeat":"repeat","background-position":"center center","background-size":"auto","background-attachment":"scroll","background-type":"","background-media":"","overlay-type":"","overlay-color":"","overlay-opacity":"","overlay-gradient":""}},"ast-content-background-meta":{"desktop":{"background-color":"var(--ast-global-color-5)","background-image":"","background-repeat":"repeat","background-position":"center center","background-size":"auto","background-attachment":"scroll","background-type":"","background-media":"","overlay-type":"","overlay-color":"","overlay-opacity":"","overlay-gradient":""},"tablet":{"background-color":"var(--ast-global-color-5)","background-image":"","background-repeat":"repeat","background-position":"center center","background-size":"auto","background-attachment":"scroll","background-type":"","background-media":"","overlay-type":"","overlay-color":"","overlay-opacity":"","overlay-gradient":""},"mobile":{"background-color":"var(--ast-global-color-5)","background-image":"","background-repeat":"repeat","background-position":"center center","background-size":"auto","background-attachment":"scroll","background-type":"","background-media":"","overlay-type":"","overlay-color":"","overlay-opacity":"","overlay-gradient":""}}},"product_brand":[],"product_cat":[1078,1081,188,416,1206,184],"product_tag":[],"class_list":{"0":"post-356158","1":"product","2":"type-product","3":"status-publish","4":"has-post-thumbnail","6":"product_cat-cancun","7":"product_cat-escorts","8":"product_cat-freelancer","9":"product_cat-mexico","10":"product_cat-services","11":"product_cat-lesbian","12":"desktop-align-left","13":"tablet-align-left","14":"mobile-align-left","16":"first","17":"instock","18":"shipping-taxable","19":"product-type-simple"},"_links":{"self":[{"href":"https:\/\/poccky.com\/index.php\/wp-json\/wp\/v2\/product\/356158","targetHints":{"allow":["GET"]}}],"collection":[{"href":"https:\/\/poccky.com\/index.php\/wp-json\/wp\/v2\/product"}],"about":[{"href":"https:\/\/poccky.com\/index.php\/wp-json\/wp\/v2\/types\/product"}],"replies":[{"embeddable":true,"href":"https:\/\/poccky.com\/index.php\/wp-json\/wp\/v2\/comments?post=356158"}],"wp:featuredmedia":[{"embeddable":true,"href":"https:\/\/poccky.com\/index.php\/wp-json\/wp\/v2\/media\/356159"}],"wp:attachment":[{"href":"https:\/\/poccky.com\/index.php\/wp-json\/wp\/v2\/media?parent=356158"}],"wp:term":[{"taxonomy":"product_brand","embeddable":true,"href":"https:\/\/poccky.com\/index.php\/wp-json\/wp\/v2\/product_brand?post=356158"},{"taxonomy":"product_cat","embeddable":true,"href":"https:\/\/poccky.com\/index.php\/wp-json\/wp\/v2\/product_cat?post=356158"},{"taxonomy":"product_tag","embeddable":true,"href":"https:\/\/poccky.com\/index.php\/wp-json\/wp\/v2\/product_tag?post=356158"}],"curies":[{"name":"wp","href":"https:\/\/api.w.org\/{rel}","templated":true}]}}