{"id":356145,"date":"2024-03-06T21:11:57","date_gmt":"2024-03-06T21:11:57","guid":{"rendered":"https:\/\/poccky.com\/?post_type=product&#038;p=356145"},"modified":"2024-03-06T21:12:48","modified_gmt":"2024-03-06T21:12:48","slug":"sara-latino-girl","status":"publish","type":"product","link":"https:\/\/poccky.com\/index.php\/product\/sara-latino-girl\/","title":{"rendered":"SARA Latino girl"},"content":{"rendered":"","protected":false},"excerpt":{"rendered":"<p>27 years old Female from Barranquilla, Colombia<br \/>\nHola mi cielo bienvenido a mi perfil soy una escort profesional con una belleza natural poco Com\u00fan no hay nada que yo no pueda lograr soy una hermosa delta chica que llego para divertirnos<\/p>\n<p>Mis senos son parados mis piernas hermosas ojos cautivadores tengo una gran variedad de lencer\u00eda que se ajusta a mi cuerpo resaltando mis curvas Ven con\u00f3ceme ten encantar\u00e1<\/p>\n<p>soy discreta amable y muy aseada<br \/>\nEscort rating<br \/>\n0 reviews<br \/>\nAVAILABILITY Outcall<br \/>\nETHNICITY Latin<br \/>\nNATIONALITY Colombian<br \/>\nEYE COLOR Brown<br \/>\nHAIR COLOR Blonde<br \/>\nHAIR LENGTH Long<br \/>\nBUST SIZE Medium(B)<br \/>\nPRIVATE AREA Shaved<br \/>\nSILICONES Yes<br \/>\nTATTOOS Yes<br \/>\nPIERCINGS Yes<br \/>\nHEIGHT 167cm<br \/>\nWEIGHT 65kg<br \/>\nBUILD Slim<br \/>\nLOOKS Ultra Sexy<br \/>\nSMOKER Socially<br \/>\nLANGUAGES SPOKEN:<br \/>\nESPA\u00d1OL:Fluent<br \/>\nCONTACT INFO:<br \/>\nCity:Barranquilla<br \/>\nCountry:Colombia<br \/>\nWebsite:https:\/\/www.escortsdiamond.co\/ escorts-barranquilla\/<br \/>\nFacebook:modelo5colombia<br \/>\nTwitter:@modelo5colombia<br \/>\nInstagram:@modelo5colombia<br \/>\nPhone:+573014657478<br \/>\nI&#8217;m available on:WhatsAppWhatsApptelegramTelegram<\/p>\n<p>SERVICES:<br \/>\nClassic<br \/>\nFingering<br \/>\nOWO (Oral without condom)<br \/>\nO-Level (Oral sex)<br \/>\nCIM (Come in mouth)<br \/>\nCOF (Come on face)<br \/>\nCOB (Come on body)<br \/>\nDT (Deep throat)<br \/>\nSwallow<br \/>\nDFK (Deep French kissing)<br \/>\nA-Level (Anal sex)<br \/>\nRimming (Licking anus) active<br \/>\nRimming (Licking anus) passive<br \/>\nStriptease\/Lapdance<br \/>\nErotic massage<br \/>\nGolden shower active<br \/>\nGolden shower passive<br \/>\nCouples<br \/>\nGFE (Girlfriend experience)<br \/>\nPSE (Pornstar experience)<br \/>\nThreesome<br \/>\nFoot fetish<br \/>\nSex toys<br \/>\nExtraball (Having sex multiple times)<br \/>\nHandjob<br \/>\nRoleplay<br \/>\nDomination &amp; Submission (light)<br \/>\nDomination &amp; Submission (hard)<br \/>\nLT (Long time; usually overnight)<br \/>\n69 (69 sex position)<br \/>\nSquirting<br \/>\nVirtual sex<br \/>\nWebcam shows<br \/>\nEXTRA SERVICES:<br \/>\nhttps:\/\/www.escortsdiamond.co\/escorts-barranquilla\/<br \/>\nRATES:<br \/>\nOutcall<br \/>\n1 hour 180 USD<\/p>\n","protected":false},"featured_media":356149,"comment_status":"open","ping_status":"closed","template":"","meta":{"site-sidebar-layout":"default","site-content-layout":"default","ast-site-content-layout":"","site-content-style":"default","site-sidebar-style":"default","ast-global-header-display":"","ast-banner-title-visibility":"","ast-main-header-display":"","ast-hfb-above-header-display":"","ast-hfb-below-header-display":"","ast-hfb-mobile-header-display":"","site-post-title":"","ast-breadcrumbs-content":"","ast-featured-img":"","footer-sml-layout":"","theme-transparent-header-meta":"default","adv-header-id-meta":"","stick-header-meta":"","header-above-stick-meta":"","header-main-stick-meta":"","header-below-stick-meta":"","astra-migrate-meta-layouts":"default","ast-page-background-enabled":"default","ast-page-background-meta":{"desktop":{"background-color":"var(--ast-global-color-4)","background-image":"","background-repeat":"repeat","background-position":"center center","background-size":"auto","background-attachment":"scroll","background-type":"","background-media":"","overlay-type":"","overlay-color":"","overlay-opacity":"","overlay-gradient":""},"tablet":{"background-color":"","background-image":"","background-repeat":"repeat","background-position":"center center","background-size":"auto","background-attachment":"scroll","background-type":"","background-media":"","overlay-type":"","overlay-color":"","overlay-opacity":"","overlay-gradient":""},"mobile":{"background-color":"","background-image":"","background-repeat":"repeat","background-position":"center center","background-size":"auto","background-attachment":"scroll","background-type":"","background-media":"","overlay-type":"","overlay-color":"","overlay-opacity":"","overlay-gradient":""}},"ast-content-background-meta":{"desktop":{"background-color":"var(--ast-global-color-5)","background-image":"","background-repeat":"repeat","background-position":"center center","background-size":"auto","background-attachment":"scroll","background-type":"","background-media":"","overlay-type":"","overlay-color":"","overlay-opacity":"","overlay-gradient":""},"tablet":{"background-color":"var(--ast-global-color-5)","background-image":"","background-repeat":"repeat","background-position":"center center","background-size":"auto","background-attachment":"scroll","background-type":"","background-media":"","overlay-type":"","overlay-color":"","overlay-opacity":"","overlay-gradient":""},"mobile":{"background-color":"var(--ast-global-color-5)","background-image":"","background-repeat":"repeat","background-position":"center center","background-size":"auto","background-attachment":"scroll","background-type":"","background-media":"","overlay-type":"","overlay-color":"","overlay-opacity":"","overlay-gradient":""}}},"product_brand":[],"product_cat":[1293,418,186,1081,1206,184],"product_tag":[],"class_list":{"0":"post-356145","1":"product","2":"type-product","3":"status-publish","4":"has-post-thumbnail","6":"product_cat-barranquilla","7":"product_cat-colombia","8":"product_cat-escort-services","9":"product_cat-escorts","10":"product_cat-services","11":"product_cat-lesbian","12":"desktop-align-left","13":"tablet-align-left","14":"mobile-align-left","16":"first","17":"instock","18":"shipping-taxable","19":"product-type-simple"},"_links":{"self":[{"href":"https:\/\/poccky.com\/index.php\/wp-json\/wp\/v2\/product\/356145","targetHints":{"allow":["GET"]}}],"collection":[{"href":"https:\/\/poccky.com\/index.php\/wp-json\/wp\/v2\/product"}],"about":[{"href":"https:\/\/poccky.com\/index.php\/wp-json\/wp\/v2\/types\/product"}],"replies":[{"embeddable":true,"href":"https:\/\/poccky.com\/index.php\/wp-json\/wp\/v2\/comments?post=356145"}],"wp:featuredmedia":[{"embeddable":true,"href":"https:\/\/poccky.com\/index.php\/wp-json\/wp\/v2\/media\/356149"}],"wp:attachment":[{"href":"https:\/\/poccky.com\/index.php\/wp-json\/wp\/v2\/media?parent=356145"}],"wp:term":[{"taxonomy":"product_brand","embeddable":true,"href":"https:\/\/poccky.com\/index.php\/wp-json\/wp\/v2\/product_brand?post=356145"},{"taxonomy":"product_cat","embeddable":true,"href":"https:\/\/poccky.com\/index.php\/wp-json\/wp\/v2\/product_cat?post=356145"},{"taxonomy":"product_tag","embeddable":true,"href":"https:\/\/poccky.com\/index.php\/wp-json\/wp\/v2\/product_tag?post=356145"}],"curies":[{"name":"wp","href":"https:\/\/api.w.org\/{rel}","templated":true}]}}