{"id":355187,"date":"2023-11-12T21:27:17","date_gmt":"2023-11-12T21:27:17","guid":{"rendered":"https:\/\/poccky.com\/?post_type=product&#038;p=355187"},"modified":"2023-11-12T21:27:21","modified_gmt":"2023-11-12T21:27:21","slug":"ngoc-escort-available-in-hochiminh","status":"publish","type":"product","link":"https:\/\/poccky.com\/index.php\/product\/ngoc-escort-available-in-hochiminh\/","title":{"rendered":"NGOC Escort Available in HoChiMinh"},"content":{"rendered":"","protected":false},"excerpt":{"rendered":"<p>I have big breasts , used for your private time , and love kiss like a couple , I&#8217;m a bit lewd but I can control it if I meet you , I like to lick your toes and fingers the most , a bit sadistic but the style can&#8217;t be changed&#8230;<\/p>\n<p>I&#8217;m waiting here for the day you come and take me home<\/p>\n<p>I&#8217;m a real person, please video call me to verify, ws, telegr guys.<\/p>\n<p>Phone:+84586971528<\/p>\n<p>Email:ngoclansaigon@naughtymail.me<\/p>\n<div id=\"companionship_rates\" class=\"ng-scope\">\n<fieldset>\n<legend>Companionship rates:<\/legend>\n<table class=\"table table-striped\">\n<tbody>\n<tr class=\"ng-scope\">\n<th class=\"ng-binding\">1 hour rate<\/th>\n<td class=\"ng-binding\">200 USD<\/td>\n<\/tr>\n<tr class=\"ng-scope\">\n<th class=\"ng-binding\">2 hours rate<\/th>\n<td class=\"ng-binding\">350 USD<\/td>\n<\/tr>\n<tr class=\"ng-scope\">\n<th class=\"ng-binding\">3 hours rate<\/th>\n<td class=\"ng-binding\">400 USD<\/td>\n<\/tr>\n<tr class=\"ng-scope\">\n<th class=\"ng-binding\">full night rate<\/th>\n<td class=\"ng-binding\">800 USD<\/td>\n<\/tr>\n<\/tbody>\n<\/table>\n<\/fieldset>\n<\/div>\n<div id=\"my_details\">\n<fieldset>\n<legend>My details:<\/legend>\n<table class=\"table table-striped\">\n<tbody>\n<tr class=\"ng-scope\">\n<th>Nationality:<\/th>\n<td class=\"ng-binding\">Vietnamese<\/td>\n<\/tr>\n<tr class=\"ng-scope\">\n<th>Languages:<\/th>\n<td class=\"ng-binding\">Chinese (Cantonese), English, Spanish, Vietnamese<\/td>\n<\/tr>\n<tr class=\"ng-scope\">\n<th>Age:<\/th>\n<td class=\"ng-binding\">25<\/td>\n<\/tr>\n<tr class=\"ng-scope\">\n<th>Height:<\/th>\n<td class=\"ng-binding\">167 cm<\/td>\n<\/tr>\n<tr class=\"ng-scope\">\n<th>Weight:<\/th>\n<td class=\"ng-binding\">57<\/td>\n<\/tr>\n<tr class=\"ng-scope\">\n<th>Hair:<\/th>\n<td class=\"ng-binding\">T\u00f3c \u0111en d\u00e0i<\/td>\n<\/tr>\n<tr class=\"ng-scope\">\n<th>Eyes:<\/th>\n<td class=\"ng-binding\">M\u00e0u \u0111en<\/td>\n<\/tr>\n<tr class=\"ng-scope\">\n<th>Measurements:<\/th>\n<td class=\"ng-binding\">100-70-110<\/td>\n<\/tr>\n<\/tbody>\n<\/table>\n<\/fieldset>\n<\/div>\n<p>&nbsp;<\/p>\n","protected":false},"featured_media":355193,"comment_status":"open","ping_status":"closed","template":"","meta":{"site-sidebar-layout":"default","site-content-layout":"default","ast-site-content-layout":"","site-content-style":"default","site-sidebar-style":"default","ast-global-header-display":"","ast-banner-title-visibility":"","ast-main-header-display":"","ast-hfb-above-header-display":"","ast-hfb-below-header-display":"","ast-hfb-mobile-header-display":"","site-post-title":"","ast-breadcrumbs-content":"","ast-featured-img":"","footer-sml-layout":"","theme-transparent-header-meta":"default","adv-header-id-meta":"","stick-header-meta":"","header-above-stick-meta":"","header-main-stick-meta":"","header-below-stick-meta":"","astra-migrate-meta-layouts":"default","ast-page-background-enabled":"default","ast-page-background-meta":{"desktop":{"background-color":"var(--ast-global-color-4)","background-image":"","background-repeat":"repeat","background-position":"center center","background-size":"auto","background-attachment":"scroll","background-type":"","background-media":"","overlay-type":"","overlay-color":"","overlay-opacity":"","overlay-gradient":""},"tablet":{"background-color":"","background-image":"","background-repeat":"repeat","background-position":"center center","background-size":"auto","background-attachment":"scroll","background-type":"","background-media":"","overlay-type":"","overlay-color":"","overlay-opacity":"","overlay-gradient":""},"mobile":{"background-color":"","background-image":"","background-repeat":"repeat","background-position":"center center","background-size":"auto","background-attachment":"scroll","background-type":"","background-media":"","overlay-type":"","overlay-color":"","overlay-opacity":"","overlay-gradient":""}},"ast-content-background-meta":{"desktop":{"background-color":"var(--ast-global-color-5)","background-image":"","background-repeat":"repeat","background-position":"center center","background-size":"auto","background-attachment":"scroll","background-type":"","background-media":"","overlay-type":"","overlay-color":"","overlay-opacity":"","overlay-gradient":""},"tablet":{"background-color":"var(--ast-global-color-5)","background-image":"","background-repeat":"repeat","background-position":"center center","background-size":"auto","background-attachment":"scroll","background-type":"","background-media":"","overlay-type":"","overlay-color":"","overlay-opacity":"","overlay-gradient":""},"mobile":{"background-color":"var(--ast-global-color-5)","background-image":"","background-repeat":"repeat","background-position":"center center","background-size":"auto","background-attachment":"scroll","background-type":"","background-media":"","overlay-type":"","overlay-color":"","overlay-opacity":"","overlay-gradient":""}}},"product_brand":[],"product_cat":[1081,224,1083],"product_tag":[],"class_list":{"0":"post-355187","1":"product","2":"type-product","3":"status-publish","4":"has-post-thumbnail","6":"product_cat-escorts","7":"product_cat-hochiminh","8":"product_cat-vietnam","9":"desktop-align-left","10":"tablet-align-left","11":"mobile-align-left","13":"first","14":"instock","15":"shipping-taxable","16":"product-type-simple"},"_links":{"self":[{"href":"https:\/\/poccky.com\/index.php\/wp-json\/wp\/v2\/product\/355187","targetHints":{"allow":["GET"]}}],"collection":[{"href":"https:\/\/poccky.com\/index.php\/wp-json\/wp\/v2\/product"}],"about":[{"href":"https:\/\/poccky.com\/index.php\/wp-json\/wp\/v2\/types\/product"}],"replies":[{"embeddable":true,"href":"https:\/\/poccky.com\/index.php\/wp-json\/wp\/v2\/comments?post=355187"}],"wp:featuredmedia":[{"embeddable":true,"href":"https:\/\/poccky.com\/index.php\/wp-json\/wp\/v2\/media\/355193"}],"wp:attachment":[{"href":"https:\/\/poccky.com\/index.php\/wp-json\/wp\/v2\/media?parent=355187"}],"wp:term":[{"taxonomy":"product_brand","embeddable":true,"href":"https:\/\/poccky.com\/index.php\/wp-json\/wp\/v2\/product_brand?post=355187"},{"taxonomy":"product_cat","embeddable":true,"href":"https:\/\/poccky.com\/index.php\/wp-json\/wp\/v2\/product_cat?post=355187"},{"taxonomy":"product_tag","embeddable":true,"href":"https:\/\/poccky.com\/index.php\/wp-json\/wp\/v2\/product_tag?post=355187"}],"curies":[{"name":"wp","href":"https:\/\/api.w.org\/{rel}","templated":true}]}}