{"id":354262,"date":"2023-11-09T08:44:18","date_gmt":"2023-11-09T08:44:18","guid":{"rendered":"https:\/\/poccky.com\/?post_type=product&#038;p=354262"},"modified":"2023-11-09T08:44:29","modified_gmt":"2023-11-09T08:44:29","slug":"margo-44","status":"publish","type":"product","link":"https:\/\/poccky.com\/index.php\/product\/margo-44\/","title":{"rendered":"MARGO"},"content":{"rendered":"","protected":false},"excerpt":{"rendered":"<p>Je suis Intelligente et Sexy compagnon. vous avez frapp\u00e9 \u00e0 la bonne place&#8230;<br \/>\nQuand il s&#8217;agit de ce que Vous souhaitez je suis tr\u00e8s ouvert d&#8217;esprit et pr\u00eat \u00e0 explorer de nouvelles avenues de Plaisir avec vous. Vous pouvez \u00eatre assur\u00e9 que vous obtiendrez des spectacles de Qualit\u00e9. d&#8217;une jeune Fille qui est \u00c9l\u00e9gant. Exotique. Sensuelle et Toujours prendre Soin de vos Besoins!<br \/>\nSi vous avez une demande particuli\u00e8re n&#8217;h\u00e9sitez pas \u00e0 demander&#8230; je suis s\u00fbr que l&#8217;on peut travailler en fonction de vos besoins. My details Below mentioned<\/p>\n<p>                Nationality:<br \/>\n                Czech <\/p>\n<p>                Languages:<br \/>\n                English. French<\/p>\n<p>                Age:<br \/>\n                21<\/p>\n<p>                Height:<br \/>\n                168<\/p>\n<p>                Weight:<br \/>\n                49<\/p>\n<p>                Hair:<br \/>\n                Black<\/p>\n<p>                Eyes:<br \/>\n                Brown<\/p>\n<p>                Measurements:<br \/>\n                93-60-92Companionship rates:<\/p>\n<p>                  1 hour rate<br \/>\n                  250 EUR<\/p>\n<p>                  2 hours rate<br \/>\n                  450 EUR<\/p>\n<p>                  3 hours rate<br \/>\n                  650 EUR<\/p>\n","protected":false},"featured_media":0,"comment_status":"open","ping_status":"closed","template":"","meta":{"site-sidebar-layout":"default","site-content-layout":"","ast-site-content-layout":"","site-content-style":"default","site-sidebar-style":"default","ast-global-header-display":"","ast-banner-title-visibility":"","ast-main-header-display":"","ast-hfb-above-header-display":"","ast-hfb-below-header-display":"","ast-hfb-mobile-header-display":"","site-post-title":"","ast-breadcrumbs-content":"","ast-featured-img":"","footer-sml-layout":"","theme-transparent-header-meta":"","adv-header-id-meta":"","stick-header-meta":"","header-above-stick-meta":"","header-main-stick-meta":"","header-below-stick-meta":"","astra-migrate-meta-layouts":"default","ast-page-background-enabled":"default","ast-page-background-meta":{"desktop":{"background-color":"var(--ast-global-color-4)","background-image":"","background-repeat":"repeat","background-position":"center center","background-size":"auto","background-attachment":"scroll","background-type":"","background-media":"","overlay-type":"","overlay-color":"","overlay-opacity":"","overlay-gradient":""},"tablet":{"background-color":"","background-image":"","background-repeat":"repeat","background-position":"center center","background-size":"auto","background-attachment":"scroll","background-type":"","background-media":"","overlay-type":"","overlay-color":"","overlay-opacity":"","overlay-gradient":""},"mobile":{"background-color":"","background-image":"","background-repeat":"repeat","background-position":"center center","background-size":"auto","background-attachment":"scroll","background-type":"","background-media":"","overlay-type":"","overlay-color":"","overlay-opacity":"","overlay-gradient":""}},"ast-content-background-meta":{"desktop":{"background-color":"var(--ast-global-color-5)","background-image":"","background-repeat":"repeat","background-position":"center center","background-size":"auto","background-attachment":"scroll","background-type":"","background-media":"","overlay-type":"","overlay-color":"","overlay-opacity":"","overlay-gradient":""},"tablet":{"background-color":"var(--ast-global-color-5)","background-image":"","background-repeat":"repeat","background-position":"center center","background-size":"auto","background-attachment":"scroll","background-type":"","background-media":"","overlay-type":"","overlay-color":"","overlay-opacity":"","overlay-gradient":""},"mobile":{"background-color":"var(--ast-global-color-5)","background-image":"","background-repeat":"repeat","background-position":"center center","background-size":"auto","background-attachment":"scroll","background-type":"","background-media":"","overlay-type":"","overlay-color":"","overlay-opacity":"","overlay-gradient":""}}},"product_brand":[],"product_cat":[244,188,1118],"product_tag":[],"class_list":{"0":"post-354262","1":"product","2":"type-product","3":"status-publish","5":"product_cat-france","6":"product_cat-freelancer","7":"product_cat-paris","8":"desktop-align-left","9":"tablet-align-left","10":"mobile-align-left","12":"first","13":"instock","14":"shipping-taxable","15":"product-type-simple"},"_links":{"self":[{"href":"https:\/\/poccky.com\/index.php\/wp-json\/wp\/v2\/product\/354262","targetHints":{"allow":["GET"]}}],"collection":[{"href":"https:\/\/poccky.com\/index.php\/wp-json\/wp\/v2\/product"}],"about":[{"href":"https:\/\/poccky.com\/index.php\/wp-json\/wp\/v2\/types\/product"}],"replies":[{"embeddable":true,"href":"https:\/\/poccky.com\/index.php\/wp-json\/wp\/v2\/comments?post=354262"}],"wp:attachment":[{"href":"https:\/\/poccky.com\/index.php\/wp-json\/wp\/v2\/media?parent=354262"}],"wp:term":[{"taxonomy":"product_brand","embeddable":true,"href":"https:\/\/poccky.com\/index.php\/wp-json\/wp\/v2\/product_brand?post=354262"},{"taxonomy":"product_cat","embeddable":true,"href":"https:\/\/poccky.com\/index.php\/wp-json\/wp\/v2\/product_cat?post=354262"},{"taxonomy":"product_tag","embeddable":true,"href":"https:\/\/poccky.com\/index.php\/wp-json\/wp\/v2\/product_tag?post=354262"}],"curies":[{"name":"wp","href":"https:\/\/api.w.org\/{rel}","templated":true}]}}