{"id":353736,"date":"2023-11-09T06:26:51","date_gmt":"2023-11-09T06:26:51","guid":{"rendered":"https:\/\/poccky.com\/?post_type=product&#038;p=353736"},"modified":"2023-11-09T06:27:02","modified_gmt":"2023-11-09T06:27:02","slug":"sofi-16","status":"publish","type":"product","link":"https:\/\/poccky.com\/index.php\/product\/sofi-16\/","title":{"rendered":"Sofi"},"content":{"rendered":"","protected":false},"excerpt":{"rendered":"<p>BONJOUR RDV UNIQUEMENT PAR TEXTO APRES AVOIR ECOUTER LE REPONDEUR SOYEZ CONCIS PRECIS ET DIRECT SINON JE NE PREND PAS EN COMPTE MERCI salut je suis  une tres jolie  EUROPEAN GIRL et ESCORTE tres classe  .jeune et fraiche aux mensurations de reve et charme exotique . blonde elanc\u00e9e grande et mince . peau lisse et ferme dor\u00e9e .poitrine naturelle et magnifique corps de reve .Je suis une femme active et passion\u00e9e pour tout un tas de chose . jaime partager des moments de plaisirs et de jouissance ou se melent desirs . volupt\u00e9 et prete a distraire et agrementer vos soir\u00e9es de plaisir et de sensualit\u00e9 . je recois dans un cadre discret et tamis\u00e9 propice a la relaxation ou tout autre chose;)PS: mes photos sont r\u00e9elles. non retouch\u00e9es merci de ne pas me le redemander!?PS: Je suis disponible et ouverte aux hommes respectueux. gentlemen .courtois avec hygiene irreprochable et avec une r\u00e9elle motivation de rencontre et de l&#8217;enthousiasme&#8230;les autres. passez votre chemin svp  PS: Je vous demanderai simplement de respecter vos engagements (quant aux rdv fixes) mon temps est aussi precieux que le votre! Tout rdv fix\u00e9. doit etre confirm\u00e9 1h avant faute de quoi je serai oblig\u00e9e de l.annuler. Les num\u00e9ros appelants provoquants des lapins seront enregistr\u00e9s et les appels suivants seront refus\u00e9s&#8230;.je suis s\u00e9rieuse et  attend la reciproque de votre part. My details Below mentioned<\/p>\n<p>                Nationality:<br \/>\n                Cypriot <\/p>\n<p>                Languages:<br \/>\n                English<\/p>\n<p>                Age:<br \/>\n                22<\/p>\n<p>                Height:<br \/>\n                172<\/p>\n<p>                Weight:<br \/>\n                54<\/p>\n<p>                Hair:<br \/>\n                Blonde<\/p>\n<p>                Eyes:<br \/>\n                BlueCompanionship rates:<\/p>\n<p>                  1 hour rate<br \/>\n                  300 EUR<\/p>\n<p>                  2 hours rate<br \/>\n                  550 EUR<\/p>\n<p>                  3 hours rate<br \/>\n                  700 EUR<\/p>\n<p>                  full night rate<br \/>\n                  1500 EUR<\/p>\n","protected":false},"featured_media":177453,"comment_status":"open","ping_status":"closed","template":"","meta":{"site-sidebar-layout":"default","site-content-layout":"","ast-site-content-layout":"","site-content-style":"default","site-sidebar-style":"default","ast-global-header-display":"","ast-banner-title-visibility":"","ast-main-header-display":"","ast-hfb-above-header-display":"","ast-hfb-below-header-display":"","ast-hfb-mobile-header-display":"","site-post-title":"","ast-breadcrumbs-content":"","ast-featured-img":"","footer-sml-layout":"","theme-transparent-header-meta":"","adv-header-id-meta":"","stick-header-meta":"","header-above-stick-meta":"","header-main-stick-meta":"","header-below-stick-meta":"","astra-migrate-meta-layouts":"default","ast-page-background-enabled":"default","ast-page-background-meta":{"desktop":{"background-color":"var(--ast-global-color-4)","background-image":"","background-repeat":"repeat","background-position":"center center","background-size":"auto","background-attachment":"scroll","background-type":"","background-media":"","overlay-type":"","overlay-color":"","overlay-opacity":"","overlay-gradient":""},"tablet":{"background-color":"","background-image":"","background-repeat":"repeat","background-position":"center center","background-size":"auto","background-attachment":"scroll","background-type":"","background-media":"","overlay-type":"","overlay-color":"","overlay-opacity":"","overlay-gradient":""},"mobile":{"background-color":"","background-image":"","background-repeat":"repeat","background-position":"center center","background-size":"auto","background-attachment":"scroll","background-type":"","background-media":"","overlay-type":"","overlay-color":"","overlay-opacity":"","overlay-gradient":""}},"ast-content-background-meta":{"desktop":{"background-color":"var(--ast-global-color-5)","background-image":"","background-repeat":"repeat","background-position":"center center","background-size":"auto","background-attachment":"scroll","background-type":"","background-media":"","overlay-type":"","overlay-color":"","overlay-opacity":"","overlay-gradient":""},"tablet":{"background-color":"var(--ast-global-color-5)","background-image":"","background-repeat":"repeat","background-position":"center center","background-size":"auto","background-attachment":"scroll","background-type":"","background-media":"","overlay-type":"","overlay-color":"","overlay-opacity":"","overlay-gradient":""},"mobile":{"background-color":"var(--ast-global-color-5)","background-image":"","background-repeat":"repeat","background-position":"center center","background-size":"auto","background-attachment":"scroll","background-type":"","background-media":"","overlay-type":"","overlay-color":"","overlay-opacity":"","overlay-gradient":""}}},"product_brand":[],"product_cat":[244,188,1118],"product_tag":[],"class_list":{"0":"post-353736","1":"product","2":"type-product","3":"status-publish","4":"has-post-thumbnail","6":"product_cat-france","7":"product_cat-freelancer","8":"product_cat-paris","9":"desktop-align-left","10":"tablet-align-left","11":"mobile-align-left","13":"first","14":"instock","15":"shipping-taxable","16":"product-type-simple"},"_links":{"self":[{"href":"https:\/\/poccky.com\/index.php\/wp-json\/wp\/v2\/product\/353736","targetHints":{"allow":["GET"]}}],"collection":[{"href":"https:\/\/poccky.com\/index.php\/wp-json\/wp\/v2\/product"}],"about":[{"href":"https:\/\/poccky.com\/index.php\/wp-json\/wp\/v2\/types\/product"}],"replies":[{"embeddable":true,"href":"https:\/\/poccky.com\/index.php\/wp-json\/wp\/v2\/comments?post=353736"}],"wp:featuredmedia":[{"embeddable":true,"href":"https:\/\/poccky.com\/index.php\/wp-json\/wp\/v2\/media\/177453"}],"wp:attachment":[{"href":"https:\/\/poccky.com\/index.php\/wp-json\/wp\/v2\/media?parent=353736"}],"wp:term":[{"taxonomy":"product_brand","embeddable":true,"href":"https:\/\/poccky.com\/index.php\/wp-json\/wp\/v2\/product_brand?post=353736"},{"taxonomy":"product_cat","embeddable":true,"href":"https:\/\/poccky.com\/index.php\/wp-json\/wp\/v2\/product_cat?post=353736"},{"taxonomy":"product_tag","embeddable":true,"href":"https:\/\/poccky.com\/index.php\/wp-json\/wp\/v2\/product_tag?post=353736"}],"curies":[{"name":"wp","href":"https:\/\/api.w.org\/{rel}","templated":true}]}}