{"id":353405,"date":"2023-11-09T05:02:22","date_gmt":"2023-11-09T05:02:22","guid":{"rendered":"https:\/\/poccky.com\/?post_type=product&#038;p=353405"},"modified":"2023-11-09T05:02:26","modified_gmt":"2023-11-09T05:02:26","slug":"ung-och-sexig-2","status":"publish","type":"product","link":"https:\/\/poccky.com\/index.php\/product\/ung-och-sexig-2\/","title":{"rendered":"Ung Och Sexig"},"content":{"rendered":"","protected":false},"excerpt":{"rendered":"<p>Hejsan!<\/p>\n<p>Jag \u00e4r riktigt tajt och sk\u00f6n vilket medf\u00f6r att du kommer att f\u00e5 en h\u00e4rlig sexupplevelse. Min kropp \u00e4r ung och fr\u00e4sch och jag \u00e4r endast 23 \u00e5r gammal. Jag \u00e4r 158 cm och v\u00e4ger 55 kg. Jag har en smal midja. naturliga D-kupor och en fast rumpa. Folk i allm\u00e4nhet anser att jag \u00e4r v\u00e4ldigt s\u00f6t och vacker. Jag har fylliga l\u00e4ppar. ljusbrun hy och brunt. l\u00e5ngt h\u00e5r. Om du \u00f6nskar se fler bilder kan du skicka ett mejl till mig.<\/p>\n<p>Var<br \/>\nJag har ett eget st\u00e4lle p\u00e5 Kungsholmen i Stockholm och vi kan endast ses hos mig. Du f\u00e5r min exakta adress en timme innan bokad tid. Vi kan ej vara hos dig eller p\u00e5 ett hotellrum. Vissa dagar \u00e4r jag tillg\u00e4nglig 09.00-17.00. Andra dagar \u00e4r jag tillg\u00e4nglig 13.00-21.00.<\/p>\n<p>Krav p\u00e5 dig<br \/>\nDu m\u00e5ste ha bott i Sverige i minst fem \u00e5r och tala korrekt svenska. Jag tr\u00e4ffar inte oskulder. Din penis f\u00e5r ej vara \u00f6ver 20 cm eller alltf\u00f6r tjock.<\/p>\n<p>Kontaktinfo<br \/>\nVar sn\u00e4ll och ring ej p\u00e5 dolt nummer. Om du mejlar mi.G var v\u00e4nlig och uppge ditt telefonnummer eftersom det annars ej sker n\u00e5gon bokning. H\u00f6r av dig p\u00e5 0704491068 eller sandra_sanden.outlook.com.<\/p>\n<p>Puss! My details Below mentioned<\/p>\n<p>                Nationality:<br \/>\n                Swedish <\/p>\n<p>                Languages:<br \/>\n                English. Swedish<\/p>\n<p>                Age:<br \/>\n                23<\/p>\n<p>                Height:<br \/>\n                158 cm<\/p>\n<p>                Weight:<br \/>\n                55<\/p>\n<p>                Hair:<br \/>\n                Long brown hair<\/p>\n<p>                Eyes:<br \/>\n                Brown<\/p>\n<p>                Measurements:<br \/>\n                90-67-97phone_call me Phone:<br \/>\n          0704491068Companionship rates:<\/p>\n<p>                  1 hour rate<br \/>\n                  2499 SEK<\/p>\n<p>                  2 hours rate<br \/>\n                  3999 SEK<\/p>\n","protected":false},"featured_media":179826,"comment_status":"open","ping_status":"closed","template":"","meta":{"site-sidebar-layout":"default","site-content-layout":"","ast-site-content-layout":"","site-content-style":"default","site-sidebar-style":"default","ast-global-header-display":"","ast-banner-title-visibility":"","ast-main-header-display":"","ast-hfb-above-header-display":"","ast-hfb-below-header-display":"","ast-hfb-mobile-header-display":"","site-post-title":"","ast-breadcrumbs-content":"","ast-featured-img":"","footer-sml-layout":"","theme-transparent-header-meta":"","adv-header-id-meta":"","stick-header-meta":"","header-above-stick-meta":"","header-main-stick-meta":"","header-below-stick-meta":"","astra-migrate-meta-layouts":"default","ast-page-background-enabled":"default","ast-page-background-meta":{"desktop":{"background-color":"var(--ast-global-color-4)","background-image":"","background-repeat":"repeat","background-position":"center center","background-size":"auto","background-attachment":"scroll","background-type":"","background-media":"","overlay-type":"","overlay-color":"","overlay-opacity":"","overlay-gradient":""},"tablet":{"background-color":"","background-image":"","background-repeat":"repeat","background-position":"center center","background-size":"auto","background-attachment":"scroll","background-type":"","background-media":"","overlay-type":"","overlay-color":"","overlay-opacity":"","overlay-gradient":""},"mobile":{"background-color":"","background-image":"","background-repeat":"repeat","background-position":"center center","background-size":"auto","background-attachment":"scroll","background-type":"","background-media":"","overlay-type":"","overlay-color":"","overlay-opacity":"","overlay-gradient":""}},"ast-content-background-meta":{"desktop":{"background-color":"var(--ast-global-color-5)","background-image":"","background-repeat":"repeat","background-position":"center center","background-size":"auto","background-attachment":"scroll","background-type":"","background-media":"","overlay-type":"","overlay-color":"","overlay-opacity":"","overlay-gradient":""},"tablet":{"background-color":"var(--ast-global-color-5)","background-image":"","background-repeat":"repeat","background-position":"center center","background-size":"auto","background-attachment":"scroll","background-type":"","background-media":"","overlay-type":"","overlay-color":"","overlay-opacity":"","overlay-gradient":""},"mobile":{"background-color":"var(--ast-global-color-5)","background-image":"","background-repeat":"repeat","background-position":"center center","background-size":"auto","background-attachment":"scroll","background-type":"","background-media":"","overlay-type":"","overlay-color":"","overlay-opacity":"","overlay-gradient":""}}},"product_brand":[],"product_cat":[188,1115,957],"product_tag":[],"class_list":{"0":"post-353405","1":"product","2":"type-product","3":"status-publish","4":"has-post-thumbnail","6":"product_cat-freelancer","7":"product_cat-stockholm","8":"product_cat-sweden","9":"desktop-align-left","10":"tablet-align-left","11":"mobile-align-left","13":"first","14":"instock","15":"shipping-taxable","16":"product-type-simple"},"_links":{"self":[{"href":"https:\/\/poccky.com\/index.php\/wp-json\/wp\/v2\/product\/353405","targetHints":{"allow":["GET"]}}],"collection":[{"href":"https:\/\/poccky.com\/index.php\/wp-json\/wp\/v2\/product"}],"about":[{"href":"https:\/\/poccky.com\/index.php\/wp-json\/wp\/v2\/types\/product"}],"replies":[{"embeddable":true,"href":"https:\/\/poccky.com\/index.php\/wp-json\/wp\/v2\/comments?post=353405"}],"wp:featuredmedia":[{"embeddable":true,"href":"https:\/\/poccky.com\/index.php\/wp-json\/wp\/v2\/media\/179826"}],"wp:attachment":[{"href":"https:\/\/poccky.com\/index.php\/wp-json\/wp\/v2\/media?parent=353405"}],"wp:term":[{"taxonomy":"product_brand","embeddable":true,"href":"https:\/\/poccky.com\/index.php\/wp-json\/wp\/v2\/product_brand?post=353405"},{"taxonomy":"product_cat","embeddable":true,"href":"https:\/\/poccky.com\/index.php\/wp-json\/wp\/v2\/product_cat?post=353405"},{"taxonomy":"product_tag","embeddable":true,"href":"https:\/\/poccky.com\/index.php\/wp-json\/wp\/v2\/product_tag?post=353405"}],"curies":[{"name":"wp","href":"https:\/\/api.w.org\/{rel}","templated":true}]}}