{"id":352495,"date":"2023-11-09T01:08:49","date_gmt":"2023-11-09T01:08:49","guid":{"rendered":"https:\/\/poccky.com\/?post_type=product&#038;p=352495"},"modified":"2023-11-09T01:08:54","modified_gmt":"2023-11-09T01:08:54","slug":"amy-114","status":"publish","type":"product","link":"https:\/\/poccky.com\/index.php\/product\/amy-114\/","title":{"rendered":"Amy"},"content":{"rendered":"","protected":false},"excerpt":{"rendered":"<p>Hej alla seri\u00f6sa gentlemen<\/p>\n<p>Om du \u00e4r sugen p\u00e5 lite bus s\u00e5 ta d\u00e5 och ring till mig. Gillar het och h\u00e4rlig sex i olika positioner. \u00c4r du sugen p\u00e5 mys och GFE s\u00e5 tar jag g\u00e4rna hand om dig och ser till att du blir ordentligt tillfredsst\u00e4lld. Jag \u00e4r en kvinna p\u00e5 tjugosju \u00e5r med ett vackert ansikte och en sexig kropp. Mina br\u00f6st \u00e4r k\u00e4nsliga och sk\u00f6na och du f\u00e5r g\u00e4rna knulla dem. All pententration sker med kondom men om du \u00e4r fr\u00e4sch kan jag t\u00e4nka mig att suga din kuk utan. Jag erbjuder inte outcall men du \u00e4r v\u00e4lkommen att tr\u00e4ffa mig p\u00e5 mitt egna mysiga st\u00e4lle i Stockholm.<\/p>\n<p>S\u00e5 ring mig om du gillar att bli omh\u00e4ndertagen av l\u00e5nga. slanka. blonda kvinnor.Tala om vad du gillar s\u00e5 ska jag g\u00f6ra mitt b\u00e4sta f\u00f6r att tillfredsst\u00e4lla dig. My details Below mentioned<\/p>\n<p>                Nationality:<br \/>\n                Swedish <\/p>\n<p>                Languages:<br \/>\n                English. Swedish<\/p>\n<p>                Age:<br \/>\n                27<\/p>\n<p>                Height:<br \/>\n                178<\/p>\n<p>                Weight:<br \/>\n                58<\/p>\n<p>                Hair:<br \/>\n                blonde<\/p>\n<p>                Eyes:<br \/>\n                bluephone_call me Phone:<br \/>\n          0722643022Companionship rates:<\/p>\n<p>                  1 hour rate<br \/>\n                  3000 SEK<\/p>\n","protected":false},"featured_media":172570,"comment_status":"open","ping_status":"closed","template":"","meta":{"site-sidebar-layout":"default","site-content-layout":"","ast-site-content-layout":"","site-content-style":"default","site-sidebar-style":"default","ast-global-header-display":"","ast-banner-title-visibility":"","ast-main-header-display":"","ast-hfb-above-header-display":"","ast-hfb-below-header-display":"","ast-hfb-mobile-header-display":"","site-post-title":"","ast-breadcrumbs-content":"","ast-featured-img":"","footer-sml-layout":"","theme-transparent-header-meta":"","adv-header-id-meta":"","stick-header-meta":"","header-above-stick-meta":"","header-main-stick-meta":"","header-below-stick-meta":"","astra-migrate-meta-layouts":"default","ast-page-background-enabled":"default","ast-page-background-meta":{"desktop":{"background-color":"var(--ast-global-color-4)","background-image":"","background-repeat":"repeat","background-position":"center center","background-size":"auto","background-attachment":"scroll","background-type":"","background-media":"","overlay-type":"","overlay-color":"","overlay-opacity":"","overlay-gradient":""},"tablet":{"background-color":"","background-image":"","background-repeat":"repeat","background-position":"center center","background-size":"auto","background-attachment":"scroll","background-type":"","background-media":"","overlay-type":"","overlay-color":"","overlay-opacity":"","overlay-gradient":""},"mobile":{"background-color":"","background-image":"","background-repeat":"repeat","background-position":"center center","background-size":"auto","background-attachment":"scroll","background-type":"","background-media":"","overlay-type":"","overlay-color":"","overlay-opacity":"","overlay-gradient":""}},"ast-content-background-meta":{"desktop":{"background-color":"var(--ast-global-color-5)","background-image":"","background-repeat":"repeat","background-position":"center center","background-size":"auto","background-attachment":"scroll","background-type":"","background-media":"","overlay-type":"","overlay-color":"","overlay-opacity":"","overlay-gradient":""},"tablet":{"background-color":"var(--ast-global-color-5)","background-image":"","background-repeat":"repeat","background-position":"center center","background-size":"auto","background-attachment":"scroll","background-type":"","background-media":"","overlay-type":"","overlay-color":"","overlay-opacity":"","overlay-gradient":""},"mobile":{"background-color":"var(--ast-global-color-5)","background-image":"","background-repeat":"repeat","background-position":"center center","background-size":"auto","background-attachment":"scroll","background-type":"","background-media":"","overlay-type":"","overlay-color":"","overlay-opacity":"","overlay-gradient":""}}},"product_brand":[],"product_cat":[188,1115,957],"product_tag":[],"class_list":{"0":"post-352495","1":"product","2":"type-product","3":"status-publish","4":"has-post-thumbnail","6":"product_cat-freelancer","7":"product_cat-stockholm","8":"product_cat-sweden","9":"desktop-align-left","10":"tablet-align-left","11":"mobile-align-left","13":"first","14":"instock","15":"shipping-taxable","16":"product-type-simple"},"_links":{"self":[{"href":"https:\/\/poccky.com\/index.php\/wp-json\/wp\/v2\/product\/352495","targetHints":{"allow":["GET"]}}],"collection":[{"href":"https:\/\/poccky.com\/index.php\/wp-json\/wp\/v2\/product"}],"about":[{"href":"https:\/\/poccky.com\/index.php\/wp-json\/wp\/v2\/types\/product"}],"replies":[{"embeddable":true,"href":"https:\/\/poccky.com\/index.php\/wp-json\/wp\/v2\/comments?post=352495"}],"wp:featuredmedia":[{"embeddable":true,"href":"https:\/\/poccky.com\/index.php\/wp-json\/wp\/v2\/media\/172570"}],"wp:attachment":[{"href":"https:\/\/poccky.com\/index.php\/wp-json\/wp\/v2\/media?parent=352495"}],"wp:term":[{"taxonomy":"product_brand","embeddable":true,"href":"https:\/\/poccky.com\/index.php\/wp-json\/wp\/v2\/product_brand?post=352495"},{"taxonomy":"product_cat","embeddable":true,"href":"https:\/\/poccky.com\/index.php\/wp-json\/wp\/v2\/product_cat?post=352495"},{"taxonomy":"product_tag","embeddable":true,"href":"https:\/\/poccky.com\/index.php\/wp-json\/wp\/v2\/product_tag?post=352495"}],"curies":[{"name":"wp","href":"https:\/\/api.w.org\/{rel}","templated":true}]}}