{"id":352351,"date":"2023-11-09T00:27:26","date_gmt":"2023-11-09T00:27:26","guid":{"rendered":"https:\/\/poccky.com\/?post_type=product&#038;p=352351"},"modified":"2023-11-09T00:27:57","modified_gmt":"2023-11-09T00:27:57","slug":"lucia-alex-incall-2","status":"publish","type":"product","link":"https:\/\/poccky.com\/index.php\/product\/lucia-alex-incall-2\/","title":{"rendered":"Lucia Alex Incall"},"content":{"rendered":"","protected":false},"excerpt":{"rendered":"<p>Nous vous recevons du lundi 26 juin au jeudi 29 juin inclus dans un magnifique appartement dans le 11\u00e8me.<\/p>\n<p>Vous pouvez \u00e9galement rencontrer Lucia seule au tarif de 250 roses pour une heure.<\/p>\n<p>En couple depuis de nombreuses ann\u00e9es. nous aimons rencontrer et partager des plaisirs intenses avec des personnes respectueuses.<\/p>\n<p>Nous sommes \u00e0 votre disposition pour vivre ensemble l\u2019espace d\u2019un moment. vos envies. vos d\u00e9sirs et vos fantasmes dans une ambiance o\u00f9 le jeu de la s\u00e9duction sera plus que pr\u00e9sent.<\/p>\n<p>Nous sommes un couple indissociable cependant l\u2019un de nous deux peut se faire discret dans le coin de la pi\u00e8ce.<\/p>\n<p>Une hygi\u00e8ne irr\u00e9prochable est exig\u00e9e. Discr\u00e9tion assur\u00e9e.<\/p>\n<p>Afin de r\u00e9pondre au mieux \u00e0 votre demande. vous pouvez nous contacter par t\u00e9l\u00e9phone ou en nous envoyer un email \u00e0 lucia.alex.paris.gmail.com en vous pr\u00e9sentant et en expliquant clairement ce que vous souhaitez lors de notre rencontre.<\/p>\n<p>Nos vid\u00e9os compl\u00e8tes : https:\/\/luciaalex.wordpress.com\/video\/<\/p>\n<p>Veuillez noter que :<\/p>\n<p>Lucia ne fait rien avec les femmes et Alex ne fait rien avec les hommes.<br \/>\nLucia n&#8217;accepte pas la sodomie ni la double p\u00e9n\u00e9tration. My details Below mentioned<\/p>\n<p>                Nationality:<br \/>\n                French <\/p>\n<p>                Languages:<br \/>\n                English. French<\/p>\n<p>                Age:<br \/>\n                29<\/p>\n<p>                Height:<br \/>\n                165<\/p>\n<p>                Weight:<br \/>\n                55<\/p>\n<p>                Hair:<br \/>\n                Brun<\/p>\n<p>                Eyes:<br \/>\n                MarronCompanionship rates:<\/p>\n<p>                  1 hour rate<br \/>\n                  400 EUR<\/p>\n<p>                  2 hours rate<br \/>\n                  600 EUR<\/p>\n","protected":false},"featured_media":175972,"comment_status":"open","ping_status":"closed","template":"","meta":{"site-sidebar-layout":"default","site-content-layout":"","ast-site-content-layout":"","site-content-style":"default","site-sidebar-style":"default","ast-global-header-display":"","ast-banner-title-visibility":"","ast-main-header-display":"","ast-hfb-above-header-display":"","ast-hfb-below-header-display":"","ast-hfb-mobile-header-display":"","site-post-title":"","ast-breadcrumbs-content":"","ast-featured-img":"","footer-sml-layout":"","theme-transparent-header-meta":"","adv-header-id-meta":"","stick-header-meta":"","header-above-stick-meta":"","header-main-stick-meta":"","header-below-stick-meta":"","astra-migrate-meta-layouts":"default","ast-page-background-enabled":"default","ast-page-background-meta":{"desktop":{"background-color":"var(--ast-global-color-4)","background-image":"","background-repeat":"repeat","background-position":"center center","background-size":"auto","background-attachment":"scroll","background-type":"","background-media":"","overlay-type":"","overlay-color":"","overlay-opacity":"","overlay-gradient":""},"tablet":{"background-color":"","background-image":"","background-repeat":"repeat","background-position":"center center","background-size":"auto","background-attachment":"scroll","background-type":"","background-media":"","overlay-type":"","overlay-color":"","overlay-opacity":"","overlay-gradient":""},"mobile":{"background-color":"","background-image":"","background-repeat":"repeat","background-position":"center center","background-size":"auto","background-attachment":"scroll","background-type":"","background-media":"","overlay-type":"","overlay-color":"","overlay-opacity":"","overlay-gradient":""}},"ast-content-background-meta":{"desktop":{"background-color":"var(--ast-global-color-5)","background-image":"","background-repeat":"repeat","background-position":"center center","background-size":"auto","background-attachment":"scroll","background-type":"","background-media":"","overlay-type":"","overlay-color":"","overlay-opacity":"","overlay-gradient":""},"tablet":{"background-color":"var(--ast-global-color-5)","background-image":"","background-repeat":"repeat","background-position":"center center","background-size":"auto","background-attachment":"scroll","background-type":"","background-media":"","overlay-type":"","overlay-color":"","overlay-opacity":"","overlay-gradient":""},"mobile":{"background-color":"var(--ast-global-color-5)","background-image":"","background-repeat":"repeat","background-position":"center center","background-size":"auto","background-attachment":"scroll","background-type":"","background-media":"","overlay-type":"","overlay-color":"","overlay-opacity":"","overlay-gradient":""}}},"product_brand":[],"product_cat":[244,188,1118],"product_tag":[],"class_list":{"0":"post-352351","1":"product","2":"type-product","3":"status-publish","4":"has-post-thumbnail","6":"product_cat-france","7":"product_cat-freelancer","8":"product_cat-paris","9":"desktop-align-left","10":"tablet-align-left","11":"mobile-align-left","13":"first","14":"instock","15":"shipping-taxable","16":"product-type-simple"},"_links":{"self":[{"href":"https:\/\/poccky.com\/index.php\/wp-json\/wp\/v2\/product\/352351","targetHints":{"allow":["GET"]}}],"collection":[{"href":"https:\/\/poccky.com\/index.php\/wp-json\/wp\/v2\/product"}],"about":[{"href":"https:\/\/poccky.com\/index.php\/wp-json\/wp\/v2\/types\/product"}],"replies":[{"embeddable":true,"href":"https:\/\/poccky.com\/index.php\/wp-json\/wp\/v2\/comments?post=352351"}],"wp:featuredmedia":[{"embeddable":true,"href":"https:\/\/poccky.com\/index.php\/wp-json\/wp\/v2\/media\/175972"}],"wp:attachment":[{"href":"https:\/\/poccky.com\/index.php\/wp-json\/wp\/v2\/media?parent=352351"}],"wp:term":[{"taxonomy":"product_brand","embeddable":true,"href":"https:\/\/poccky.com\/index.php\/wp-json\/wp\/v2\/product_brand?post=352351"},{"taxonomy":"product_cat","embeddable":true,"href":"https:\/\/poccky.com\/index.php\/wp-json\/wp\/v2\/product_cat?post=352351"},{"taxonomy":"product_tag","embeddable":true,"href":"https:\/\/poccky.com\/index.php\/wp-json\/wp\/v2\/product_tag?post=352351"}],"curies":[{"name":"wp","href":"https:\/\/api.w.org\/{rel}","templated":true}]}}