{"id":351967,"date":"2023-11-08T22:31:54","date_gmt":"2023-11-08T22:31:54","guid":{"rendered":"https:\/\/poccky.com\/?post_type=product&#038;p=351967"},"modified":"2023-11-08T22:32:00","modified_gmt":"2023-11-08T22:32:00","slug":"lilly-30","status":"publish","type":"product","link":"https:\/\/poccky.com\/index.php\/product\/lilly-30\/","title":{"rendered":"Lilly"},"content":{"rendered":"","protected":false},"excerpt":{"rendered":"<p>Sophisticated and well-liked by everyone who meets her. Her interests are many and you can tell through interesting conversations at dinner or a visit at an exhibition. Lilly will be the perfect Lady at your side.<\/p>\n<p>If you want to know more about Lilly. then don\u2019t hesitate to check over to our website and book directly through our booking form.<\/p>\n<p>CAUTION !!<\/p>\n<p>All phone numbers and email addresses will connect you to Mountain Escort Regensburg.<\/p>\n<p>Our escorts wish that we as agency take over the whole booking process.<\/p>\n<p>Kultiviert und von jedermann gemocht!<br \/>\nSie hat viele Interessen. was man an den interessanten Konversationen beim Dinner erkennen kann oder auf einer Ausstellung. Lilly ist in jeder Situation die perfekte Lady an Ihrer Seite!<\/p>\n<p>Wenn Sie mehr \u00fcber Lilly erfahren wollen. dann z\u00f6gern Sie nicht. besuchen Sie uns auf unserer Webseite und buchen dann direkt \u00fcber unser Buchungsformular.<\/p>\n<p>ACHTUNG !!<\/p>\n<p>Alle Telefonnummern und Emailadressen leiten Sie direkt an Mountain Escort Regensburg weiter.<\/p>\n<p>Unsere Escorts w\u00fcnschen ausdr\u00fccklich. dass wir als Agentur den kompletten Buchungsablauf \u00fcbernehmen. My details Below mentioned<\/p>\n<p>                Nationality:<br \/>\n                German <\/p>\n<p>                Languages:<br \/>\n                English. German<\/p>\n<p>                Age:<br \/>\n                35<\/p>\n<p>                Height:<br \/>\n                161<\/p>\n<p>                Weight:<br \/>\n                55<\/p>\n<p>                Hair:<br \/>\n                short blond<\/p>\n<p>                Eyes:<br \/>\n                bluephone_call me Phone:<br \/>\n          01747465932Companionship rates:<\/p>\n<p>                  2 hours rate<br \/>\n                  400 EUR<\/p>\n<p>                  3 hours rate<br \/>\n                  500 EUR<\/p>\n<p>                  full night rate<br \/>\n                  1200 EUR<\/p>\n","protected":false},"featured_media":173745,"comment_status":"open","ping_status":"closed","template":"","meta":{"site-sidebar-layout":"default","site-content-layout":"","ast-site-content-layout":"","site-content-style":"default","site-sidebar-style":"default","ast-global-header-display":"","ast-banner-title-visibility":"","ast-main-header-display":"","ast-hfb-above-header-display":"","ast-hfb-below-header-display":"","ast-hfb-mobile-header-display":"","site-post-title":"","ast-breadcrumbs-content":"","ast-featured-img":"","footer-sml-layout":"","theme-transparent-header-meta":"","adv-header-id-meta":"","stick-header-meta":"","header-above-stick-meta":"","header-main-stick-meta":"","header-below-stick-meta":"","astra-migrate-meta-layouts":"default","ast-page-background-enabled":"default","ast-page-background-meta":{"desktop":{"background-color":"var(--ast-global-color-4)","background-image":"","background-repeat":"repeat","background-position":"center center","background-size":"auto","background-attachment":"scroll","background-type":"","background-media":"","overlay-type":"","overlay-color":"","overlay-opacity":"","overlay-gradient":""},"tablet":{"background-color":"","background-image":"","background-repeat":"repeat","background-position":"center center","background-size":"auto","background-attachment":"scroll","background-type":"","background-media":"","overlay-type":"","overlay-color":"","overlay-opacity":"","overlay-gradient":""},"mobile":{"background-color":"","background-image":"","background-repeat":"repeat","background-position":"center center","background-size":"auto","background-attachment":"scroll","background-type":"","background-media":"","overlay-type":"","overlay-color":"","overlay-opacity":"","overlay-gradient":""}},"ast-content-background-meta":{"desktop":{"background-color":"var(--ast-global-color-5)","background-image":"","background-repeat":"repeat","background-position":"center center","background-size":"auto","background-attachment":"scroll","background-type":"","background-media":"","overlay-type":"","overlay-color":"","overlay-opacity":"","overlay-gradient":""},"tablet":{"background-color":"var(--ast-global-color-5)","background-image":"","background-repeat":"repeat","background-position":"center center","background-size":"auto","background-attachment":"scroll","background-type":"","background-media":"","overlay-type":"","overlay-color":"","overlay-opacity":"","overlay-gradient":""},"mobile":{"background-color":"var(--ast-global-color-5)","background-image":"","background-repeat":"repeat","background-position":"center center","background-size":"auto","background-attachment":"scroll","background-type":"","background-media":"","overlay-type":"","overlay-color":"","overlay-opacity":"","overlay-gradient":""}}},"product_brand":[],"product_cat":[188,958,1127],"product_tag":[],"class_list":{"0":"post-351967","1":"product","2":"type-product","3":"status-publish","4":"has-post-thumbnail","6":"product_cat-freelancer","7":"product_cat-switzerland","8":"product_cat-zurich","9":"desktop-align-left","10":"tablet-align-left","11":"mobile-align-left","13":"first","14":"instock","15":"shipping-taxable","16":"product-type-simple"},"_links":{"self":[{"href":"https:\/\/poccky.com\/index.php\/wp-json\/wp\/v2\/product\/351967","targetHints":{"allow":["GET"]}}],"collection":[{"href":"https:\/\/poccky.com\/index.php\/wp-json\/wp\/v2\/product"}],"about":[{"href":"https:\/\/poccky.com\/index.php\/wp-json\/wp\/v2\/types\/product"}],"replies":[{"embeddable":true,"href":"https:\/\/poccky.com\/index.php\/wp-json\/wp\/v2\/comments?post=351967"}],"wp:featuredmedia":[{"embeddable":true,"href":"https:\/\/poccky.com\/index.php\/wp-json\/wp\/v2\/media\/173745"}],"wp:attachment":[{"href":"https:\/\/poccky.com\/index.php\/wp-json\/wp\/v2\/media?parent=351967"}],"wp:term":[{"taxonomy":"product_brand","embeddable":true,"href":"https:\/\/poccky.com\/index.php\/wp-json\/wp\/v2\/product_brand?post=351967"},{"taxonomy":"product_cat","embeddable":true,"href":"https:\/\/poccky.com\/index.php\/wp-json\/wp\/v2\/product_cat?post=351967"},{"taxonomy":"product_tag","embeddable":true,"href":"https:\/\/poccky.com\/index.php\/wp-json\/wp\/v2\/product_tag?post=351967"}],"curies":[{"name":"wp","href":"https:\/\/api.w.org\/{rel}","templated":true}]}}