{"id":351965,"date":"2023-11-08T22:31:29","date_gmt":"2023-11-08T22:31:29","guid":{"rendered":"https:\/\/poccky.com\/?post_type=product&#038;p=351965"},"modified":"2023-11-08T22:31:37","modified_gmt":"2023-11-08T22:31:37","slug":"carmen-27","status":"publish","type":"product","link":"https:\/\/poccky.com\/index.php\/product\/carmen-27\/","title":{"rendered":"Carmen"},"content":{"rendered":"","protected":false},"excerpt":{"rendered":"<p>The youngest of our Ladies. which doesn\u2019t mean she is less of a lady than the others.<br \/>\nCarmen will dance the night away with you or be your classy and charming attendance at a business dinner. It all depends on your wishes!<\/p>\n<p>If you want to know more about Maja. then don\u2019t hesitate to check over to our website and book directly through our booking form.<br \/>\nAll phone numbers and email addresses will connect you to Mountain Escort Regensburg.<br \/>\nOur escorts wish that we as agency take over the whole booking process.<\/p>\n<p>Unsere j\u00fcngste Lady. was sie nicht weniger zur Lady macht als ihre \u00e4lteren Kolleginnen.<br \/>\nCarmen tanzt mit Ihnen die Nacht durch oder ist ihre stilvolle Begleitung zu einem Gesch\u00e4ftsessen. Es kommt immer auf Ihre W\u00fcnsche an!<\/p>\n<p>Wenn Sie mehr \u00fcber Carmen erfahren wollen. dann z\u00f6gern Sie nicht. besuchen Sie uns auf unserer Webseite und buchen dann direkt \u00fcber unser Buchungsformular.<br \/>\nAlle Telefonnummern und Emailadressen leiten Sie direkt an Mountain Escort Regensburg weiter.<br \/>\nUnsere Escorts w\u00fcnschen ausdr\u00fccklich. dass wir als Agentur den kompletten Buchungsablauf \u00fcbernehmen. My details Below mentioned<\/p>\n<p>                Nationality:<br \/>\n                German <\/p>\n<p>                Languages:<br \/>\n                English. German<\/p>\n<p>                Age:<br \/>\n                20<\/p>\n<p>                Height:<br \/>\n                163<\/p>\n<p>                Weight:<br \/>\n                66<\/p>\n<p>                Hair:<br \/>\n                short brown<\/p>\n<p>                Eyes:<br \/>\n                Gr\u00fcnphone_call me Phone:<br \/>\n          01747465932Companionship rates:<\/p>\n<p>                  2 hours rate<br \/>\n                  400 EUR<\/p>\n<p>                  3 hours rate<br \/>\n                  500 EUR<\/p>\n<p>                  full night rate<br \/>\n                  1200 EUR<\/p>\n","protected":false},"featured_media":173740,"comment_status":"open","ping_status":"closed","template":"","meta":{"site-sidebar-layout":"default","site-content-layout":"","ast-site-content-layout":"","site-content-style":"default","site-sidebar-style":"default","ast-global-header-display":"","ast-banner-title-visibility":"","ast-main-header-display":"","ast-hfb-above-header-display":"","ast-hfb-below-header-display":"","ast-hfb-mobile-header-display":"","site-post-title":"","ast-breadcrumbs-content":"","ast-featured-img":"","footer-sml-layout":"","theme-transparent-header-meta":"","adv-header-id-meta":"","stick-header-meta":"","header-above-stick-meta":"","header-main-stick-meta":"","header-below-stick-meta":"","astra-migrate-meta-layouts":"default","ast-page-background-enabled":"default","ast-page-background-meta":{"desktop":{"background-color":"var(--ast-global-color-4)","background-image":"","background-repeat":"repeat","background-position":"center center","background-size":"auto","background-attachment":"scroll","background-type":"","background-media":"","overlay-type":"","overlay-color":"","overlay-opacity":"","overlay-gradient":""},"tablet":{"background-color":"","background-image":"","background-repeat":"repeat","background-position":"center center","background-size":"auto","background-attachment":"scroll","background-type":"","background-media":"","overlay-type":"","overlay-color":"","overlay-opacity":"","overlay-gradient":""},"mobile":{"background-color":"","background-image":"","background-repeat":"repeat","background-position":"center center","background-size":"auto","background-attachment":"scroll","background-type":"","background-media":"","overlay-type":"","overlay-color":"","overlay-opacity":"","overlay-gradient":""}},"ast-content-background-meta":{"desktop":{"background-color":"var(--ast-global-color-5)","background-image":"","background-repeat":"repeat","background-position":"center center","background-size":"auto","background-attachment":"scroll","background-type":"","background-media":"","overlay-type":"","overlay-color":"","overlay-opacity":"","overlay-gradient":""},"tablet":{"background-color":"var(--ast-global-color-5)","background-image":"","background-repeat":"repeat","background-position":"center center","background-size":"auto","background-attachment":"scroll","background-type":"","background-media":"","overlay-type":"","overlay-color":"","overlay-opacity":"","overlay-gradient":""},"mobile":{"background-color":"var(--ast-global-color-5)","background-image":"","background-repeat":"repeat","background-position":"center center","background-size":"auto","background-attachment":"scroll","background-type":"","background-media":"","overlay-type":"","overlay-color":"","overlay-opacity":"","overlay-gradient":""}}},"product_brand":[],"product_cat":[188,958,1127],"product_tag":[],"class_list":{"0":"post-351965","1":"product","2":"type-product","3":"status-publish","4":"has-post-thumbnail","6":"product_cat-freelancer","7":"product_cat-switzerland","8":"product_cat-zurich","9":"desktop-align-left","10":"tablet-align-left","11":"mobile-align-left","13":"first","14":"instock","15":"shipping-taxable","16":"product-type-simple"},"_links":{"self":[{"href":"https:\/\/poccky.com\/index.php\/wp-json\/wp\/v2\/product\/351965","targetHints":{"allow":["GET"]}}],"collection":[{"href":"https:\/\/poccky.com\/index.php\/wp-json\/wp\/v2\/product"}],"about":[{"href":"https:\/\/poccky.com\/index.php\/wp-json\/wp\/v2\/types\/product"}],"replies":[{"embeddable":true,"href":"https:\/\/poccky.com\/index.php\/wp-json\/wp\/v2\/comments?post=351965"}],"wp:featuredmedia":[{"embeddable":true,"href":"https:\/\/poccky.com\/index.php\/wp-json\/wp\/v2\/media\/173740"}],"wp:attachment":[{"href":"https:\/\/poccky.com\/index.php\/wp-json\/wp\/v2\/media?parent=351965"}],"wp:term":[{"taxonomy":"product_brand","embeddable":true,"href":"https:\/\/poccky.com\/index.php\/wp-json\/wp\/v2\/product_brand?post=351965"},{"taxonomy":"product_cat","embeddable":true,"href":"https:\/\/poccky.com\/index.php\/wp-json\/wp\/v2\/product_cat?post=351965"},{"taxonomy":"product_tag","embeddable":true,"href":"https:\/\/poccky.com\/index.php\/wp-json\/wp\/v2\/product_tag?post=351965"}],"curies":[{"name":"wp","href":"https:\/\/api.w.org\/{rel}","templated":true}]}}