{"id":351727,"date":"2023-11-08T21:38:11","date_gmt":"2023-11-08T21:38:11","guid":{"rendered":"https:\/\/poccky.com\/?post_type=product&#038;p=351727"},"modified":"2023-11-08T21:38:17","modified_gmt":"2023-11-08T21:38:17","slug":"svensk-h-rlig-kvinna-2","status":"publish","type":"product","link":"https:\/\/poccky.com\/index.php\/product\/svensk-h-rlig-kvinna-2\/","title":{"rendered":"Svensk H Rlig Kvinna"},"content":{"rendered":"","protected":false},"excerpt":{"rendered":"<p>Hej<\/p>\n<p>Jag \u00e4r en glad o k\u00e5t kvinna p\u00e5 37 v\u00e5rar med sk\u00f6na kurvor och mjuk kropp som \u00e4lskar sex och att g\u00f6ra det sk\u00f6nt f\u00f6r dig.<\/p>\n<p>Jag kommer l\u00e4tt och f\u00e5r m\u00e5nga orgasmer.<\/p>\n<p>Stor rumpa och stora naturliga br\u00f6st utan silikon.<\/p>\n<p>&#8211; Jag suger utan om du \u00e4r nytv\u00e4ttad.<br \/>\n(Vill du s\u00e5 l\u00e5ter jag det rinna sakta ur mungiporna och ner p\u00e5 mina stora h\u00e4rliga tuttar eller sv\u00e4ljer som en riktig porrstj\u00e4rna&#8230;)<br \/>\n&#8211; Du f\u00e5r g\u00e4rna br\u00f6stknulla mina stora. h\u00e4rliga E-kupor.<br \/>\n&#8211; Erbjuder vaginalsex alltid med kondom<br \/>\n&#8211; Inget analt.<br \/>\n&#8211; Sj\u00e4lvklart f\u00e5r du komma hur m\u00e5nga g\u00e5nger du vill under tr\u00e4ffen<\/p>\n<p>G\u00e5va som ges i b\u00f6rjan av tr\u00e4ffen \u00e4r<br \/>\nSnabbis. upp till 20 min 1500:-<br \/>\n30 min 2 000:-<br \/>\n60 min 3 000:-<\/p>\n<p>Om du bokar tr\u00e4ff och uteblir utan att h\u00f6ra av dig blockeras du och f\u00e5r ingen m\u00f6jlighet att boka mig igen.<\/p>\n<p>Om du \u00e4r en diskret. respektfull Gentleman. som har l\u00e4st HELA annonsen. kontakta mig p\u00e5 tel 0733811911<br \/>\nSvarar inte p\u00e5 dolt nummer<\/p>\n<p>Kraaaaaam fr\u00e5n mig till Dig<br \/>\nPuss Fanny My details Below mentioned<\/p>\n<p>                Nationality:<br \/>\n                Swedish <\/p>\n<p>                Languages:<br \/>\n                English. Swedish<\/p>\n<p>                Age:<br \/>\n                36<\/p>\n<p>                Height:<br \/>\n                172<\/p>\n<p>                Weight:<br \/>\n                88<\/p>\n<p>                Hair:<br \/>\n                Longphone_call me Phone:<br \/>\n          0733811911Companionship rates:<\/p>\n<p>                  1 hour rate<br \/>\n                  3000 SEK<\/p>\n","protected":false},"featured_media":171440,"comment_status":"open","ping_status":"closed","template":"","meta":{"site-sidebar-layout":"default","site-content-layout":"","ast-site-content-layout":"","site-content-style":"default","site-sidebar-style":"default","ast-global-header-display":"","ast-banner-title-visibility":"","ast-main-header-display":"","ast-hfb-above-header-display":"","ast-hfb-below-header-display":"","ast-hfb-mobile-header-display":"","site-post-title":"","ast-breadcrumbs-content":"","ast-featured-img":"","footer-sml-layout":"","theme-transparent-header-meta":"","adv-header-id-meta":"","stick-header-meta":"","header-above-stick-meta":"","header-main-stick-meta":"","header-below-stick-meta":"","astra-migrate-meta-layouts":"default","ast-page-background-enabled":"default","ast-page-background-meta":{"desktop":{"background-color":"var(--ast-global-color-4)","background-image":"","background-repeat":"repeat","background-position":"center center","background-size":"auto","background-attachment":"scroll","background-type":"","background-media":"","overlay-type":"","overlay-color":"","overlay-opacity":"","overlay-gradient":""},"tablet":{"background-color":"","background-image":"","background-repeat":"repeat","background-position":"center center","background-size":"auto","background-attachment":"scroll","background-type":"","background-media":"","overlay-type":"","overlay-color":"","overlay-opacity":"","overlay-gradient":""},"mobile":{"background-color":"","background-image":"","background-repeat":"repeat","background-position":"center center","background-size":"auto","background-attachment":"scroll","background-type":"","background-media":"","overlay-type":"","overlay-color":"","overlay-opacity":"","overlay-gradient":""}},"ast-content-background-meta":{"desktop":{"background-color":"var(--ast-global-color-5)","background-image":"","background-repeat":"repeat","background-position":"center center","background-size":"auto","background-attachment":"scroll","background-type":"","background-media":"","overlay-type":"","overlay-color":"","overlay-opacity":"","overlay-gradient":""},"tablet":{"background-color":"var(--ast-global-color-5)","background-image":"","background-repeat":"repeat","background-position":"center center","background-size":"auto","background-attachment":"scroll","background-type":"","background-media":"","overlay-type":"","overlay-color":"","overlay-opacity":"","overlay-gradient":""},"mobile":{"background-color":"var(--ast-global-color-5)","background-image":"","background-repeat":"repeat","background-position":"center center","background-size":"auto","background-attachment":"scroll","background-type":"","background-media":"","overlay-type":"","overlay-color":"","overlay-opacity":"","overlay-gradient":""}}},"product_brand":[],"product_cat":[188,1115,957],"product_tag":[],"class_list":{"0":"post-351727","1":"product","2":"type-product","3":"status-publish","4":"has-post-thumbnail","6":"product_cat-freelancer","7":"product_cat-stockholm","8":"product_cat-sweden","9":"desktop-align-left","10":"tablet-align-left","11":"mobile-align-left","13":"first","14":"instock","15":"shipping-taxable","16":"product-type-simple"},"_links":{"self":[{"href":"https:\/\/poccky.com\/index.php\/wp-json\/wp\/v2\/product\/351727","targetHints":{"allow":["GET"]}}],"collection":[{"href":"https:\/\/poccky.com\/index.php\/wp-json\/wp\/v2\/product"}],"about":[{"href":"https:\/\/poccky.com\/index.php\/wp-json\/wp\/v2\/types\/product"}],"replies":[{"embeddable":true,"href":"https:\/\/poccky.com\/index.php\/wp-json\/wp\/v2\/comments?post=351727"}],"wp:featuredmedia":[{"embeddable":true,"href":"https:\/\/poccky.com\/index.php\/wp-json\/wp\/v2\/media\/171440"}],"wp:attachment":[{"href":"https:\/\/poccky.com\/index.php\/wp-json\/wp\/v2\/media?parent=351727"}],"wp:term":[{"taxonomy":"product_brand","embeddable":true,"href":"https:\/\/poccky.com\/index.php\/wp-json\/wp\/v2\/product_brand?post=351727"},{"taxonomy":"product_cat","embeddable":true,"href":"https:\/\/poccky.com\/index.php\/wp-json\/wp\/v2\/product_cat?post=351727"},{"taxonomy":"product_tag","embeddable":true,"href":"https:\/\/poccky.com\/index.php\/wp-json\/wp\/v2\/product_tag?post=351727"}],"curies":[{"name":"wp","href":"https:\/\/api.w.org\/{rel}","templated":true}]}}