{"id":351527,"date":"2023-11-08T20:45:44","date_gmt":"2023-11-08T20:45:44","guid":{"rendered":"https:\/\/poccky.com\/?post_type=product&#038;p=351527"},"modified":"2023-11-08T20:45:55","modified_gmt":"2023-11-08T20:45:55","slug":"lacourtisane-2","status":"publish","type":"product","link":"https:\/\/poccky.com\/index.php\/product\/lacourtisane-2\/","title":{"rendered":"Lacourtisane"},"content":{"rendered":"","protected":false},"excerpt":{"rendered":"<p>Stella accueille dans une ambiance de charme et de s\u00e9duction des plus \u00e9l\u00e9gantes et complices. Offre-t-elle!<br \/>\nPour hommes courtois et de bonne \u00e9ducation. Un gentleman \u00e9picurien . Accompagnera-t-elle!<br \/>\nEt pourquoi pas cr\u00e9er des affinit\u00e9s?!S&#8217;interroge-t -elle!<br \/>\nInd\u00e9pendante ! D\u00e9clare-t-elle!<br \/>\nLa jouissance ! Confie-t-elle&#8230;<br \/>\nLa convivialit\u00e9 ! S&#8217;exclame-t-elle!<br \/>\nLe respect mutuel ! Pr\u00f4ne-t-elle!<br \/>\nLa discr\u00e9tion ! Assure-t-elle!<br \/>\nMade in France. Plaisante-elle!<\/p>\n<p>Jeune fran\u00e7aise ind\u00e9pendante de 22ans re\u00e7oit temporairement sur Paris \u00e0 la limite du 11eme et 20eme arrondissement. non loin de la place de la Nation. et du cimeti\u00e8re P\u00e8re Lachaise.<\/p>\n<p>? Alexandre Dumas (2 minutes \u00e0 pieds) ? Ligne 2<\/p>\n<p>Charonne ou Buzenval ( environ 8 minutes \u00e0 pieds) Ligne 9<\/p>\n<p>Tramway porte de Vincennes (15 minutes \u00e0 pieds)<\/p>\n<p>RER A arr\u00eat Nation ( 10 minutes \u00e0 pieds OU \u00e0 deux stations du m\u00e9tro ligne 2)<\/p>\n<p>Porte de Montreuil ( 5 minutes en voiture ) ou Porte de Vincennes ( 10 minutes en voiture)<\/p>\n<p>Pour amples informations. avant de prendre l&#8217;initiative de me contacter&#8230;je vous invite \u00e0 consulter mon site personnel dans ses moindres d\u00e9tails:<\/p>\n<p>Http:\/\/stellacourtisane.escortbook.com\/<br \/>\n????????????<\/p>\n<p>Contacte uniquement par t\u00e9l\u00e9phone. si vous avez pris connaissance de mon site au pr\u00e9alable. A savoir que cet appel n&#8217;est pas informatif mais a une finalit\u00e9 : celui de fixer une rencontre prochainement et r\u00e9pondre \u00e0 quelques interrogations sur votre demande.<\/p>\n<p>Je ne r\u00e9pondrai pas aux messages sur le site. Merci d&#8217;avance.<\/p>\n<p>.JE NE REPONDRAI PAS AUX APPELS MASQUES ET SMS.<\/p>\n<p>? 30 min ? 120 roses<br \/>\n? 1h ? 200 roses<br \/>\n? 1h30 ? 300 roses<\/p>\n<p>du lundi au dimanche a partir de 10h30 jusqu&#8217;\u00e0 20h00.<br \/>\nIl est possible de convenir une rencontre le jour m\u00eame. en prenant . id\u00e9alement. le plus d&#8217;avance possible.<\/p>\n<p>Voir mes autres conditions sur mon site cit\u00e9 ci-dessus:<\/p>\n<p>???????<br \/>\nHttp:\/\/stellacourtisane.escortbook.com\/<br \/>\n??????? My details Below mentioned<\/p>\n<p>                Nationality:<br \/>\n                French <\/p>\n<p>                Languages:<br \/>\n                French<\/p>\n<p>                Age:<br \/>\n                23<\/p>\n<p>                Height:<br \/>\n                160<\/p>\n<p>                Weight:<br \/>\n                52<\/p>\n<p>                Hair:<br \/>\n                VERY LONG BRUNE<\/p>\n<p>                Eyes:<br \/>\n                GREENCompanionship rates:<\/p>\n<p>                  1 hour rate<br \/>\n                  200 EUR<\/p>\n<p>                  2 hours rate<br \/>\n                  400 EUR<\/p>\n","protected":false},"featured_media":171738,"comment_status":"open","ping_status":"closed","template":"","meta":{"site-sidebar-layout":"default","site-content-layout":"","ast-site-content-layout":"","site-content-style":"default","site-sidebar-style":"default","ast-global-header-display":"","ast-banner-title-visibility":"","ast-main-header-display":"","ast-hfb-above-header-display":"","ast-hfb-below-header-display":"","ast-hfb-mobile-header-display":"","site-post-title":"","ast-breadcrumbs-content":"","ast-featured-img":"","footer-sml-layout":"","theme-transparent-header-meta":"","adv-header-id-meta":"","stick-header-meta":"","header-above-stick-meta":"","header-main-stick-meta":"","header-below-stick-meta":"","astra-migrate-meta-layouts":"default","ast-page-background-enabled":"default","ast-page-background-meta":{"desktop":{"background-color":"var(--ast-global-color-4)","background-image":"","background-repeat":"repeat","background-position":"center center","background-size":"auto","background-attachment":"scroll","background-type":"","background-media":"","overlay-type":"","overlay-color":"","overlay-opacity":"","overlay-gradient":""},"tablet":{"background-color":"","background-image":"","background-repeat":"repeat","background-position":"center center","background-size":"auto","background-attachment":"scroll","background-type":"","background-media":"","overlay-type":"","overlay-color":"","overlay-opacity":"","overlay-gradient":""},"mobile":{"background-color":"","background-image":"","background-repeat":"repeat","background-position":"center center","background-size":"auto","background-attachment":"scroll","background-type":"","background-media":"","overlay-type":"","overlay-color":"","overlay-opacity":"","overlay-gradient":""}},"ast-content-background-meta":{"desktop":{"background-color":"var(--ast-global-color-5)","background-image":"","background-repeat":"repeat","background-position":"center center","background-size":"auto","background-attachment":"scroll","background-type":"","background-media":"","overlay-type":"","overlay-color":"","overlay-opacity":"","overlay-gradient":""},"tablet":{"background-color":"var(--ast-global-color-5)","background-image":"","background-repeat":"repeat","background-position":"center center","background-size":"auto","background-attachment":"scroll","background-type":"","background-media":"","overlay-type":"","overlay-color":"","overlay-opacity":"","overlay-gradient":""},"mobile":{"background-color":"var(--ast-global-color-5)","background-image":"","background-repeat":"repeat","background-position":"center center","background-size":"auto","background-attachment":"scroll","background-type":"","background-media":"","overlay-type":"","overlay-color":"","overlay-opacity":"","overlay-gradient":""}}},"product_brand":[],"product_cat":[244,188,1118],"product_tag":[],"class_list":{"0":"post-351527","1":"product","2":"type-product","3":"status-publish","4":"has-post-thumbnail","6":"product_cat-france","7":"product_cat-freelancer","8":"product_cat-paris","9":"desktop-align-left","10":"tablet-align-left","11":"mobile-align-left","13":"first","14":"instock","15":"shipping-taxable","16":"product-type-simple"},"_links":{"self":[{"href":"https:\/\/poccky.com\/index.php\/wp-json\/wp\/v2\/product\/351527","targetHints":{"allow":["GET"]}}],"collection":[{"href":"https:\/\/poccky.com\/index.php\/wp-json\/wp\/v2\/product"}],"about":[{"href":"https:\/\/poccky.com\/index.php\/wp-json\/wp\/v2\/types\/product"}],"replies":[{"embeddable":true,"href":"https:\/\/poccky.com\/index.php\/wp-json\/wp\/v2\/comments?post=351527"}],"wp:featuredmedia":[{"embeddable":true,"href":"https:\/\/poccky.com\/index.php\/wp-json\/wp\/v2\/media\/171738"}],"wp:attachment":[{"href":"https:\/\/poccky.com\/index.php\/wp-json\/wp\/v2\/media?parent=351527"}],"wp:term":[{"taxonomy":"product_brand","embeddable":true,"href":"https:\/\/poccky.com\/index.php\/wp-json\/wp\/v2\/product_brand?post=351527"},{"taxonomy":"product_cat","embeddable":true,"href":"https:\/\/poccky.com\/index.php\/wp-json\/wp\/v2\/product_cat?post=351527"},{"taxonomy":"product_tag","embeddable":true,"href":"https:\/\/poccky.com\/index.php\/wp-json\/wp\/v2\/product_tag?post=351527"}],"curies":[{"name":"wp","href":"https:\/\/api.w.org\/{rel}","templated":true}]}}