{"id":351134,"date":"2023-11-08T18:03:53","date_gmt":"2023-11-08T18:03:53","guid":{"rendered":"https:\/\/poccky.com\/?post_type=product&#038;p=351134"},"modified":"2023-11-08T18:04:06","modified_gmt":"2023-11-08T18:04:06","slug":"avril-6","status":"publish","type":"product","link":"https:\/\/poccky.com\/index.php\/product\/avril-6\/","title":{"rendered":"Avril"},"content":{"rendered":"","protected":false},"excerpt":{"rendered":"<p>Je vous invite \u00e0 parcourir mon site web via le lien ci-dessus avant de me contacter<\/p>\n<p>Je me pr\u00e9nomme Avril. 27 ans . je suis une escorte girl black ind\u00e9pendante.occasionnelle. ouverte d\u2019esprit. cultiv\u00e9e. intelligente et disponible pour vous \u00e0 Paris.<br \/>\nUne jeune belle escorte black m\u00e9tiss\u00e9e. exotique. naturelle. classe aux formes g\u00e9n\u00e9reuses. glamour avec une peau ferme et satin\u00e9e. raffin\u00e9e. douce. sensuelle. sexy. tr\u00e8s \u00e9l\u00e9gante. coquette. un corps parfait. un joli visage avec une regard attirant et des l\u00e8vres pulpeuses.<br \/>\nLes hommes me trouvent sexy. avec une belle cambrure. peau caf\u00e9 au lait et ferme.<br \/>\nUn accompagnement de qualit\u00e9. de charme pour un moment de d\u00e9tente et de relaxation. vous passerez en ma compagnie une rencontre sensuelle et \u00e9rotique.<br \/>\nJe d\u00e9sire rencontrer des hommes galants . alors Messieurs si vous \u00eates un Gentleman Courtois. Respectueux. avec une hygi\u00e8ne irr\u00e9prochable.<\/p>\n<p>Je peux facilement vous recevoir dans mon bel appartement priv\u00e9 . le quartier sympa dans le 16 i\u00e8me arrondissement de Paris ou me rendre \u00e0 votre H\u00f4tel.<br \/>\nAlors si vous \u00eates int\u00e9ress\u00e9. venez donc \u00e0 ma rencontre.<\/p>\n<p>NB : je ne prend pas les appels masqu\u00e9s ni SMS .<br \/>\nGros bisou sensuel<br \/>\nAvril My details Below mentioned<\/p>\n<p>                Nationality:<br \/>\n                French <\/p>\n<p>                Languages:<br \/>\n                English. French<\/p>\n<p>                Age:<br \/>\n                27<\/p>\n<p>                Height:<br \/>\n                165<\/p>\n<p>                Weight:<br \/>\n                56<\/p>\n<p>                Hair:<br \/>\n                long chaitain<\/p>\n<p>                Eyes:<br \/>\n                marron<\/p>\n<p>                Measurements:<br \/>\n                95-60-90<\/p>\n","protected":false},"featured_media":167916,"comment_status":"open","ping_status":"closed","template":"","meta":{"site-sidebar-layout":"default","site-content-layout":"","ast-site-content-layout":"","site-content-style":"default","site-sidebar-style":"default","ast-global-header-display":"","ast-banner-title-visibility":"","ast-main-header-display":"","ast-hfb-above-header-display":"","ast-hfb-below-header-display":"","ast-hfb-mobile-header-display":"","site-post-title":"","ast-breadcrumbs-content":"","ast-featured-img":"","footer-sml-layout":"","theme-transparent-header-meta":"","adv-header-id-meta":"","stick-header-meta":"","header-above-stick-meta":"","header-main-stick-meta":"","header-below-stick-meta":"","astra-migrate-meta-layouts":"default","ast-page-background-enabled":"default","ast-page-background-meta":{"desktop":{"background-color":"var(--ast-global-color-4)","background-image":"","background-repeat":"repeat","background-position":"center center","background-size":"auto","background-attachment":"scroll","background-type":"","background-media":"","overlay-type":"","overlay-color":"","overlay-opacity":"","overlay-gradient":""},"tablet":{"background-color":"","background-image":"","background-repeat":"repeat","background-position":"center center","background-size":"auto","background-attachment":"scroll","background-type":"","background-media":"","overlay-type":"","overlay-color":"","overlay-opacity":"","overlay-gradient":""},"mobile":{"background-color":"","background-image":"","background-repeat":"repeat","background-position":"center center","background-size":"auto","background-attachment":"scroll","background-type":"","background-media":"","overlay-type":"","overlay-color":"","overlay-opacity":"","overlay-gradient":""}},"ast-content-background-meta":{"desktop":{"background-color":"var(--ast-global-color-5)","background-image":"","background-repeat":"repeat","background-position":"center center","background-size":"auto","background-attachment":"scroll","background-type":"","background-media":"","overlay-type":"","overlay-color":"","overlay-opacity":"","overlay-gradient":""},"tablet":{"background-color":"var(--ast-global-color-5)","background-image":"","background-repeat":"repeat","background-position":"center center","background-size":"auto","background-attachment":"scroll","background-type":"","background-media":"","overlay-type":"","overlay-color":"","overlay-opacity":"","overlay-gradient":""},"mobile":{"background-color":"var(--ast-global-color-5)","background-image":"","background-repeat":"repeat","background-position":"center center","background-size":"auto","background-attachment":"scroll","background-type":"","background-media":"","overlay-type":"","overlay-color":"","overlay-opacity":"","overlay-gradient":""}}},"product_brand":[],"product_cat":[244,188,1118],"product_tag":[],"class_list":{"0":"post-351134","1":"product","2":"type-product","3":"status-publish","4":"has-post-thumbnail","6":"product_cat-france","7":"product_cat-freelancer","8":"product_cat-paris","9":"desktop-align-left","10":"tablet-align-left","11":"mobile-align-left","13":"first","14":"instock","15":"shipping-taxable","16":"product-type-simple"},"_links":{"self":[{"href":"https:\/\/poccky.com\/index.php\/wp-json\/wp\/v2\/product\/351134","targetHints":{"allow":["GET"]}}],"collection":[{"href":"https:\/\/poccky.com\/index.php\/wp-json\/wp\/v2\/product"}],"about":[{"href":"https:\/\/poccky.com\/index.php\/wp-json\/wp\/v2\/types\/product"}],"replies":[{"embeddable":true,"href":"https:\/\/poccky.com\/index.php\/wp-json\/wp\/v2\/comments?post=351134"}],"wp:featuredmedia":[{"embeddable":true,"href":"https:\/\/poccky.com\/index.php\/wp-json\/wp\/v2\/media\/167916"}],"wp:attachment":[{"href":"https:\/\/poccky.com\/index.php\/wp-json\/wp\/v2\/media?parent=351134"}],"wp:term":[{"taxonomy":"product_brand","embeddable":true,"href":"https:\/\/poccky.com\/index.php\/wp-json\/wp\/v2\/product_brand?post=351134"},{"taxonomy":"product_cat","embeddable":true,"href":"https:\/\/poccky.com\/index.php\/wp-json\/wp\/v2\/product_cat?post=351134"},{"taxonomy":"product_tag","embeddable":true,"href":"https:\/\/poccky.com\/index.php\/wp-json\/wp\/v2\/product_tag?post=351134"}],"curies":[{"name":"wp","href":"https:\/\/api.w.org\/{rel}","templated":true}]}}