{"id":351120,"date":"2023-11-08T18:00:51","date_gmt":"2023-11-08T18:00:51","guid":{"rendered":"https:\/\/poccky.com\/?post_type=product&#038;p=351120"},"modified":"2023-11-08T18:01:06","modified_gmt":"2023-11-08T18:01:06","slug":"sacha-3","status":"publish","type":"product","link":"https:\/\/poccky.com\/index.php\/product\/sacha-3\/","title":{"rendered":"Sacha"},"content":{"rendered":"","protected":false},"excerpt":{"rendered":"<p>BONJOUR!MERCI DE LIRE MA FICHE DANS SON INTEGRALITE AVANT TOUT CONTACT!Je suis Sacha. \u00e0 la fois GFE sensuelle et\/ou PSE intense.Une jeune escorte. c\u00e9r\u00e9brale. \u00e9l\u00e9gante. Spontan\u00e9e. p\u00e9tillante. espi\u00e8gle. gentille. souriante. dr\u00f4le. mi Ange mi D\u00e9mon.  j&#8217;aime autant la douceur que l&#8217;intensit\u00e9 dans le respect mutuel.Je reserve mes services aux gentlemen. exigeants. cultiv\u00e9s. de bonne \u00e9ducation. joueurs. tr\u00e8s coquins.  \u00e0 la sant\u00e9 et \u00e0 l&#8217;hygi\u00e8ne irr\u00e9prochable !Le plaisir partag\u00e9 ainsi que la chaleur humaine sont mes priorit\u00e9s. J&#8217;aspire \u00e0 des relations suivies . (N&#8217;h\u00e9sitez pas \u00e0 me pr\u00e9senter vos d\u00e9sirs)Je suis Tr\u00e8s s\u00e9lective. mon crit\u00e8re 1er \u00e9tant le feeling. Inutile donc de vous montrer irrespectueux. grossier voire mena\u00e7ant si je refuse une rencontre. cela n&#8217;impactera en aucun cas ma d\u00e9cision !MES PHOTOS SONT R\u00c9ELLES. V\u00c9RIFI\u00c9ES PAR LE MOD\u00c9RATEUR. ET VOLONTAIREMENT NON RETOUCH\u00c9ES ! SI IL NE S&#8217;AGIT PAS DE MOI SUR CES CLICH\u00c9S. MA FOI JE VOUS PAYE LE D\u00c9PLACEMENT ! :)Mon VISAGE n&#8217;est pas visible et restera un myst\u00e8re jusqu&#8217;\u00e0 notre rencontre.  MENU PLAISIR??HYGYENE ET SANT\u00c9 IRREPROCHABLE EXIG\u00c9ES ET GARANTIES (je peux vous fournir des analyses r\u00e9centes)Tr\u00e8s GFE (sensualit\u00e9 et naturel d&#8217;une vraie petite amie)French kiss Deep french kiss Douche avant et apr\u00e8s c\u00e2linPr\u00e9liminaires gourmands et langoureux\u00c9change de caressesMassage sensuel Cunnilingus Fellation Gorge profonde 69HandjobToutes les positions (Kamasutra)Extraball (\u00e0 partir 1h30)Sexe avec pr\u00e9servatif Ejaculation (corporelle. faciale. buccale) Sexe oral jusqu&#8217;\u00e0 l&#8217;\u00e9jaculation Dresscode Lingerie Mots crusF\u00e9sseeStimulation t\u00e9tons (sucions)Fetichisme des piedsMassage de la prostate (donneuse)Anulingus (donneuse\/receveuse)Facesitting (donneuse\/receveuse)Uro (donneuse) +50soumission soft (receveuse)A+ appr\u00e9ci\u00e9 (en douceur peu exp\u00e9riment\u00e9e) +50\/rapportDOMINATION SOFT\/HARD?? \u00c0 D\u00c9TERMINER ENSEMBLE LES PRATIQUES ET LIMITES????CADEAU: INCALL.                         DUO.                 COUPLE30 min .200 roses 45 min .250 roses1H       .300 roses.      600 roses roses 1H30   .400 roses.      800 roses. roses2H       .500 roses roses rosesH sup  .250 roses roses roses\/H supNuit(7)  .1000 roses     2000 roses rosesNuit(12).1500 roses     3000 roses rosesOUTCALL.                    DUO                  COUPLE      1H . 400 rosesrosesroses1H30.600rosesrosesroses2H . 700 roses rosesrosesH sup.300 rosesrosesrosesNuit(7).1500 rosesrosesrosesNuit(12).2000roses      4000rosesroses24H . 3000rosesrosesroses48 H .5000rosesroses      8000rosesSemaine.15000roses   30000rosesroses????MES FRAIS DE D\u00c9PLACEMENT SERONT \u00c0 VOTRE CHARGE.??OUVERTE AUX PARTENAIRES MULTIPLES  MON ENVELOPPE EST \u00c0 MULTIPLIER PAR LE NOMBRE DE PARTENAIRES*le respect ainsi que la douceur devront \u00eatre de mise*??POSSIBILIT\u00c9 ACCOMPAGNEMENT. MON ENVELOPPE RESTE INCHANG\u00c9E SAUF:CLUB ECHANGISTE (ENVELOPPE DOUBL\u00c9E)CONTACTmerci de me contacter uniquement pour la prise de rdv.En prenant le soin de m&#8217;indiquer :-Pr\u00e9nom -\u00e2ge-Ville-Date de rencontre -Heure de rencontre -Dur\u00e9e de rencontre -incall ou outcallJe suis DISPONIBLE m\u00eame TARD le soir \u00e0 condition que le rdv soit s\u00e9rieux et pris \u00e0 l&#8217;avance.Pour les rdv en avance +1 semaine . merci de me joindre via mail uniquement Sachaloveluxury.gmail.com??  Abandonnons nous ensemble dans la spirale \u00e9rotique Doux baisers S. My details Below mentioned<\/p>\n<p>                Nationality:<br \/>\n                French <\/p>\n<p>                Languages:<br \/>\n                English. French<\/p>\n<p>                Age:<br \/>\n                20<\/p>\n<p>                Height:<br \/>\n                171<\/p>\n<p>                Weight:<br \/>\n                47<\/p>\n<p>                Hair:<br \/>\n                LONG BLACK<\/p>\n<p>                Eyes:<br \/>\n                BROWN<\/p>\n<p>                Measurements:<br \/>\n                80-56-85Companionship rates:<\/p>\n<p>                  1 hour rate<br \/>\n                  300 EUR<\/p>\n","protected":false},"featured_media":0,"comment_status":"open","ping_status":"closed","template":"","meta":{"site-sidebar-layout":"default","site-content-layout":"","ast-site-content-layout":"","site-content-style":"default","site-sidebar-style":"default","ast-global-header-display":"","ast-banner-title-visibility":"","ast-main-header-display":"","ast-hfb-above-header-display":"","ast-hfb-below-header-display":"","ast-hfb-mobile-header-display":"","site-post-title":"","ast-breadcrumbs-content":"","ast-featured-img":"","footer-sml-layout":"","theme-transparent-header-meta":"","adv-header-id-meta":"","stick-header-meta":"","header-above-stick-meta":"","header-main-stick-meta":"","header-below-stick-meta":"","astra-migrate-meta-layouts":"default","ast-page-background-enabled":"default","ast-page-background-meta":{"desktop":{"background-color":"var(--ast-global-color-4)","background-image":"","background-repeat":"repeat","background-position":"center center","background-size":"auto","background-attachment":"scroll","background-type":"","background-media":"","overlay-type":"","overlay-color":"","overlay-opacity":"","overlay-gradient":""},"tablet":{"background-color":"","background-image":"","background-repeat":"repeat","background-position":"center center","background-size":"auto","background-attachment":"scroll","background-type":"","background-media":"","overlay-type":"","overlay-color":"","overlay-opacity":"","overlay-gradient":""},"mobile":{"background-color":"","background-image":"","background-repeat":"repeat","background-position":"center center","background-size":"auto","background-attachment":"scroll","background-type":"","background-media":"","overlay-type":"","overlay-color":"","overlay-opacity":"","overlay-gradient":""}},"ast-content-background-meta":{"desktop":{"background-color":"var(--ast-global-color-5)","background-image":"","background-repeat":"repeat","background-position":"center center","background-size":"auto","background-attachment":"scroll","background-type":"","background-media":"","overlay-type":"","overlay-color":"","overlay-opacity":"","overlay-gradient":""},"tablet":{"background-color":"var(--ast-global-color-5)","background-image":"","background-repeat":"repeat","background-position":"center center","background-size":"auto","background-attachment":"scroll","background-type":"","background-media":"","overlay-type":"","overlay-color":"","overlay-opacity":"","overlay-gradient":""},"mobile":{"background-color":"var(--ast-global-color-5)","background-image":"","background-repeat":"repeat","background-position":"center center","background-size":"auto","background-attachment":"scroll","background-type":"","background-media":"","overlay-type":"","overlay-color":"","overlay-opacity":"","overlay-gradient":""}}},"product_brand":[],"product_cat":[244,188,1118],"product_tag":[],"class_list":{"0":"post-351120","1":"product","2":"type-product","3":"status-publish","5":"product_cat-france","6":"product_cat-freelancer","7":"product_cat-paris","8":"desktop-align-left","9":"tablet-align-left","10":"mobile-align-left","12":"first","13":"instock","14":"shipping-taxable","15":"product-type-simple"},"_links":{"self":[{"href":"https:\/\/poccky.com\/index.php\/wp-json\/wp\/v2\/product\/351120","targetHints":{"allow":["GET"]}}],"collection":[{"href":"https:\/\/poccky.com\/index.php\/wp-json\/wp\/v2\/product"}],"about":[{"href":"https:\/\/poccky.com\/index.php\/wp-json\/wp\/v2\/types\/product"}],"replies":[{"embeddable":true,"href":"https:\/\/poccky.com\/index.php\/wp-json\/wp\/v2\/comments?post=351120"}],"wp:attachment":[{"href":"https:\/\/poccky.com\/index.php\/wp-json\/wp\/v2\/media?parent=351120"}],"wp:term":[{"taxonomy":"product_brand","embeddable":true,"href":"https:\/\/poccky.com\/index.php\/wp-json\/wp\/v2\/product_brand?post=351120"},{"taxonomy":"product_cat","embeddable":true,"href":"https:\/\/poccky.com\/index.php\/wp-json\/wp\/v2\/product_cat?post=351120"},{"taxonomy":"product_tag","embeddable":true,"href":"https:\/\/poccky.com\/index.php\/wp-json\/wp\/v2\/product_tag?post=351120"}],"curies":[{"name":"wp","href":"https:\/\/api.w.org\/{rel}","templated":true}]}}