{"id":350934,"date":"2023-11-08T17:15:28","date_gmt":"2023-11-08T17:15:28","guid":{"rendered":"https:\/\/poccky.com\/?post_type=product&#038;p=350934"},"modified":"2023-11-08T17:15:41","modified_gmt":"2023-11-08T17:15:41","slug":"ann-19","status":"publish","type":"product","link":"https:\/\/poccky.com\/index.php\/product\/ann-19\/","title":{"rendered":"ANN"},"content":{"rendered":"","protected":false},"excerpt":{"rendered":"<p>Hej!<br \/>\nJag \u00e4r en set ung tjejer p\u00e5 24 \u00e5r fr\u00e5n Sydeuropa som har bott I Sverige migra \u00e5r.Pratar ganska d\u00e5lig svenska men bra engelska.<br \/>\nDu svenska m\u00e2n \u00f6ver 30 \u00e5r \u00e4r v\u00e4lkommen f\u00f6r en sk\u00f6n stund till min lilla l\u00e4genhet n\u00e4ra Stockholms innerstad.Jag kan garantera full diskretion eftersom jag \u00e4r ensam I min l\u00e4genhet och lever ett ordin\u00e4rt liv.Jag f\u00f6rv\u00e4ntar mig diskretion \u00e4ven avem dig.<br \/>\nJag har l\u00e5ngt svar her. en sexig perfekt kropp p\u00e5 49 kg och s\u00f6tt ansikte.<br \/>\nJag gillar sex och du f\u00e5r mer \u00e4n g\u00e4rna slicka mig.Suger utan kondom om du \u00e4r ren och fr\u00e4sch. Sex I olika st\u00e4llningar alltid med kondom! Du kan avsluta I min mum eller spruta p\u00e5 mig om du vill. Ej analsex!<br \/>\nI \u00f6vrigt f\u00e5r du f\u00f6resl\u00e5 vad du vill g\u00f6ra med dig.Endast fantasin s\u00e4tter gr\u00e4nser. My details Below mentioned<\/p>\n<p>                Languages:<br \/>\n                English<\/p>\n<p>                Age:<br \/>\n                24<\/p>\n<p>                Height:<br \/>\n                168<\/p>\n<p>                Weight:<br \/>\n                49<\/p>\n<p>                Hair:<br \/>\n                long black hair<\/p>\n<p>                Eyes:<br \/>\n                brownphone_call me Phone:<br \/>\n          +460720187658<\/p>\n","protected":false},"featured_media":166334,"comment_status":"open","ping_status":"closed","template":"","meta":{"site-sidebar-layout":"default","site-content-layout":"","ast-site-content-layout":"","site-content-style":"default","site-sidebar-style":"default","ast-global-header-display":"","ast-banner-title-visibility":"","ast-main-header-display":"","ast-hfb-above-header-display":"","ast-hfb-below-header-display":"","ast-hfb-mobile-header-display":"","site-post-title":"","ast-breadcrumbs-content":"","ast-featured-img":"","footer-sml-layout":"","theme-transparent-header-meta":"","adv-header-id-meta":"","stick-header-meta":"","header-above-stick-meta":"","header-main-stick-meta":"","header-below-stick-meta":"","astra-migrate-meta-layouts":"default","ast-page-background-enabled":"default","ast-page-background-meta":{"desktop":{"background-color":"var(--ast-global-color-4)","background-image":"","background-repeat":"repeat","background-position":"center center","background-size":"auto","background-attachment":"scroll","background-type":"","background-media":"","overlay-type":"","overlay-color":"","overlay-opacity":"","overlay-gradient":""},"tablet":{"background-color":"","background-image":"","background-repeat":"repeat","background-position":"center center","background-size":"auto","background-attachment":"scroll","background-type":"","background-media":"","overlay-type":"","overlay-color":"","overlay-opacity":"","overlay-gradient":""},"mobile":{"background-color":"","background-image":"","background-repeat":"repeat","background-position":"center center","background-size":"auto","background-attachment":"scroll","background-type":"","background-media":"","overlay-type":"","overlay-color":"","overlay-opacity":"","overlay-gradient":""}},"ast-content-background-meta":{"desktop":{"background-color":"var(--ast-global-color-5)","background-image":"","background-repeat":"repeat","background-position":"center center","background-size":"auto","background-attachment":"scroll","background-type":"","background-media":"","overlay-type":"","overlay-color":"","overlay-opacity":"","overlay-gradient":""},"tablet":{"background-color":"var(--ast-global-color-5)","background-image":"","background-repeat":"repeat","background-position":"center center","background-size":"auto","background-attachment":"scroll","background-type":"","background-media":"","overlay-type":"","overlay-color":"","overlay-opacity":"","overlay-gradient":""},"mobile":{"background-color":"var(--ast-global-color-5)","background-image":"","background-repeat":"repeat","background-position":"center center","background-size":"auto","background-attachment":"scroll","background-type":"","background-media":"","overlay-type":"","overlay-color":"","overlay-opacity":"","overlay-gradient":""}}},"product_brand":[],"product_cat":[188,1115,957],"product_tag":[],"class_list":{"0":"post-350934","1":"product","2":"type-product","3":"status-publish","4":"has-post-thumbnail","6":"product_cat-freelancer","7":"product_cat-stockholm","8":"product_cat-sweden","9":"desktop-align-left","10":"tablet-align-left","11":"mobile-align-left","13":"first","14":"instock","15":"shipping-taxable","16":"product-type-simple"},"_links":{"self":[{"href":"https:\/\/poccky.com\/index.php\/wp-json\/wp\/v2\/product\/350934","targetHints":{"allow":["GET"]}}],"collection":[{"href":"https:\/\/poccky.com\/index.php\/wp-json\/wp\/v2\/product"}],"about":[{"href":"https:\/\/poccky.com\/index.php\/wp-json\/wp\/v2\/types\/product"}],"replies":[{"embeddable":true,"href":"https:\/\/poccky.com\/index.php\/wp-json\/wp\/v2\/comments?post=350934"}],"wp:featuredmedia":[{"embeddable":true,"href":"https:\/\/poccky.com\/index.php\/wp-json\/wp\/v2\/media\/166334"}],"wp:attachment":[{"href":"https:\/\/poccky.com\/index.php\/wp-json\/wp\/v2\/media?parent=350934"}],"wp:term":[{"taxonomy":"product_brand","embeddable":true,"href":"https:\/\/poccky.com\/index.php\/wp-json\/wp\/v2\/product_brand?post=350934"},{"taxonomy":"product_cat","embeddable":true,"href":"https:\/\/poccky.com\/index.php\/wp-json\/wp\/v2\/product_cat?post=350934"},{"taxonomy":"product_tag","embeddable":true,"href":"https:\/\/poccky.com\/index.php\/wp-json\/wp\/v2\/product_tag?post=350934"}],"curies":[{"name":"wp","href":"https:\/\/api.w.org\/{rel}","templated":true}]}}