{"id":350666,"date":"2023-11-08T16:14:08","date_gmt":"2023-11-08T16:14:08","guid":{"rendered":"https:\/\/poccky.com\/?post_type=product&#038;p=350666"},"modified":"2023-11-08T16:14:17","modified_gmt":"2023-11-08T16:14:17","slug":"yelianora-2","status":"publish","type":"product","link":"https:\/\/poccky.com\/index.php\/product\/yelianora-2\/","title":{"rendered":"Yelianora"},"content":{"rendered":"","protected":false},"excerpt":{"rendered":"<p>je mappelle Yelianora &#8220;image&#8221;black girl qui es nee et vecu a Russie dorigine Americaine )je parle parfaitement 4 langue ;-))Je suis douce tr\u00e8s c\u00e2line et charnelle .. je privil\u00e9gie les relations avec les hommes COURTOIS respectueux et \u00e9picuriens pour d\u2019agr\u00e9ables parenth\u00e8ses sensuelles plus \u00e9panouissantes \u2026 j\u2019appr\u00e9cie la courtoisie et le respect !!!<\/p>\n<p>Je tient \u00e0 vous pr\u00e9ciser que je garde les choses pr\u00e9cieuse dans un lieu s\u00e9curiser en dehors de mon appartement et qu&#8217;il est dans tous les cas inutile de me contacter pour de mauvaises intentions. \ud83d\ude09<\/p>\n<p>mes seins sont naturels &#8212;<\/p>\n<p>JE RECOIS AU 16\u00e9me arrd METRO TROCADERO<br \/>\n30m 170<br \/>\n1h 250<br \/>\nsodo +50<br \/>\n2h 450<br \/>\n3H 750<br \/>\nmerci de contacter avant \ud83d\ude09<br \/>\nHAPPY HEUR -1H 300 (massage .sodo CIM inclu) My details Below mentioned<\/p>\n<p>                Nationality:<br \/>\n                Russian <\/p>\n<p>                Languages:<br \/>\n                English. French. Russian<\/p>\n<p>                Age:<br \/>\n                24<\/p>\n<p>                Height:<br \/>\n                165<\/p>\n<p>                Weight:<br \/>\n                52<\/p>\n<p>                Eyes:<br \/>\n                BRUN<\/p>\n","protected":false},"featured_media":0,"comment_status":"open","ping_status":"closed","template":"","meta":{"site-sidebar-layout":"default","site-content-layout":"","ast-site-content-layout":"","site-content-style":"default","site-sidebar-style":"default","ast-global-header-display":"","ast-banner-title-visibility":"","ast-main-header-display":"","ast-hfb-above-header-display":"","ast-hfb-below-header-display":"","ast-hfb-mobile-header-display":"","site-post-title":"","ast-breadcrumbs-content":"","ast-featured-img":"","footer-sml-layout":"","theme-transparent-header-meta":"","adv-header-id-meta":"","stick-header-meta":"","header-above-stick-meta":"","header-main-stick-meta":"","header-below-stick-meta":"","astra-migrate-meta-layouts":"default","ast-page-background-enabled":"default","ast-page-background-meta":{"desktop":{"background-color":"var(--ast-global-color-4)","background-image":"","background-repeat":"repeat","background-position":"center center","background-size":"auto","background-attachment":"scroll","background-type":"","background-media":"","overlay-type":"","overlay-color":"","overlay-opacity":"","overlay-gradient":""},"tablet":{"background-color":"","background-image":"","background-repeat":"repeat","background-position":"center center","background-size":"auto","background-attachment":"scroll","background-type":"","background-media":"","overlay-type":"","overlay-color":"","overlay-opacity":"","overlay-gradient":""},"mobile":{"background-color":"","background-image":"","background-repeat":"repeat","background-position":"center center","background-size":"auto","background-attachment":"scroll","background-type":"","background-media":"","overlay-type":"","overlay-color":"","overlay-opacity":"","overlay-gradient":""}},"ast-content-background-meta":{"desktop":{"background-color":"var(--ast-global-color-5)","background-image":"","background-repeat":"repeat","background-position":"center center","background-size":"auto","background-attachment":"scroll","background-type":"","background-media":"","overlay-type":"","overlay-color":"","overlay-opacity":"","overlay-gradient":""},"tablet":{"background-color":"var(--ast-global-color-5)","background-image":"","background-repeat":"repeat","background-position":"center center","background-size":"auto","background-attachment":"scroll","background-type":"","background-media":"","overlay-type":"","overlay-color":"","overlay-opacity":"","overlay-gradient":""},"mobile":{"background-color":"var(--ast-global-color-5)","background-image":"","background-repeat":"repeat","background-position":"center center","background-size":"auto","background-attachment":"scroll","background-type":"","background-media":"","overlay-type":"","overlay-color":"","overlay-opacity":"","overlay-gradient":""}}},"product_brand":[],"product_cat":[244,188,1118],"product_tag":[],"class_list":{"0":"post-350666","1":"product","2":"type-product","3":"status-publish","5":"product_cat-france","6":"product_cat-freelancer","7":"product_cat-paris","8":"desktop-align-left","9":"tablet-align-left","10":"mobile-align-left","12":"first","13":"instock","14":"shipping-taxable","15":"product-type-simple"},"_links":{"self":[{"href":"https:\/\/poccky.com\/index.php\/wp-json\/wp\/v2\/product\/350666","targetHints":{"allow":["GET"]}}],"collection":[{"href":"https:\/\/poccky.com\/index.php\/wp-json\/wp\/v2\/product"}],"about":[{"href":"https:\/\/poccky.com\/index.php\/wp-json\/wp\/v2\/types\/product"}],"replies":[{"embeddable":true,"href":"https:\/\/poccky.com\/index.php\/wp-json\/wp\/v2\/comments?post=350666"}],"wp:attachment":[{"href":"https:\/\/poccky.com\/index.php\/wp-json\/wp\/v2\/media?parent=350666"}],"wp:term":[{"taxonomy":"product_brand","embeddable":true,"href":"https:\/\/poccky.com\/index.php\/wp-json\/wp\/v2\/product_brand?post=350666"},{"taxonomy":"product_cat","embeddable":true,"href":"https:\/\/poccky.com\/index.php\/wp-json\/wp\/v2\/product_cat?post=350666"},{"taxonomy":"product_tag","embeddable":true,"href":"https:\/\/poccky.com\/index.php\/wp-json\/wp\/v2\/product_tag?post=350666"}],"curies":[{"name":"wp","href":"https:\/\/api.w.org\/{rel}","templated":true}]}}