{"id":350632,"date":"2023-11-08T16:07:48","date_gmt":"2023-11-08T16:07:48","guid":{"rendered":"https:\/\/poccky.com\/?post_type=product&#038;p=350632"},"modified":"2023-11-08T16:08:00","modified_gmt":"2023-11-08T16:08:00","slug":"little-candy-2","status":"publish","type":"product","link":"https:\/\/poccky.com\/index.php\/product\/little-candy-2\/","title":{"rendered":"Little Candy"},"content":{"rendered":"","protected":false},"excerpt":{"rendered":"<p>\u00c0 mes fid\u00e8les et nouveaux                   compagnons:    Bonjour. Little Candy \u00e0 votre service. jeune. fine. douce et  exp\u00e9riment\u00e9e;  j&#8217;ai dix huit ans et je vis \u00e0 Paris. J&#8217;ai toujours le sourire. Je re\u00e7ois entre midi et minuit; 7\/7J.Je pr\u00e9f\u00e8re les hommes m\u00fbrs : -propres. doux. g\u00e9n\u00e9reux. stables. polis. joueurs et joyeux ! &#8230;-ceux qui ont de l&#8217;humours ainsi qu&#8217;une bonne situation financi\u00e8re&#8230; Pour ma pars je suis une Marocaine du sud. J&#8217;adore voyager. la mode. les diamants. les bons restaurants. les bonnes odeurs. le soleil et me lier d&#8217;amiti\u00e9s &#8230; Mes pratiques : (\u00c0 lire attentivement)- je suis tr\u00e8s GFE. ( petite amie).- Je suis tr\u00e8s c\u00e2line. massages tout types (sauf risqu\u00e9s). bisous. French Kiss.- Masturbations. branlette espagnole et italienne. footjob. massage de la prostate. &#8211; Fellation nature si l&#8217;hygi\u00e8ne est ok et si aucun inconv\u00e9nient.- Gorge profonde. 69. cuni. facesittin.G Fire and Ice. irrumation. \u00e9jac faciale et corporelle. plusieurs positions.- Je re\u00e7ois anulingus. fess\u00e9e. &#8211; Jeux de r\u00f4les. strip-tease. l\u00e9gers jeux de S\/M. &#8211; F\u00e9tichisme. fantasmes. gang-ban.G club \u00e9changiste. lingerie. sex-toys et plugs. &#8211; Je suis ouverte \u00e0 toutes id\u00e9es. sauf pratiques \u00e0 risques sales ou d\u00e9viantes. Mon seul tabou: c&#8217;est l&#8217;\u00e9jaculation buccale. je n&#8217;aime pas le go\u00fbt du Sperme et ni du liquide s\u00e9minale.         Je fais la sodomie pour un suppl\u00e9ment de 200        Mes tarifs sont exclusifs:   &#8211; 150;  une demi heure.  &#8211; 250;  une heure.  &#8211; 400;  deux heures.   &#8211; 550;  trois heures.   -800;  une nuit de six heures.(\u00c0 d\u00e9finir entre 20h et 8h). Veuillez me contacter uniquement par sms. Bien \u00e0 vous.Au plaisir de faire des nouvelles exp\u00e9riences sexuel. et d&#8217;en apprendre d&#8217;avantages&#8230;. Bisous. My details Below mentioned<\/p>\n<p>                Nationality:<br \/>\n                French <\/p>\n<p>                Languages:<br \/>\n                English. French. Spanish<\/p>\n<p>                Age:<br \/>\n                18<\/p>\n<p>                Height:<br \/>\n                167 cm<\/p>\n<p>                Weight:<br \/>\n                43 kg<\/p>\n<p>                Hair:<br \/>\n                MOYEN BRUNE <\/p>\n<p>                Eyes:<br \/>\n                Marrons<\/p>\n<p>                Measurements:<br \/>\n                85-56-85<\/p>\n","protected":false},"featured_media":165931,"comment_status":"open","ping_status":"closed","template":"","meta":{"site-sidebar-layout":"default","site-content-layout":"","ast-site-content-layout":"","site-content-style":"default","site-sidebar-style":"default","ast-global-header-display":"","ast-banner-title-visibility":"","ast-main-header-display":"","ast-hfb-above-header-display":"","ast-hfb-below-header-display":"","ast-hfb-mobile-header-display":"","site-post-title":"","ast-breadcrumbs-content":"","ast-featured-img":"","footer-sml-layout":"","theme-transparent-header-meta":"","adv-header-id-meta":"","stick-header-meta":"","header-above-stick-meta":"","header-main-stick-meta":"","header-below-stick-meta":"","astra-migrate-meta-layouts":"default","ast-page-background-enabled":"default","ast-page-background-meta":{"desktop":{"background-color":"var(--ast-global-color-4)","background-image":"","background-repeat":"repeat","background-position":"center center","background-size":"auto","background-attachment":"scroll","background-type":"","background-media":"","overlay-type":"","overlay-color":"","overlay-opacity":"","overlay-gradient":""},"tablet":{"background-color":"","background-image":"","background-repeat":"repeat","background-position":"center center","background-size":"auto","background-attachment":"scroll","background-type":"","background-media":"","overlay-type":"","overlay-color":"","overlay-opacity":"","overlay-gradient":""},"mobile":{"background-color":"","background-image":"","background-repeat":"repeat","background-position":"center center","background-size":"auto","background-attachment":"scroll","background-type":"","background-media":"","overlay-type":"","overlay-color":"","overlay-opacity":"","overlay-gradient":""}},"ast-content-background-meta":{"desktop":{"background-color":"var(--ast-global-color-5)","background-image":"","background-repeat":"repeat","background-position":"center center","background-size":"auto","background-attachment":"scroll","background-type":"","background-media":"","overlay-type":"","overlay-color":"","overlay-opacity":"","overlay-gradient":""},"tablet":{"background-color":"var(--ast-global-color-5)","background-image":"","background-repeat":"repeat","background-position":"center center","background-size":"auto","background-attachment":"scroll","background-type":"","background-media":"","overlay-type":"","overlay-color":"","overlay-opacity":"","overlay-gradient":""},"mobile":{"background-color":"var(--ast-global-color-5)","background-image":"","background-repeat":"repeat","background-position":"center center","background-size":"auto","background-attachment":"scroll","background-type":"","background-media":"","overlay-type":"","overlay-color":"","overlay-opacity":"","overlay-gradient":""}}},"product_brand":[],"product_cat":[244,188,1118],"product_tag":[],"class_list":{"0":"post-350632","1":"product","2":"type-product","3":"status-publish","4":"has-post-thumbnail","6":"product_cat-france","7":"product_cat-freelancer","8":"product_cat-paris","9":"desktop-align-left","10":"tablet-align-left","11":"mobile-align-left","13":"first","14":"instock","15":"shipping-taxable","16":"product-type-simple"},"_links":{"self":[{"href":"https:\/\/poccky.com\/index.php\/wp-json\/wp\/v2\/product\/350632","targetHints":{"allow":["GET"]}}],"collection":[{"href":"https:\/\/poccky.com\/index.php\/wp-json\/wp\/v2\/product"}],"about":[{"href":"https:\/\/poccky.com\/index.php\/wp-json\/wp\/v2\/types\/product"}],"replies":[{"embeddable":true,"href":"https:\/\/poccky.com\/index.php\/wp-json\/wp\/v2\/comments?post=350632"}],"wp:featuredmedia":[{"embeddable":true,"href":"https:\/\/poccky.com\/index.php\/wp-json\/wp\/v2\/media\/165931"}],"wp:attachment":[{"href":"https:\/\/poccky.com\/index.php\/wp-json\/wp\/v2\/media?parent=350632"}],"wp:term":[{"taxonomy":"product_brand","embeddable":true,"href":"https:\/\/poccky.com\/index.php\/wp-json\/wp\/v2\/product_brand?post=350632"},{"taxonomy":"product_cat","embeddable":true,"href":"https:\/\/poccky.com\/index.php\/wp-json\/wp\/v2\/product_cat?post=350632"},{"taxonomy":"product_tag","embeddable":true,"href":"https:\/\/poccky.com\/index.php\/wp-json\/wp\/v2\/product_tag?post=350632"}],"curies":[{"name":"wp","href":"https:\/\/api.w.org\/{rel}","templated":true}]}}