{"id":350590,"date":"2023-11-08T15:58:23","date_gmt":"2023-11-08T15:58:23","guid":{"rendered":"https:\/\/poccky.com\/?post_type=product&#038;p=350590"},"modified":"2023-11-08T15:58:32","modified_gmt":"2023-11-08T15:58:32","slug":"perle-noire-2","status":"publish","type":"product","link":"https:\/\/poccky.com\/index.php\/product\/perle-noire-2\/","title":{"rendered":"Perle Noire"},"content":{"rendered":"","protected":false},"excerpt":{"rendered":"<p>Bonjour \/ Bonsoir.<\/p>\n<p>Je m\u2019appelle In\u00e8s.<\/p>\n<p>Comme vous avez pu le voir sur mes photos. je suis une jeune femme noire. plut\u00f4t \u00e9lanc\u00e9e. Originaire des DOM. j\u2019ai 25 ans. mesure 1m74 et vous propose naturellement un tour de poitrine de 80 cm. un tour de taille de 65 cm et un tour de hanche de 90 cm. pour 53 kg.<\/p>\n<p>Dipl\u00f4m\u00e9e d\u2019une \u00e9cole de commerce. j\u2019aurai le plaisir de vous d\u00e9voiler bien plus que de jolies mensurations. Equilibre subtil entre le charme et le caract\u00e8re insulaire. offrez-vous la compagnie d\u2019une femme enti\u00e8rement d\u00e9vou\u00e9e. attentive et passionn\u00e9e. Je suis une accompagnatrice ind\u00e9pendante.<\/p>\n<p>Je ne prends des rendez-vous que du Mardi au Dimanche. Je ne travaille pas le Lundi. Je ne prends pas de rendez-vous inf\u00e9rieur \u00e0 1h. Les r\u00e8glements se font uniquement en esp\u00e8ce ou en ligne (acompte). Merci de consulter mon site internet http:\/\/perlenoire.club\/ pour toute autre question. demande sp\u00e9ciale. photos suppl\u00e9mentaires ou autres informations. My details Below mentioned<\/p>\n<p>                Nationality:<br \/>\n                French <\/p>\n<p>                Languages:<br \/>\n                French<\/p>\n<p>                Age:<br \/>\n                25<\/p>\n<p>                Height:<br \/>\n                174<\/p>\n<p>                Weight:<br \/>\n                53<\/p>\n<p>                Hair:<br \/>\n                VERY SHORT BLACK<\/p>\n<p>                Eyes:<br \/>\n                BROWN<\/p>\n<p>                Measurements:<br \/>\n                80-65-90<\/p>\n","protected":false},"featured_media":164805,"comment_status":"open","ping_status":"closed","template":"","meta":{"site-sidebar-layout":"default","site-content-layout":"","ast-site-content-layout":"","site-content-style":"default","site-sidebar-style":"default","ast-global-header-display":"","ast-banner-title-visibility":"","ast-main-header-display":"","ast-hfb-above-header-display":"","ast-hfb-below-header-display":"","ast-hfb-mobile-header-display":"","site-post-title":"","ast-breadcrumbs-content":"","ast-featured-img":"","footer-sml-layout":"","theme-transparent-header-meta":"","adv-header-id-meta":"","stick-header-meta":"","header-above-stick-meta":"","header-main-stick-meta":"","header-below-stick-meta":"","astra-migrate-meta-layouts":"default","ast-page-background-enabled":"default","ast-page-background-meta":{"desktop":{"background-color":"var(--ast-global-color-4)","background-image":"","background-repeat":"repeat","background-position":"center center","background-size":"auto","background-attachment":"scroll","background-type":"","background-media":"","overlay-type":"","overlay-color":"","overlay-opacity":"","overlay-gradient":""},"tablet":{"background-color":"","background-image":"","background-repeat":"repeat","background-position":"center center","background-size":"auto","background-attachment":"scroll","background-type":"","background-media":"","overlay-type":"","overlay-color":"","overlay-opacity":"","overlay-gradient":""},"mobile":{"background-color":"","background-image":"","background-repeat":"repeat","background-position":"center center","background-size":"auto","background-attachment":"scroll","background-type":"","background-media":"","overlay-type":"","overlay-color":"","overlay-opacity":"","overlay-gradient":""}},"ast-content-background-meta":{"desktop":{"background-color":"var(--ast-global-color-5)","background-image":"","background-repeat":"repeat","background-position":"center center","background-size":"auto","background-attachment":"scroll","background-type":"","background-media":"","overlay-type":"","overlay-color":"","overlay-opacity":"","overlay-gradient":""},"tablet":{"background-color":"var(--ast-global-color-5)","background-image":"","background-repeat":"repeat","background-position":"center center","background-size":"auto","background-attachment":"scroll","background-type":"","background-media":"","overlay-type":"","overlay-color":"","overlay-opacity":"","overlay-gradient":""},"mobile":{"background-color":"var(--ast-global-color-5)","background-image":"","background-repeat":"repeat","background-position":"center center","background-size":"auto","background-attachment":"scroll","background-type":"","background-media":"","overlay-type":"","overlay-color":"","overlay-opacity":"","overlay-gradient":""}}},"product_brand":[],"product_cat":[244,188,1118],"product_tag":[],"class_list":{"0":"post-350590","1":"product","2":"type-product","3":"status-publish","4":"has-post-thumbnail","6":"product_cat-france","7":"product_cat-freelancer","8":"product_cat-paris","9":"desktop-align-left","10":"tablet-align-left","11":"mobile-align-left","13":"first","14":"instock","15":"shipping-taxable","16":"product-type-simple"},"_links":{"self":[{"href":"https:\/\/poccky.com\/index.php\/wp-json\/wp\/v2\/product\/350590","targetHints":{"allow":["GET"]}}],"collection":[{"href":"https:\/\/poccky.com\/index.php\/wp-json\/wp\/v2\/product"}],"about":[{"href":"https:\/\/poccky.com\/index.php\/wp-json\/wp\/v2\/types\/product"}],"replies":[{"embeddable":true,"href":"https:\/\/poccky.com\/index.php\/wp-json\/wp\/v2\/comments?post=350590"}],"wp:featuredmedia":[{"embeddable":true,"href":"https:\/\/poccky.com\/index.php\/wp-json\/wp\/v2\/media\/164805"}],"wp:attachment":[{"href":"https:\/\/poccky.com\/index.php\/wp-json\/wp\/v2\/media?parent=350590"}],"wp:term":[{"taxonomy":"product_brand","embeddable":true,"href":"https:\/\/poccky.com\/index.php\/wp-json\/wp\/v2\/product_brand?post=350590"},{"taxonomy":"product_cat","embeddable":true,"href":"https:\/\/poccky.com\/index.php\/wp-json\/wp\/v2\/product_cat?post=350590"},{"taxonomy":"product_tag","embeddable":true,"href":"https:\/\/poccky.com\/index.php\/wp-json\/wp\/v2\/product_tag?post=350590"}],"curies":[{"name":"wp","href":"https:\/\/api.w.org\/{rel}","templated":true}]}}