{"id":350322,"date":"2023-11-08T14:50:59","date_gmt":"2023-11-08T14:50:59","guid":{"rendered":"https:\/\/poccky.com\/?post_type=product&#038;p=350322"},"modified":"2023-11-08T14:51:18","modified_gmt":"2023-11-08T14:51:18","slug":"emily-your-exclusive-companion-5","status":"publish","type":"product","link":"https:\/\/poccky.com\/index.php\/product\/emily-your-exclusive-companion-5\/","title":{"rendered":"Emily Your Exclusive Companion"},"content":{"rendered":"","protected":false},"excerpt":{"rendered":"<p>SINGAPORE: November 21\/22&#8230;..28\/29\/30 December 1\/2\/3\/4&#8230;&#8230;.16<br \/>\nKuala Lumpur: November 23\/24\/25\/26\/27<br \/>\nHong-Kong: December 5\/6\/7\/8\/9\/10\/11\/12\/13\/14\/15<\/p>\n<p>whatsap 0033761432381<\/p>\n<p>Hi. i am Emily. french model in the late twenties. i have Dutch roots and keep my body fit with yoga and fitness\u2026<\/p>\n<p>I live on my own in an exquisite luxury apartment in Paris 5th. easy to park close by and extremely discreet (discount on incall rate). also you can ask me to visit you at your place or hotel. and be your companion for diner or even a trip.<\/p>\n<p>When i travel. i stay in a discreet luxury apartment. or a high standard convenient hotel.<\/p>\n<p>In order to please you. rates are adapted to the city of encounter.<\/p>\n<p>You want and need discretion in public. nevertheless allowing our senses to explode in sensuality while exploring with you your sexiest fantasies when it is play time!<\/p>\n<p>You must have many please write me an email ( parisiandoll.gmail.com ) about them and the perfect rendez-vous you desire!<\/p>\n<p>My phone number is to schedule appointments only. as just like you i have a regular career and need an absolute discretion.<\/p>\n<p>Fran\u00e7ais :<\/p>\n<p>Bonjour. je suis Emily . mannequin de 29 ans aux origines hollandaises. j&#8217;entretiens mon physique avec du fitness et du yoga.<\/p>\n<p>Je vis seule dans un tr\u00e8s bel appartement de Paris 5e . o\u00f9 il est facile de se garer et d&#8217;acc\u00e9der en toute discr\u00e9tion ( discount sur tarif incall). vous pouvez aussi me demander de venir vous rendre visite chez vous ou \u00e0 votre h\u00f4tel.<\/p>\n<p>En voyage. c&#8217;est toujours dans un appartement luxueux et discret que nous pouvons nous rencontrer.<\/p>\n<p>Discr\u00e9tion et distinction en publique sont importantes pour vous . mais dans l intimit\u00e9 c&#8217;est l&#8217;ultra sensualit\u00e9 qui vous fait chavirer dans un monde de plaisirs des 5 sens o\u00f9 nous ferons tomber tabous et limites pour s&#8217;\u00e9vader !<\/p>\n<p>Vous devez avoir des n&#8217;h\u00e9sitez pas \u00e0 m&#8217;en faire part en m&#8217;\u00e9crivant un email \u00e0 parisiandoll.gmail.com My details Below mentioned<\/p>\n<p>                Nationality:<br \/>\n                French <\/p>\n<p>                Languages:<br \/>\n                English. French. Italian. Spanish<\/p>\n<p>                Age:<br \/>\n                29<\/p>\n<p>                Height:<br \/>\n                178<\/p>\n<p>                Weight:<br \/>\n                58<\/p>\n<p>                Hair:<br \/>\n                Very Long Blond<\/p>\n<p>                Eyes:<br \/>\n                Blue<\/p>\n<p>                Measurements:<br \/>\n                95 63 93phone_call me Phone:<br \/>\n          0033761432381<\/p>\n","protected":false},"featured_media":165083,"comment_status":"open","ping_status":"closed","template":"","meta":{"site-sidebar-layout":"default","site-content-layout":"","ast-site-content-layout":"","site-content-style":"default","site-sidebar-style":"default","ast-global-header-display":"","ast-banner-title-visibility":"","ast-main-header-display":"","ast-hfb-above-header-display":"","ast-hfb-below-header-display":"","ast-hfb-mobile-header-display":"","site-post-title":"","ast-breadcrumbs-content":"","ast-featured-img":"","footer-sml-layout":"","theme-transparent-header-meta":"","adv-header-id-meta":"","stick-header-meta":"","header-above-stick-meta":"","header-main-stick-meta":"","header-below-stick-meta":"","astra-migrate-meta-layouts":"default","ast-page-background-enabled":"default","ast-page-background-meta":{"desktop":{"background-color":"var(--ast-global-color-4)","background-image":"","background-repeat":"repeat","background-position":"center center","background-size":"auto","background-attachment":"scroll","background-type":"","background-media":"","overlay-type":"","overlay-color":"","overlay-opacity":"","overlay-gradient":""},"tablet":{"background-color":"","background-image":"","background-repeat":"repeat","background-position":"center center","background-size":"auto","background-attachment":"scroll","background-type":"","background-media":"","overlay-type":"","overlay-color":"","overlay-opacity":"","overlay-gradient":""},"mobile":{"background-color":"","background-image":"","background-repeat":"repeat","background-position":"center center","background-size":"auto","background-attachment":"scroll","background-type":"","background-media":"","overlay-type":"","overlay-color":"","overlay-opacity":"","overlay-gradient":""}},"ast-content-background-meta":{"desktop":{"background-color":"var(--ast-global-color-5)","background-image":"","background-repeat":"repeat","background-position":"center center","background-size":"auto","background-attachment":"scroll","background-type":"","background-media":"","overlay-type":"","overlay-color":"","overlay-opacity":"","overlay-gradient":""},"tablet":{"background-color":"var(--ast-global-color-5)","background-image":"","background-repeat":"repeat","background-position":"center center","background-size":"auto","background-attachment":"scroll","background-type":"","background-media":"","overlay-type":"","overlay-color":"","overlay-opacity":"","overlay-gradient":""},"mobile":{"background-color":"var(--ast-global-color-5)","background-image":"","background-repeat":"repeat","background-position":"center center","background-size":"auto","background-attachment":"scroll","background-type":"","background-media":"","overlay-type":"","overlay-color":"","overlay-opacity":"","overlay-gradient":""}}},"product_brand":[],"product_cat":[188,1133,801],"product_tag":[],"class_list":{"0":"post-350322","1":"product","2":"type-product","3":"status-publish","4":"has-post-thumbnail","6":"product_cat-freelancer","7":"product_cat-kuala-lumpur","8":"product_cat-malaysia","9":"desktop-align-left","10":"tablet-align-left","11":"mobile-align-left","13":"first","14":"instock","15":"shipping-taxable","16":"product-type-simple"},"_links":{"self":[{"href":"https:\/\/poccky.com\/index.php\/wp-json\/wp\/v2\/product\/350322","targetHints":{"allow":["GET"]}}],"collection":[{"href":"https:\/\/poccky.com\/index.php\/wp-json\/wp\/v2\/product"}],"about":[{"href":"https:\/\/poccky.com\/index.php\/wp-json\/wp\/v2\/types\/product"}],"replies":[{"embeddable":true,"href":"https:\/\/poccky.com\/index.php\/wp-json\/wp\/v2\/comments?post=350322"}],"wp:featuredmedia":[{"embeddable":true,"href":"https:\/\/poccky.com\/index.php\/wp-json\/wp\/v2\/media\/165083"}],"wp:attachment":[{"href":"https:\/\/poccky.com\/index.php\/wp-json\/wp\/v2\/media?parent=350322"}],"wp:term":[{"taxonomy":"product_brand","embeddable":true,"href":"https:\/\/poccky.com\/index.php\/wp-json\/wp\/v2\/product_brand?post=350322"},{"taxonomy":"product_cat","embeddable":true,"href":"https:\/\/poccky.com\/index.php\/wp-json\/wp\/v2\/product_cat?post=350322"},{"taxonomy":"product_tag","embeddable":true,"href":"https:\/\/poccky.com\/index.php\/wp-json\/wp\/v2\/product_tag?post=350322"}],"curies":[{"name":"wp","href":"https:\/\/api.w.org\/{rel}","templated":true}]}}