{"id":350096,"date":"2023-11-08T11:08:43","date_gmt":"2023-11-08T11:08:43","guid":{"rendered":"https:\/\/poccky.com\/?post_type=product&#038;p=350096"},"modified":"2023-11-08T11:09:04","modified_gmt":"2023-11-08T11:09:04","slug":"jenna-sager-2","status":"publish","type":"product","link":"https:\/\/poccky.com\/index.php\/product\/jenna-sager-2\/","title":{"rendered":"Jenna Sager"},"content":{"rendered":"","protected":false},"excerpt":{"rendered":"<p>DOMINA &#8211; MOGEN. SNY.GG HELSVENSK.<\/p>\n<p>Domina Jenna Sager i Stockholm &#8211; svensk. mogen. vacker &#8211; erbjuder h\u00f6gklassiga BDSM-sessioner i Stockholm (endast outcall):<\/p>\n<p>Erfaren. kunni.G engagerad. ink\u00e4nnande. s\u00e4kerhetsmedveten och med ett genuint intresse f\u00f6r BDSM. f\u00f6r olika fetischer samt f\u00f6r personen jag f\u00f6r tillf\u00e4llet f\u00e5tt f\u00f6rtroendet att ta kontroll \u00f6ver och ge en upplevelse &#8211; utifr\u00e5n just den individens behov och \u00f6nskningar.<\/p>\n<p>Att grovt f\u00f6rnedra n\u00e5gon passar inte min personlighet. Jag har d\u00e4remot inga problem med att tillfoga sm\u00e4rta (tv\u00e4rtom s\u00e5 \u00e4r det n\u00e5got jag verkligen gillar) och inte heller med fysisk n\u00e4rhet. Jag tycker om att blanda mjukt och h\u00e5rt och efterstr\u00e4var en k\u00e4nsla av stark n\u00e4rvaro i en session. Eftersom jag sj\u00e4lv vill f\u00e5 ut n\u00e5got av sessionen (ut\u00f6ver arvodet) s\u00e5 accepterar jag endast uppdrag jag finner intressanta och sp\u00e4nnande.<\/p>\n<p>Det \u00e4r min best\u00e4mda uppfattning att Dominans \u00f6dmjukhet inf\u00f6r den speciella situationen en session inneb\u00e4r &#8211; paradoxalt nog \u00e4r en f\u00f6ruts\u00e4ttning f\u00f6r att det skall kunna bli riktigt bra. Vem som helst kan kalla sig domina. piska n\u00e5gon och ta betalt &#8211; men bra BDSM \u00e4r s\u00e5 mycket mer.<\/p>\n<p>Olika fetischer<\/p>\n<p>Mjuk dominans<\/p>\n<p>Ordergivnin.G slavkommendering<\/p>\n<p>Tillr\u00e4ttavisningar<\/p>\n<p>L\u00e4tt f\u00f6rnedring<\/p>\n<p>Feminisering<\/p>\n<p>Bondage (rep. bojor)<\/p>\n<p>Sm\u00e4rta: \u00f6rfilar. smisk. OTK. piskor. floggin.G kl\u00e4mmor. CBT. ballbusting m.m.<\/p>\n<p>Findom<\/p>\n<p>Fotdyrkan<\/p>\n<p>Trampling<\/p>\n<p>Wet<\/p>\n<p>Ass-worship<\/p>\n<p>Offentlig f\u00f6rnedring &#8211; t.ex p\u00e5 fetischklubb (du kan vara maskerad). shoppingrunda i samband med findom osv.<\/p>\n<p>S\u00e4llskapstj\u00e4nster &#8211; t.ex middagstr\u00e4ffar.<\/p>\n<p>Ej samla.G brottnin.G fistin.G scat eller grov f\u00f6rnedring.<\/p>\n<p>Ans\u00f6kan om session till: jennaescortsthlm.gmail.com<\/p>\n<p>Skicka ett mail och ber\u00e4tta lite om dig sj\u00e4lv samt en beskrivning av vad du \u00f6nskar uppleva med mig.<\/p>\n<p>Jag f\u00f6redrar mailkontakt i ett inledande skede &#8211; men i undantagsfall s\u00e5 kan \u00e4ven SMS fungera &#8211; jag svarar ej p\u00e5 samtal fr\u00e5n ok\u00e4nda nummmer!<\/p>\n<p>jennaescortsthlm.gmail.com<\/p>\n<p>072 523 49 55<\/p>\n<p>Ber\u00e4tta om eventuella tidigare erfarenheter inom detta omr\u00e5de.<\/p>\n<p>Tala om var i Stockholm sessionen skulle \u00e4ga rum (jag har inte egen studio).<br \/>\nJag vill \u00e4ven veta hur\/var du hittade mig (inte bara &#8220;p\u00e5 n\u00e4tet&#8221; &#8211; utan var p\u00e5 n\u00e4tet).<br \/>\nVi kommer naturligtvis \u00e4ven att ha telefonkontakt innan definitiv bokning.<\/p>\n<p>Arvoden:<br \/>\n60 min 3000 SEK<br \/>\n90 min 3500 SEK<br \/>\n120 min 4000 SEK My details Below mentioned<\/p>\n<p>                Nationality:<br \/>\n                Swedish <\/p>\n<p>                Height:<br \/>\n                168<\/p>\n<p>                Weight:<br \/>\n                59phone_call me Phone:<br \/>\n          +46725234955Companionship rates:<\/p>\n<p>                  1 hour rate<br \/>\n                  3000 SEK<\/p>\n<p>                  2 hours rate<br \/>\n                  4000 SEK<\/p>\n","protected":false},"featured_media":165020,"comment_status":"open","ping_status":"closed","template":"","meta":{"site-sidebar-layout":"default","site-content-layout":"","ast-site-content-layout":"","site-content-style":"default","site-sidebar-style":"default","ast-global-header-display":"","ast-banner-title-visibility":"","ast-main-header-display":"","ast-hfb-above-header-display":"","ast-hfb-below-header-display":"","ast-hfb-mobile-header-display":"","site-post-title":"","ast-breadcrumbs-content":"","ast-featured-img":"","footer-sml-layout":"","theme-transparent-header-meta":"","adv-header-id-meta":"","stick-header-meta":"","header-above-stick-meta":"","header-main-stick-meta":"","header-below-stick-meta":"","astra-migrate-meta-layouts":"default","ast-page-background-enabled":"default","ast-page-background-meta":{"desktop":{"background-color":"var(--ast-global-color-4)","background-image":"","background-repeat":"repeat","background-position":"center center","background-size":"auto","background-attachment":"scroll","background-type":"","background-media":"","overlay-type":"","overlay-color":"","overlay-opacity":"","overlay-gradient":""},"tablet":{"background-color":"","background-image":"","background-repeat":"repeat","background-position":"center center","background-size":"auto","background-attachment":"scroll","background-type":"","background-media":"","overlay-type":"","overlay-color":"","overlay-opacity":"","overlay-gradient":""},"mobile":{"background-color":"","background-image":"","background-repeat":"repeat","background-position":"center center","background-size":"auto","background-attachment":"scroll","background-type":"","background-media":"","overlay-type":"","overlay-color":"","overlay-opacity":"","overlay-gradient":""}},"ast-content-background-meta":{"desktop":{"background-color":"var(--ast-global-color-5)","background-image":"","background-repeat":"repeat","background-position":"center center","background-size":"auto","background-attachment":"scroll","background-type":"","background-media":"","overlay-type":"","overlay-color":"","overlay-opacity":"","overlay-gradient":""},"tablet":{"background-color":"var(--ast-global-color-5)","background-image":"","background-repeat":"repeat","background-position":"center center","background-size":"auto","background-attachment":"scroll","background-type":"","background-media":"","overlay-type":"","overlay-color":"","overlay-opacity":"","overlay-gradient":""},"mobile":{"background-color":"var(--ast-global-color-5)","background-image":"","background-repeat":"repeat","background-position":"center center","background-size":"auto","background-attachment":"scroll","background-type":"","background-media":"","overlay-type":"","overlay-color":"","overlay-opacity":"","overlay-gradient":""}}},"product_brand":[],"product_cat":[188,1115,957],"product_tag":[],"class_list":{"0":"post-350096","1":"product","2":"type-product","3":"status-publish","4":"has-post-thumbnail","6":"product_cat-freelancer","7":"product_cat-stockholm","8":"product_cat-sweden","9":"desktop-align-left","10":"tablet-align-left","11":"mobile-align-left","13":"first","14":"instock","15":"shipping-taxable","16":"product-type-simple"},"_links":{"self":[{"href":"https:\/\/poccky.com\/index.php\/wp-json\/wp\/v2\/product\/350096","targetHints":{"allow":["GET"]}}],"collection":[{"href":"https:\/\/poccky.com\/index.php\/wp-json\/wp\/v2\/product"}],"about":[{"href":"https:\/\/poccky.com\/index.php\/wp-json\/wp\/v2\/types\/product"}],"replies":[{"embeddable":true,"href":"https:\/\/poccky.com\/index.php\/wp-json\/wp\/v2\/comments?post=350096"}],"wp:featuredmedia":[{"embeddable":true,"href":"https:\/\/poccky.com\/index.php\/wp-json\/wp\/v2\/media\/165020"}],"wp:attachment":[{"href":"https:\/\/poccky.com\/index.php\/wp-json\/wp\/v2\/media?parent=350096"}],"wp:term":[{"taxonomy":"product_brand","embeddable":true,"href":"https:\/\/poccky.com\/index.php\/wp-json\/wp\/v2\/product_brand?post=350096"},{"taxonomy":"product_cat","embeddable":true,"href":"https:\/\/poccky.com\/index.php\/wp-json\/wp\/v2\/product_cat?post=350096"},{"taxonomy":"product_tag","embeddable":true,"href":"https:\/\/poccky.com\/index.php\/wp-json\/wp\/v2\/product_tag?post=350096"}],"curies":[{"name":"wp","href":"https:\/\/api.w.org\/{rel}","templated":true}]}}