{"id":350027,"date":"2023-11-08T10:50:41","date_gmt":"2023-11-08T10:50:41","guid":{"rendered":"https:\/\/poccky.com\/?post_type=product&#038;p=350027"},"modified":"2023-11-08T10:50:54","modified_gmt":"2023-11-08T10:50:54","slug":"escorte-bbw-2","status":"publish","type":"product","link":"https:\/\/poccky.com\/index.php\/product\/escorte-bbw-2\/","title":{"rendered":"Escorte BBW"},"content":{"rendered":"","protected":false},"excerpt":{"rendered":"<p>Jeune femme toute en rondeurs dot\u00e9e d&#8217;un ample post\u00e9rieure. sensuelle. f\u00e9minine et passionn\u00e9e par les plaisirs charnels!<br \/>\nJe suis exp\u00e9riment\u00e9e et attentive aux besoins de mon partenaire.<br \/>\nSp\u00e9cialis\u00e9e dans le massage prostatique. le squirtin.G la domination soft. Ma bouche ne peut r\u00e9sister \u00e0 un beau membre en \u00e9rection.<br \/>\nJe re\u00e7ois \u00e0 l&#8217;h\u00f4tel ou je me d\u00e9place chez vous (avec ou sans mes accessoires selon votre envie). Je ne prends que des r\u00e9servations faites au moins 24h00 \u00e0 l&#8217;avance.<br \/>\nCe n&#8217;est pas mon activit\u00e9 principale et je souhaite mettre en avant la qualit\u00e9 de la relation afin de vous laisser un souvenir imp\u00e9rissable.<br \/>\nAu service de votre plaisir. mon but est que nous atteignons l&#8217;extase des sens. Je me permets donc d&#8217;\u00eatre s\u00e9lective sur le choix de mes partenaires. Merci de m&#8217;appeler sur mon portable ou de m&#8217;envoyer un sms (pas de sextotage)<\/p>\n<p>pour de plus amples informations.<br \/>\nA bient\u00f4t. My details Below mentioned<\/p>\n<p>                Nationality:<br \/>\n                French <\/p>\n<p>                Languages:<br \/>\n                English. French<\/p>\n<p>                Age:<br \/>\n                26<\/p>\n<p>                Height:<br \/>\n                165<\/p>\n<p>                Hair:<br \/>\n                long red<\/p>\n<p>                Eyes:<br \/>\n                noisettes<\/p>\n","protected":false},"featured_media":164214,"comment_status":"open","ping_status":"closed","template":"","meta":{"site-sidebar-layout":"default","site-content-layout":"","ast-site-content-layout":"","site-content-style":"default","site-sidebar-style":"default","ast-global-header-display":"","ast-banner-title-visibility":"","ast-main-header-display":"","ast-hfb-above-header-display":"","ast-hfb-below-header-display":"","ast-hfb-mobile-header-display":"","site-post-title":"","ast-breadcrumbs-content":"","ast-featured-img":"","footer-sml-layout":"","theme-transparent-header-meta":"","adv-header-id-meta":"","stick-header-meta":"","header-above-stick-meta":"","header-main-stick-meta":"","header-below-stick-meta":"","astra-migrate-meta-layouts":"default","ast-page-background-enabled":"default","ast-page-background-meta":{"desktop":{"background-color":"var(--ast-global-color-4)","background-image":"","background-repeat":"repeat","background-position":"center center","background-size":"auto","background-attachment":"scroll","background-type":"","background-media":"","overlay-type":"","overlay-color":"","overlay-opacity":"","overlay-gradient":""},"tablet":{"background-color":"","background-image":"","background-repeat":"repeat","background-position":"center center","background-size":"auto","background-attachment":"scroll","background-type":"","background-media":"","overlay-type":"","overlay-color":"","overlay-opacity":"","overlay-gradient":""},"mobile":{"background-color":"","background-image":"","background-repeat":"repeat","background-position":"center center","background-size":"auto","background-attachment":"scroll","background-type":"","background-media":"","overlay-type":"","overlay-color":"","overlay-opacity":"","overlay-gradient":""}},"ast-content-background-meta":{"desktop":{"background-color":"var(--ast-global-color-5)","background-image":"","background-repeat":"repeat","background-position":"center center","background-size":"auto","background-attachment":"scroll","background-type":"","background-media":"","overlay-type":"","overlay-color":"","overlay-opacity":"","overlay-gradient":""},"tablet":{"background-color":"var(--ast-global-color-5)","background-image":"","background-repeat":"repeat","background-position":"center center","background-size":"auto","background-attachment":"scroll","background-type":"","background-media":"","overlay-type":"","overlay-color":"","overlay-opacity":"","overlay-gradient":""},"mobile":{"background-color":"var(--ast-global-color-5)","background-image":"","background-repeat":"repeat","background-position":"center center","background-size":"auto","background-attachment":"scroll","background-type":"","background-media":"","overlay-type":"","overlay-color":"","overlay-opacity":"","overlay-gradient":""}}},"product_brand":[],"product_cat":[244,188,1118],"product_tag":[],"class_list":{"0":"post-350027","1":"product","2":"type-product","3":"status-publish","4":"has-post-thumbnail","6":"product_cat-france","7":"product_cat-freelancer","8":"product_cat-paris","9":"desktop-align-left","10":"tablet-align-left","11":"mobile-align-left","13":"first","14":"instock","15":"shipping-taxable","16":"product-type-simple"},"_links":{"self":[{"href":"https:\/\/poccky.com\/index.php\/wp-json\/wp\/v2\/product\/350027","targetHints":{"allow":["GET"]}}],"collection":[{"href":"https:\/\/poccky.com\/index.php\/wp-json\/wp\/v2\/product"}],"about":[{"href":"https:\/\/poccky.com\/index.php\/wp-json\/wp\/v2\/types\/product"}],"replies":[{"embeddable":true,"href":"https:\/\/poccky.com\/index.php\/wp-json\/wp\/v2\/comments?post=350027"}],"wp:featuredmedia":[{"embeddable":true,"href":"https:\/\/poccky.com\/index.php\/wp-json\/wp\/v2\/media\/164214"}],"wp:attachment":[{"href":"https:\/\/poccky.com\/index.php\/wp-json\/wp\/v2\/media?parent=350027"}],"wp:term":[{"taxonomy":"product_brand","embeddable":true,"href":"https:\/\/poccky.com\/index.php\/wp-json\/wp\/v2\/product_brand?post=350027"},{"taxonomy":"product_cat","embeddable":true,"href":"https:\/\/poccky.com\/index.php\/wp-json\/wp\/v2\/product_cat?post=350027"},{"taxonomy":"product_tag","embeddable":true,"href":"https:\/\/poccky.com\/index.php\/wp-json\/wp\/v2\/product_tag?post=350027"}],"curies":[{"name":"wp","href":"https:\/\/api.w.org\/{rel}","templated":true}]}}