{"id":349834,"date":"2023-11-08T10:00:37","date_gmt":"2023-11-08T10:00:37","guid":{"rendered":"https:\/\/poccky.com\/?post_type=product&#038;p=349834"},"modified":"2023-11-08T10:00:48","modified_gmt":"2023-11-08T10:00:48","slug":"sachita-2","status":"publish","type":"product","link":"https:\/\/poccky.com\/index.php\/product\/sachita-2\/","title":{"rendered":"Sachita"},"content":{"rendered":"","protected":false},"excerpt":{"rendered":"<p>sacha est une jeune et magnifique Escort Girl aux cheveux bruns. A premi\u00e8re vue timide. vous d\u00e9couvrirez en fait une jeune femme charmeuse qui a conscience de son pouvoir de s\u00e9duction. C\u2019est une Escorte Girl de Haut Standing qui saura vous faire oublier le monde qui vous entoure. Vous passerez des moments de tendresse et de magie. si bien que vous ne verrez pas le temps pass\u00e9.<\/p>\n<p>sacha est une Escorte Girl de Luxe \u00e0 la fois belle et intelligente. Ses nombreuses qualit\u00e9s en font la compagne id\u00e9ale pour vous accompagner lors de vos d\u00e9placements internationaux. Elle saura transformer votre s\u00e9jour en une exp\u00e9rience incroyable plac\u00e9e sous le th\u00e8me de la sensualit\u00e9.<br \/>\nwatshp : My details Below mentioned<\/p>\n<p>                Nationality:<br \/>\n                Lebanese <\/p>\n<p>                Languages:<br \/>\n                Arabic. French<\/p>\n<p>                Age:<br \/>\n                21<\/p>\n<p>                Height:<br \/>\n                168<\/p>\n<p>                Weight:<br \/>\n                55<\/p>\n<p>                Hair:<br \/>\n                LONG BRUN<\/p>\n<p>                Eyes:<br \/>\n                Beautiful Brown<\/p>\n<p>                Measurements:<br \/>\n                Natural 93-60-93<\/p>\n","protected":false},"featured_media":0,"comment_status":"open","ping_status":"closed","template":"","meta":{"site-sidebar-layout":"default","site-content-layout":"","ast-site-content-layout":"","site-content-style":"default","site-sidebar-style":"default","ast-global-header-display":"","ast-banner-title-visibility":"","ast-main-header-display":"","ast-hfb-above-header-display":"","ast-hfb-below-header-display":"","ast-hfb-mobile-header-display":"","site-post-title":"","ast-breadcrumbs-content":"","ast-featured-img":"","footer-sml-layout":"","theme-transparent-header-meta":"","adv-header-id-meta":"","stick-header-meta":"","header-above-stick-meta":"","header-main-stick-meta":"","header-below-stick-meta":"","astra-migrate-meta-layouts":"default","ast-page-background-enabled":"default","ast-page-background-meta":{"desktop":{"background-color":"var(--ast-global-color-4)","background-image":"","background-repeat":"repeat","background-position":"center center","background-size":"auto","background-attachment":"scroll","background-type":"","background-media":"","overlay-type":"","overlay-color":"","overlay-opacity":"","overlay-gradient":""},"tablet":{"background-color":"","background-image":"","background-repeat":"repeat","background-position":"center center","background-size":"auto","background-attachment":"scroll","background-type":"","background-media":"","overlay-type":"","overlay-color":"","overlay-opacity":"","overlay-gradient":""},"mobile":{"background-color":"","background-image":"","background-repeat":"repeat","background-position":"center center","background-size":"auto","background-attachment":"scroll","background-type":"","background-media":"","overlay-type":"","overlay-color":"","overlay-opacity":"","overlay-gradient":""}},"ast-content-background-meta":{"desktop":{"background-color":"var(--ast-global-color-5)","background-image":"","background-repeat":"repeat","background-position":"center center","background-size":"auto","background-attachment":"scroll","background-type":"","background-media":"","overlay-type":"","overlay-color":"","overlay-opacity":"","overlay-gradient":""},"tablet":{"background-color":"var(--ast-global-color-5)","background-image":"","background-repeat":"repeat","background-position":"center center","background-size":"auto","background-attachment":"scroll","background-type":"","background-media":"","overlay-type":"","overlay-color":"","overlay-opacity":"","overlay-gradient":""},"mobile":{"background-color":"var(--ast-global-color-5)","background-image":"","background-repeat":"repeat","background-position":"center center","background-size":"auto","background-attachment":"scroll","background-type":"","background-media":"","overlay-type":"","overlay-color":"","overlay-opacity":"","overlay-gradient":""}}},"product_brand":[],"product_cat":[188,419,1010],"product_tag":[],"class_list":{"0":"post-349834","1":"product","2":"type-product","3":"status-publish","5":"product_cat-freelancer","6":"product_cat-kuwait","7":"product_cat-kuwait-city","8":"desktop-align-left","9":"tablet-align-left","10":"mobile-align-left","12":"first","13":"instock","14":"shipping-taxable","15":"product-type-simple"},"_links":{"self":[{"href":"https:\/\/poccky.com\/index.php\/wp-json\/wp\/v2\/product\/349834","targetHints":{"allow":["GET"]}}],"collection":[{"href":"https:\/\/poccky.com\/index.php\/wp-json\/wp\/v2\/product"}],"about":[{"href":"https:\/\/poccky.com\/index.php\/wp-json\/wp\/v2\/types\/product"}],"replies":[{"embeddable":true,"href":"https:\/\/poccky.com\/index.php\/wp-json\/wp\/v2\/comments?post=349834"}],"wp:attachment":[{"href":"https:\/\/poccky.com\/index.php\/wp-json\/wp\/v2\/media?parent=349834"}],"wp:term":[{"taxonomy":"product_brand","embeddable":true,"href":"https:\/\/poccky.com\/index.php\/wp-json\/wp\/v2\/product_brand?post=349834"},{"taxonomy":"product_cat","embeddable":true,"href":"https:\/\/poccky.com\/index.php\/wp-json\/wp\/v2\/product_cat?post=349834"},{"taxonomy":"product_tag","embeddable":true,"href":"https:\/\/poccky.com\/index.php\/wp-json\/wp\/v2\/product_tag?post=349834"}],"curies":[{"name":"wp","href":"https:\/\/api.w.org\/{rel}","templated":true}]}}