{"id":349819,"date":"2023-11-08T09:57:06","date_gmt":"2023-11-08T09:57:06","guid":{"rendered":"https:\/\/poccky.com\/?post_type=product&#038;p=349819"},"modified":"2023-11-08T09:57:21","modified_gmt":"2023-11-08T09:57:21","slug":"luna-latina-2","status":"publish","type":"product","link":"https:\/\/poccky.com\/index.php\/product\/luna-latina-2\/","title":{"rendered":"Luna-Latina"},"content":{"rendered":"","protected":false},"excerpt":{"rendered":"<p>Hola Caballeros.Je suis Luna. sud-am\u00e9ricaine de 34ans.1.65cm; escorte occasionnelle. 100% ind\u00e9pendante.cultiv\u00e9 et avec une excellnete hygi\u00e8ne situe \u00e0 Paris.J&#8217;adore \u00eatre caress\u00e9e. embras\u00e9e et j&#8217;aime bien donner et recevoir du plaisir.<br \/>\nHOMMES TIMIDES vous \u00eates les bienvenues. je suis tr\u00e8s compr\u00e9hensive et douce. Alors n&#8217;h\u00e9sitez pas \u00e0 m&#8217;appeler.<br \/>\nMa compagnie est r\u00e9serv\u00e9e uniquement a des messieurs de 20 \u00e0 70ans cultiv\u00e8s. courtois. gentlemen. respectueux et sujets a une HYGI\u00c8NE IMPECCABLE.<br \/>\nJE RE\u00c7OIS en appart priv\u00e9 ET ME D\u00c9PLACE sur paris intra-muros.<\/p>\n<p>Photos 100% r\u00e9elles.par discr\u00e9tion et de la protection de ma vie priv\u00e9e en dehors du monde d&#8217;escorte j&#8217;ai proteg\u00e9 mon visage.<br \/>\nBESOS. ABRAZOS et \u00e0 bient\u00f4t j&#8217;esp\u00e8re.<\/p>\n<p>Hello Gentlemen. I am Luna 34 years old. 1.65cm. independent well educated LatinAmerican escort based in Paris. with gorgeous femaile curves who treats a man like a KING.<br \/>\nI am available for INCALL and OUTCALL.<\/p>\n<p>My photos are 100% genuine and for the protection of my private life &#8220;outside the escort world&#8221; I decided don&#8217;t show my face. Feel free to contact me. KISSES My details Below mentioned<\/p>\n<p>                Languages:<br \/>\n                English. French. Spanish<\/p>\n<p>                Age:<br \/>\n                34<\/p>\n<p>                Height:<br \/>\n                165<\/p>\n<p>                Weight:<br \/>\n                52kg<\/p>\n<p>                Hair:<br \/>\n                Long Black<\/p>\n","protected":false},"featured_media":0,"comment_status":"open","ping_status":"closed","template":"","meta":{"site-sidebar-layout":"default","site-content-layout":"","ast-site-content-layout":"","site-content-style":"default","site-sidebar-style":"default","ast-global-header-display":"","ast-banner-title-visibility":"","ast-main-header-display":"","ast-hfb-above-header-display":"","ast-hfb-below-header-display":"","ast-hfb-mobile-header-display":"","site-post-title":"","ast-breadcrumbs-content":"","ast-featured-img":"","footer-sml-layout":"","theme-transparent-header-meta":"","adv-header-id-meta":"","stick-header-meta":"","header-above-stick-meta":"","header-main-stick-meta":"","header-below-stick-meta":"","astra-migrate-meta-layouts":"default","ast-page-background-enabled":"default","ast-page-background-meta":{"desktop":{"background-color":"var(--ast-global-color-4)","background-image":"","background-repeat":"repeat","background-position":"center center","background-size":"auto","background-attachment":"scroll","background-type":"","background-media":"","overlay-type":"","overlay-color":"","overlay-opacity":"","overlay-gradient":""},"tablet":{"background-color":"","background-image":"","background-repeat":"repeat","background-position":"center center","background-size":"auto","background-attachment":"scroll","background-type":"","background-media":"","overlay-type":"","overlay-color":"","overlay-opacity":"","overlay-gradient":""},"mobile":{"background-color":"","background-image":"","background-repeat":"repeat","background-position":"center center","background-size":"auto","background-attachment":"scroll","background-type":"","background-media":"","overlay-type":"","overlay-color":"","overlay-opacity":"","overlay-gradient":""}},"ast-content-background-meta":{"desktop":{"background-color":"var(--ast-global-color-5)","background-image":"","background-repeat":"repeat","background-position":"center center","background-size":"auto","background-attachment":"scroll","background-type":"","background-media":"","overlay-type":"","overlay-color":"","overlay-opacity":"","overlay-gradient":""},"tablet":{"background-color":"var(--ast-global-color-5)","background-image":"","background-repeat":"repeat","background-position":"center center","background-size":"auto","background-attachment":"scroll","background-type":"","background-media":"","overlay-type":"","overlay-color":"","overlay-opacity":"","overlay-gradient":""},"mobile":{"background-color":"var(--ast-global-color-5)","background-image":"","background-repeat":"repeat","background-position":"center center","background-size":"auto","background-attachment":"scroll","background-type":"","background-media":"","overlay-type":"","overlay-color":"","overlay-opacity":"","overlay-gradient":""}}},"product_brand":[],"product_cat":[244,188,1118],"product_tag":[],"class_list":{"0":"post-349819","1":"product","2":"type-product","3":"status-publish","5":"product_cat-france","6":"product_cat-freelancer","7":"product_cat-paris","8":"desktop-align-left","9":"tablet-align-left","10":"mobile-align-left","12":"first","13":"instock","14":"shipping-taxable","15":"product-type-simple"},"_links":{"self":[{"href":"https:\/\/poccky.com\/index.php\/wp-json\/wp\/v2\/product\/349819","targetHints":{"allow":["GET"]}}],"collection":[{"href":"https:\/\/poccky.com\/index.php\/wp-json\/wp\/v2\/product"}],"about":[{"href":"https:\/\/poccky.com\/index.php\/wp-json\/wp\/v2\/types\/product"}],"replies":[{"embeddable":true,"href":"https:\/\/poccky.com\/index.php\/wp-json\/wp\/v2\/comments?post=349819"}],"wp:attachment":[{"href":"https:\/\/poccky.com\/index.php\/wp-json\/wp\/v2\/media?parent=349819"}],"wp:term":[{"taxonomy":"product_brand","embeddable":true,"href":"https:\/\/poccky.com\/index.php\/wp-json\/wp\/v2\/product_brand?post=349819"},{"taxonomy":"product_cat","embeddable":true,"href":"https:\/\/poccky.com\/index.php\/wp-json\/wp\/v2\/product_cat?post=349819"},{"taxonomy":"product_tag","embeddable":true,"href":"https:\/\/poccky.com\/index.php\/wp-json\/wp\/v2\/product_tag?post=349819"}],"curies":[{"name":"wp","href":"https:\/\/api.w.org\/{rel}","templated":true}]}}