{"id":349736,"date":"2023-11-08T09:37:18","date_gmt":"2023-11-08T09:37:18","guid":{"rendered":"https:\/\/poccky.com\/?post_type=product&#038;p=349736"},"modified":"2023-11-08T09:37:32","modified_gmt":"2023-11-08T09:37:32","slug":"sofia-escort-paris-2","status":"publish","type":"product","link":"https:\/\/poccky.com\/index.php\/product\/sofia-escort-paris-2\/","title":{"rendered":"Sofia Escort Paris"},"content":{"rendered":"","protected":false},"excerpt":{"rendered":"<p>Je peux \u00eatre votre accompagnatrice privil\u00e9gi\u00e9e ou encore votre petite amie d&#8217;un instant.<\/p>\n<p>Je lis. je regarde des films. je fais du sport. j&#8217;aime la photo. j&#8217;appr\u00e9cie les bons vins. je fonds devant la cuisine d&#8217;auteur.<br \/>\nJ&#8217;aime la vie. j&#8217;aime les belles rencontres. Avec des hommes. des femmes. des couples. Avec des personnes attentionn\u00e9es. intelligentes et respectueuses avant tout.<\/p>\n<p>J&#8217;aime prendre le temps. j&#8217;aime donner. j&#8217;aime recevoir.<br \/>\nje suis c\u00e2line. je suis affectueuse. je suis f\u00e9line.<br \/>\nsauvage et c\u00e9r\u00e9brale.<\/p>\n<p>Merci de consulter mon site web avant de me contacter (SMS et email).<\/p>\n<p>____<\/p>\n<p>I can be your preferred accompanist or your girlfriend for a moment.<\/p>\n<p>I read. I watch movies. I play sports. I like the picture. I appreciate good wine. I funds before the signature cuisine.<br \/>\nI love life. I like the beautiful meetings. With men. women. couples. With people carin.G intelligent and friendly first.<\/p>\n<p>I like to take the time. I love to give. I like receivin.G<br \/>\nI am affectionate. I am affectionate. I am feline.<br \/>\nwild and brain.<\/p>\n<p>Thank you to consult my website before contacting me (SMS and email). My details Below mentioned<\/p>\n<p>                Nationality:<br \/>\n                Italian <\/p>\n<p>                Languages:<br \/>\n                English. French<\/p>\n<p>                Age:<br \/>\n                25<\/p>\n<p>                Height:<br \/>\n                166cm<\/p>\n<p>                Weight:<br \/>\n                52 kg<\/p>\n<p>                Hair:<br \/>\n                Dard<\/p>\n<p>                Eyes:<br \/>\n                Brown<\/p>\n<p>                Measurements:<br \/>\n                90-65-90<\/p>\n","protected":false},"featured_media":162513,"comment_status":"open","ping_status":"closed","template":"","meta":{"site-sidebar-layout":"default","site-content-layout":"","ast-site-content-layout":"","site-content-style":"default","site-sidebar-style":"default","ast-global-header-display":"","ast-banner-title-visibility":"","ast-main-header-display":"","ast-hfb-above-header-display":"","ast-hfb-below-header-display":"","ast-hfb-mobile-header-display":"","site-post-title":"","ast-breadcrumbs-content":"","ast-featured-img":"","footer-sml-layout":"","theme-transparent-header-meta":"","adv-header-id-meta":"","stick-header-meta":"","header-above-stick-meta":"","header-main-stick-meta":"","header-below-stick-meta":"","astra-migrate-meta-layouts":"default","ast-page-background-enabled":"default","ast-page-background-meta":{"desktop":{"background-color":"var(--ast-global-color-4)","background-image":"","background-repeat":"repeat","background-position":"center center","background-size":"auto","background-attachment":"scroll","background-type":"","background-media":"","overlay-type":"","overlay-color":"","overlay-opacity":"","overlay-gradient":""},"tablet":{"background-color":"","background-image":"","background-repeat":"repeat","background-position":"center center","background-size":"auto","background-attachment":"scroll","background-type":"","background-media":"","overlay-type":"","overlay-color":"","overlay-opacity":"","overlay-gradient":""},"mobile":{"background-color":"","background-image":"","background-repeat":"repeat","background-position":"center center","background-size":"auto","background-attachment":"scroll","background-type":"","background-media":"","overlay-type":"","overlay-color":"","overlay-opacity":"","overlay-gradient":""}},"ast-content-background-meta":{"desktop":{"background-color":"var(--ast-global-color-5)","background-image":"","background-repeat":"repeat","background-position":"center center","background-size":"auto","background-attachment":"scroll","background-type":"","background-media":"","overlay-type":"","overlay-color":"","overlay-opacity":"","overlay-gradient":""},"tablet":{"background-color":"var(--ast-global-color-5)","background-image":"","background-repeat":"repeat","background-position":"center center","background-size":"auto","background-attachment":"scroll","background-type":"","background-media":"","overlay-type":"","overlay-color":"","overlay-opacity":"","overlay-gradient":""},"mobile":{"background-color":"var(--ast-global-color-5)","background-image":"","background-repeat":"repeat","background-position":"center center","background-size":"auto","background-attachment":"scroll","background-type":"","background-media":"","overlay-type":"","overlay-color":"","overlay-opacity":"","overlay-gradient":""}}},"product_brand":[],"product_cat":[244,188,1118],"product_tag":[],"class_list":{"0":"post-349736","1":"product","2":"type-product","3":"status-publish","4":"has-post-thumbnail","6":"product_cat-france","7":"product_cat-freelancer","8":"product_cat-paris","9":"desktop-align-left","10":"tablet-align-left","11":"mobile-align-left","13":"first","14":"instock","15":"shipping-taxable","16":"product-type-simple"},"_links":{"self":[{"href":"https:\/\/poccky.com\/index.php\/wp-json\/wp\/v2\/product\/349736","targetHints":{"allow":["GET"]}}],"collection":[{"href":"https:\/\/poccky.com\/index.php\/wp-json\/wp\/v2\/product"}],"about":[{"href":"https:\/\/poccky.com\/index.php\/wp-json\/wp\/v2\/types\/product"}],"replies":[{"embeddable":true,"href":"https:\/\/poccky.com\/index.php\/wp-json\/wp\/v2\/comments?post=349736"}],"wp:featuredmedia":[{"embeddable":true,"href":"https:\/\/poccky.com\/index.php\/wp-json\/wp\/v2\/media\/162513"}],"wp:attachment":[{"href":"https:\/\/poccky.com\/index.php\/wp-json\/wp\/v2\/media?parent=349736"}],"wp:term":[{"taxonomy":"product_brand","embeddable":true,"href":"https:\/\/poccky.com\/index.php\/wp-json\/wp\/v2\/product_brand?post=349736"},{"taxonomy":"product_cat","embeddable":true,"href":"https:\/\/poccky.com\/index.php\/wp-json\/wp\/v2\/product_cat?post=349736"},{"taxonomy":"product_tag","embeddable":true,"href":"https:\/\/poccky.com\/index.php\/wp-json\/wp\/v2\/product_tag?post=349736"}],"curies":[{"name":"wp","href":"https:\/\/api.w.org\/{rel}","templated":true}]}}