{"id":348914,"date":"2023-11-08T06:31:35","date_gmt":"2023-11-08T06:31:35","guid":{"rendered":"https:\/\/poccky.com\/?post_type=product&#038;p=348914"},"modified":"2023-11-08T06:31:40","modified_gmt":"2023-11-08T06:31:40","slug":"jeune-femme-sensuelle-et-romanesque-2","status":"publish","type":"product","link":"https:\/\/poccky.com\/index.php\/product\/jeune-femme-sensuelle-et-romanesque-2\/","title":{"rendered":"Jeune Femme Sensuelle Et Romanesque"},"content":{"rendered":"","protected":false},"excerpt":{"rendered":"<p>Jeune femme ind\u00e9pendante. j&#8217;\u00e9tudie dans un Grande Ecole parisienne qui ne me laisse pas le temps (ni l&#8217;envie) de faire partie des agences ou de travailler \u00e0 l&#8217;international ; ainsi. je s\u00e9lectionne avec soin et avec comme premier crit\u00e8re la qualit\u00e9. mes futurs partenaires. L&#8217;authenticit\u00e9 sera le ma\u00eetre mot lors de notre rencontre. et. bien s\u00fbr. l&#8217;intelligence et la courtoisie doivent se rejoindre. Mon jeune \u00e2ge est un atout mais peut-\u00eatre aussi craignez-vous qu&#8217;il ne soit un inconv\u00e9nient ; pas d&#8217;inqui\u00e9tude \u00e0 avoir. car ma sensualit\u00e9 n&#8217;a pas attendu un chiffre d\u00e9fini pour s&#8217;exalter ! My details Below mentioned<\/p>\n<p>                Age:<br \/>\n                20<\/p>\n<p>                Height:<br \/>\n                170 cm<\/p>\n<p>                Weight:<br \/>\n                61<\/p>\n<p>                Hair:<br \/>\n                Ch\u00e2tain<\/p>\n<p>                Eyes:<br \/>\n                Marrons<\/p>\n<p>                Measurements:<br \/>\n                92 &#8211; 65 &#8211; 92<\/p>\n","protected":false},"featured_media":145188,"comment_status":"open","ping_status":"closed","template":"","meta":{"site-sidebar-layout":"default","site-content-layout":"","ast-site-content-layout":"","site-content-style":"default","site-sidebar-style":"default","ast-global-header-display":"","ast-banner-title-visibility":"","ast-main-header-display":"","ast-hfb-above-header-display":"","ast-hfb-below-header-display":"","ast-hfb-mobile-header-display":"","site-post-title":"","ast-breadcrumbs-content":"","ast-featured-img":"","footer-sml-layout":"","theme-transparent-header-meta":"","adv-header-id-meta":"","stick-header-meta":"","header-above-stick-meta":"","header-main-stick-meta":"","header-below-stick-meta":"","astra-migrate-meta-layouts":"default","ast-page-background-enabled":"default","ast-page-background-meta":{"desktop":{"background-color":"var(--ast-global-color-4)","background-image":"","background-repeat":"repeat","background-position":"center center","background-size":"auto","background-attachment":"scroll","background-type":"","background-media":"","overlay-type":"","overlay-color":"","overlay-opacity":"","overlay-gradient":""},"tablet":{"background-color":"","background-image":"","background-repeat":"repeat","background-position":"center center","background-size":"auto","background-attachment":"scroll","background-type":"","background-media":"","overlay-type":"","overlay-color":"","overlay-opacity":"","overlay-gradient":""},"mobile":{"background-color":"","background-image":"","background-repeat":"repeat","background-position":"center center","background-size":"auto","background-attachment":"scroll","background-type":"","background-media":"","overlay-type":"","overlay-color":"","overlay-opacity":"","overlay-gradient":""}},"ast-content-background-meta":{"desktop":{"background-color":"var(--ast-global-color-5)","background-image":"","background-repeat":"repeat","background-position":"center center","background-size":"auto","background-attachment":"scroll","background-type":"","background-media":"","overlay-type":"","overlay-color":"","overlay-opacity":"","overlay-gradient":""},"tablet":{"background-color":"var(--ast-global-color-5)","background-image":"","background-repeat":"repeat","background-position":"center center","background-size":"auto","background-attachment":"scroll","background-type":"","background-media":"","overlay-type":"","overlay-color":"","overlay-opacity":"","overlay-gradient":""},"mobile":{"background-color":"var(--ast-global-color-5)","background-image":"","background-repeat":"repeat","background-position":"center center","background-size":"auto","background-attachment":"scroll","background-type":"","background-media":"","overlay-type":"","overlay-color":"","overlay-opacity":"","overlay-gradient":""}}},"product_brand":[],"product_cat":[244,188,1118],"product_tag":[],"class_list":{"0":"post-348914","1":"product","2":"type-product","3":"status-publish","4":"has-post-thumbnail","6":"product_cat-france","7":"product_cat-freelancer","8":"product_cat-paris","9":"desktop-align-left","10":"tablet-align-left","11":"mobile-align-left","13":"first","14":"instock","15":"shipping-taxable","16":"product-type-simple"},"_links":{"self":[{"href":"https:\/\/poccky.com\/index.php\/wp-json\/wp\/v2\/product\/348914","targetHints":{"allow":["GET"]}}],"collection":[{"href":"https:\/\/poccky.com\/index.php\/wp-json\/wp\/v2\/product"}],"about":[{"href":"https:\/\/poccky.com\/index.php\/wp-json\/wp\/v2\/types\/product"}],"replies":[{"embeddable":true,"href":"https:\/\/poccky.com\/index.php\/wp-json\/wp\/v2\/comments?post=348914"}],"wp:featuredmedia":[{"embeddable":true,"href":"https:\/\/poccky.com\/index.php\/wp-json\/wp\/v2\/media\/145188"}],"wp:attachment":[{"href":"https:\/\/poccky.com\/index.php\/wp-json\/wp\/v2\/media?parent=348914"}],"wp:term":[{"taxonomy":"product_brand","embeddable":true,"href":"https:\/\/poccky.com\/index.php\/wp-json\/wp\/v2\/product_brand?post=348914"},{"taxonomy":"product_cat","embeddable":true,"href":"https:\/\/poccky.com\/index.php\/wp-json\/wp\/v2\/product_cat?post=348914"},{"taxonomy":"product_tag","embeddable":true,"href":"https:\/\/poccky.com\/index.php\/wp-json\/wp\/v2\/product_tag?post=348914"}],"curies":[{"name":"wp","href":"https:\/\/api.w.org\/{rel}","templated":true}]}}