{"id":348696,"date":"2023-11-08T05:48:30","date_gmt":"2023-11-08T05:48:30","guid":{"rendered":"https:\/\/poccky.com\/?post_type=product&#038;p=348696"},"modified":"2023-11-08T05:48:34","modified_gmt":"2023-11-08T05:48:34","slug":"arlene-2","status":"publish","type":"product","link":"https:\/\/poccky.com\/index.php\/product\/arlene-2\/","title":{"rendered":"Arlene"},"content":{"rendered":"","protected":false},"excerpt":{"rendered":"<p>\u00c4r du tr\u00f6tt p\u00e5 oengagerade och stressade escorter. \u00c4r du tr\u00f6tt p\u00e5 att m\u00f6tas av n\u00e5gon annan \u00e4n av tjejen du s\u00e5g p\u00e5 bild i annonsen? Vill du uppleva en stunds GFE? D\u00e5 har du hittat r\u00e4tt.<br \/>\nJag erbjuder i f\u00f6rsta hand trevliga hembes\u00f6k men har \u00e4ven eget st\u00e4lle dit du \u00e4r v\u00e4lkommen. Jag \u00e4r inte tjejen du bokar med kort varsel eller mitt i natten. Jag har bara detta som trevlig bisyssla men kan styra \u00f6ver min egen tid och kan l\u00e4gga in tr\u00e4ffar b\u00e5de dagtid och kv\u00e4llstid. Jag st\u00e4ller upp p\u00e5 sk\u00f6n normalsex. Jag suger dig utan kondom om du \u00e4r ren och fr\u00e4sch (det tar jag f\u00f6r givet) Samlag sker med kondom. Du f\u00e5r slicka min mus och jag st\u00e4ller ocks\u00e5 upp p\u00e5 kyssar. Jag tar din utl\u00f6sning i min s\u00f6ta mun men sv\u00e4ljer inte. Du f\u00e5r \u00e4ven komma p\u00e5 min kropp om du vill. Jag har v\u00e4ldigt l\u00e4tt f\u00f6r att sj\u00e4lv f\u00e5 orga* s\u00e5 jag ser fram mot att f\u00e5 njuta med dig.<br \/>\nJag vill po\u00e4ngtera att jag inte tar emot cash vid f\u00f6rsta tr\u00e4ffen och du bokar minst en bankdag innan du vill att jag kommer till dig. Betalning till bankkonto (ej swish. paypal eller liknande)<br \/>\nN\u00e4r du kontaktar mig via mail vill jag att du skriver vilken da.G tid och hur l\u00e5ng tr\u00e4ff du \u00f6nskar.<br \/>\n*En halvtimme kostar tusen kr<br \/>\n*En heltimme kostar ett tusen femhundra kr<br \/>\nJag ser fram mot en sk\u00f6n tr\u00e4ff med dig!<br \/>\nKram Arlene<br \/>\nBoka: xarlenex.hotmail.com My details Below mentioned<\/p>\n<p>                Nationality:<br \/>\n                Swedish <\/p>\n<p>                Languages:<br \/>\n                English. Swedish<\/p>\n<p>                Age:<br \/>\n                28<\/p>\n<p>                Height:<br \/>\n                172 cm<\/p>\n<p>                Weight:<br \/>\n                53<\/p>\n<p>                Hair:<br \/>\n                Blonde<\/p>\n<p>                Eyes:<br \/>\n                Blue<\/p>\n","protected":false},"featured_media":145177,"comment_status":"open","ping_status":"closed","template":"","meta":{"site-sidebar-layout":"default","site-content-layout":"","ast-site-content-layout":"","site-content-style":"default","site-sidebar-style":"default","ast-global-header-display":"","ast-banner-title-visibility":"","ast-main-header-display":"","ast-hfb-above-header-display":"","ast-hfb-below-header-display":"","ast-hfb-mobile-header-display":"","site-post-title":"","ast-breadcrumbs-content":"","ast-featured-img":"","footer-sml-layout":"","theme-transparent-header-meta":"","adv-header-id-meta":"","stick-header-meta":"","header-above-stick-meta":"","header-main-stick-meta":"","header-below-stick-meta":"","astra-migrate-meta-layouts":"default","ast-page-background-enabled":"default","ast-page-background-meta":{"desktop":{"background-color":"var(--ast-global-color-4)","background-image":"","background-repeat":"repeat","background-position":"center center","background-size":"auto","background-attachment":"scroll","background-type":"","background-media":"","overlay-type":"","overlay-color":"","overlay-opacity":"","overlay-gradient":""},"tablet":{"background-color":"","background-image":"","background-repeat":"repeat","background-position":"center center","background-size":"auto","background-attachment":"scroll","background-type":"","background-media":"","overlay-type":"","overlay-color":"","overlay-opacity":"","overlay-gradient":""},"mobile":{"background-color":"","background-image":"","background-repeat":"repeat","background-position":"center center","background-size":"auto","background-attachment":"scroll","background-type":"","background-media":"","overlay-type":"","overlay-color":"","overlay-opacity":"","overlay-gradient":""}},"ast-content-background-meta":{"desktop":{"background-color":"var(--ast-global-color-5)","background-image":"","background-repeat":"repeat","background-position":"center center","background-size":"auto","background-attachment":"scroll","background-type":"","background-media":"","overlay-type":"","overlay-color":"","overlay-opacity":"","overlay-gradient":""},"tablet":{"background-color":"var(--ast-global-color-5)","background-image":"","background-repeat":"repeat","background-position":"center center","background-size":"auto","background-attachment":"scroll","background-type":"","background-media":"","overlay-type":"","overlay-color":"","overlay-opacity":"","overlay-gradient":""},"mobile":{"background-color":"var(--ast-global-color-5)","background-image":"","background-repeat":"repeat","background-position":"center center","background-size":"auto","background-attachment":"scroll","background-type":"","background-media":"","overlay-type":"","overlay-color":"","overlay-opacity":"","overlay-gradient":""}}},"product_brand":[],"product_cat":[188,1115,957],"product_tag":[],"class_list":{"0":"post-348696","1":"product","2":"type-product","3":"status-publish","4":"has-post-thumbnail","6":"product_cat-freelancer","7":"product_cat-stockholm","8":"product_cat-sweden","9":"desktop-align-left","10":"tablet-align-left","11":"mobile-align-left","13":"first","14":"instock","15":"shipping-taxable","16":"product-type-simple"},"_links":{"self":[{"href":"https:\/\/poccky.com\/index.php\/wp-json\/wp\/v2\/product\/348696","targetHints":{"allow":["GET"]}}],"collection":[{"href":"https:\/\/poccky.com\/index.php\/wp-json\/wp\/v2\/product"}],"about":[{"href":"https:\/\/poccky.com\/index.php\/wp-json\/wp\/v2\/types\/product"}],"replies":[{"embeddable":true,"href":"https:\/\/poccky.com\/index.php\/wp-json\/wp\/v2\/comments?post=348696"}],"wp:featuredmedia":[{"embeddable":true,"href":"https:\/\/poccky.com\/index.php\/wp-json\/wp\/v2\/media\/145177"}],"wp:attachment":[{"href":"https:\/\/poccky.com\/index.php\/wp-json\/wp\/v2\/media?parent=348696"}],"wp:term":[{"taxonomy":"product_brand","embeddable":true,"href":"https:\/\/poccky.com\/index.php\/wp-json\/wp\/v2\/product_brand?post=348696"},{"taxonomy":"product_cat","embeddable":true,"href":"https:\/\/poccky.com\/index.php\/wp-json\/wp\/v2\/product_cat?post=348696"},{"taxonomy":"product_tag","embeddable":true,"href":"https:\/\/poccky.com\/index.php\/wp-json\/wp\/v2\/product_tag?post=348696"}],"curies":[{"name":"wp","href":"https:\/\/api.w.org\/{rel}","templated":true}]}}