{"id":348695,"date":"2023-11-08T05:48:09","date_gmt":"2023-11-08T05:48:09","guid":{"rendered":"https:\/\/poccky.com\/?post_type=product&#038;p=348695"},"modified":"2023-11-08T05:48:27","modified_gmt":"2023-11-08T05:48:27","slug":"chanthalparis-2","status":"publish","type":"product","link":"https:\/\/poccky.com\/index.php\/product\/chanthalparis-2\/","title":{"rendered":"Chanthalparis"},"content":{"rendered":"","protected":false},"excerpt":{"rendered":"<p>Merci pour votre visite dans le monde de Chanthal. Je me d\u00e9finis comme un type sp\u00e9cial de femme qui appr\u00e9cie la compagnie des vrais hommes. respectueux et \u00e9legants. Je serais au service de votre plaisir. sexy et coquine. Classy. parlant bien et instruite. j&#8217;ai plus d&#8217;une corde \u00e0 mon arc pour vous faire vivre un moment m\u00e9morable. Offrez-vous en ma pr\u00e9sence captivante une nuit de folie. ou permettez-moi de vous choyer et de r\u00e9pondre \u00e0 tous vos caprices pendant une nuit sexy. Confiez moi vos fantasmes les plus secrets et priv\u00e9s: nous allons les r\u00e9aliser ensemble. Bien s\u00fbr. votre discr\u00e9tion est de la plus haute importance et sera toujours respect\u00e9e. Venez profiter d&#8217;un moment privil\u00e9gi\u00e9 avec moi: je suis impatiente de vous connaitre !!! Xoxo. Chanthal<br \/>\nLes photos sont 100 % r\u00e9elles. Pour prendre rdv avec moi il n\u00e9cessaire que vous appeliez d&#8217;abord car j&#8217;aime bien parler un peu au t\u00e9l\u00e9phone avant de donner mes coordonn\u00e9es<br \/>\nINCALL : 30 min 200 . 1h 250. 1h 250 . 2 h 450<br \/>\nOUTCALL : 1h 500. 2h 800. + taxi<br \/>\nMes tarifs ne sont pas n\u00e9gociable !!!!!! Malheureusement pour des raisons de s\u00e9curit\u00e9 et suite \u00e0 de mauvaises exp\u00e9riences il est important de pr\u00e9ciser votre nationalit\u00e9. Je me r\u00e9serve le droit d&#8217;accepter ou de refuser notre rencontre. car votre origine. hygi\u00e8ne et pr\u00e9sentation sont importants pour moi. My details Below mentioned<\/p>\n<p>                Nationality:<br \/>\n                Colombian <\/p>\n<p>                Languages:<br \/>\n                English. French. Spanish<\/p>\n<p>                Age:<br \/>\n                26<\/p>\n<p>                Height:<br \/>\n                1.75<\/p>\n<p>                Weight:<br \/>\n                63<\/p>\n<p>                Hair:<br \/>\n                long brown<\/p>\n<p>                Eyes:<br \/>\n                brown<\/p>\n<p>                Measurements:<br \/>\n                100-63-95<\/p>\n","protected":false},"featured_media":162186,"comment_status":"open","ping_status":"closed","template":"","meta":{"site-sidebar-layout":"default","site-content-layout":"","ast-site-content-layout":"","site-content-style":"default","site-sidebar-style":"default","ast-global-header-display":"","ast-banner-title-visibility":"","ast-main-header-display":"","ast-hfb-above-header-display":"","ast-hfb-below-header-display":"","ast-hfb-mobile-header-display":"","site-post-title":"","ast-breadcrumbs-content":"","ast-featured-img":"","footer-sml-layout":"","theme-transparent-header-meta":"","adv-header-id-meta":"","stick-header-meta":"","header-above-stick-meta":"","header-main-stick-meta":"","header-below-stick-meta":"","astra-migrate-meta-layouts":"default","ast-page-background-enabled":"default","ast-page-background-meta":{"desktop":{"background-color":"var(--ast-global-color-4)","background-image":"","background-repeat":"repeat","background-position":"center center","background-size":"auto","background-attachment":"scroll","background-type":"","background-media":"","overlay-type":"","overlay-color":"","overlay-opacity":"","overlay-gradient":""},"tablet":{"background-color":"","background-image":"","background-repeat":"repeat","background-position":"center center","background-size":"auto","background-attachment":"scroll","background-type":"","background-media":"","overlay-type":"","overlay-color":"","overlay-opacity":"","overlay-gradient":""},"mobile":{"background-color":"","background-image":"","background-repeat":"repeat","background-position":"center center","background-size":"auto","background-attachment":"scroll","background-type":"","background-media":"","overlay-type":"","overlay-color":"","overlay-opacity":"","overlay-gradient":""}},"ast-content-background-meta":{"desktop":{"background-color":"var(--ast-global-color-5)","background-image":"","background-repeat":"repeat","background-position":"center center","background-size":"auto","background-attachment":"scroll","background-type":"","background-media":"","overlay-type":"","overlay-color":"","overlay-opacity":"","overlay-gradient":""},"tablet":{"background-color":"var(--ast-global-color-5)","background-image":"","background-repeat":"repeat","background-position":"center center","background-size":"auto","background-attachment":"scroll","background-type":"","background-media":"","overlay-type":"","overlay-color":"","overlay-opacity":"","overlay-gradient":""},"mobile":{"background-color":"var(--ast-global-color-5)","background-image":"","background-repeat":"repeat","background-position":"center center","background-size":"auto","background-attachment":"scroll","background-type":"","background-media":"","overlay-type":"","overlay-color":"","overlay-opacity":"","overlay-gradient":""}}},"product_brand":[],"product_cat":[244,188,1118],"product_tag":[],"class_list":{"0":"post-348695","1":"product","2":"type-product","3":"status-publish","4":"has-post-thumbnail","6":"product_cat-france","7":"product_cat-freelancer","8":"product_cat-paris","9":"desktop-align-left","10":"tablet-align-left","11":"mobile-align-left","13":"first","14":"instock","15":"shipping-taxable","16":"product-type-simple"},"_links":{"self":[{"href":"https:\/\/poccky.com\/index.php\/wp-json\/wp\/v2\/product\/348695","targetHints":{"allow":["GET"]}}],"collection":[{"href":"https:\/\/poccky.com\/index.php\/wp-json\/wp\/v2\/product"}],"about":[{"href":"https:\/\/poccky.com\/index.php\/wp-json\/wp\/v2\/types\/product"}],"replies":[{"embeddable":true,"href":"https:\/\/poccky.com\/index.php\/wp-json\/wp\/v2\/comments?post=348695"}],"wp:featuredmedia":[{"embeddable":true,"href":"https:\/\/poccky.com\/index.php\/wp-json\/wp\/v2\/media\/162186"}],"wp:attachment":[{"href":"https:\/\/poccky.com\/index.php\/wp-json\/wp\/v2\/media?parent=348695"}],"wp:term":[{"taxonomy":"product_brand","embeddable":true,"href":"https:\/\/poccky.com\/index.php\/wp-json\/wp\/v2\/product_brand?post=348695"},{"taxonomy":"product_cat","embeddable":true,"href":"https:\/\/poccky.com\/index.php\/wp-json\/wp\/v2\/product_cat?post=348695"},{"taxonomy":"product_tag","embeddable":true,"href":"https:\/\/poccky.com\/index.php\/wp-json\/wp\/v2\/product_tag?post=348695"}],"curies":[{"name":"wp","href":"https:\/\/api.w.org\/{rel}","templated":true}]}}