{"id":348517,"date":"2023-11-08T05:13:07","date_gmt":"2023-11-08T05:13:07","guid":{"rendered":"https:\/\/poccky.com\/?post_type=product&#038;p=348517"},"modified":"2023-11-08T05:13:11","modified_gmt":"2023-11-08T05:13:11","slug":"vip-izmir-escort-bayan-naz-15","status":"publish","type":"product","link":"https:\/\/poccky.com\/index.php\/product\/vip-izmir-escort-bayan-naz-15\/","title":{"rendered":"VIP Izmir Escort Bayan NAZ"},"content":{"rendered":"","protected":false},"excerpt":{"rendered":"<p>Merhaba elit beyler. ben ?ZM?R ESCORT BAYAN NAZ\u2026Y\u00fcz g\u00fczelli?im ile fit bir v\u00fccuda sahip. \u00e7ok seksi. bir o kadar da al?ml?y?m\u2026Toplant?. yemek. tatil. parti. e?lence. bar. sinema ve \u00f6zel g\u00fcnlerinizde sizlere e?lik etmekten mutluluk duyar?m\u2026Benimle ho? vakit ge\u00e7irmek isterseniz 1 g\u00fcn \u00f6ncesinden kendinizi detayl? tan?tan bir randevu maili atman?z yeterli olacakt?r\u2026.Mail sonras?nda mutlaka geri d\u00f6n\u00fc? yap?lacakt?r\u2026L\u00fctfen gereksiz konularda me?guliyet vermeyin ve pazarl?k etmeyin\u2026 mail: naz35204.hotmail.com \u00dccret ve s\u00fcre bilgilerim:<br \/>\n2 saat: 800 tl<br \/>\n3 saat: 1000 tl Gecelik: 2000 tl Tam G\u00fcn (24 saat): 3000 tl Not: Seyahat Engelim Yoktur My details Below mentioned<\/p>\n<p>                Nationality:<br \/>\n                Turkish <\/p>\n<p>                Languages:<br \/>\n                English. Turkish<\/p>\n<p>                Age:<br \/>\n                29<\/p>\n<p>                Height:<br \/>\n                172<\/p>\n<p>                Weight:<br \/>\n                50<\/p>\n<p>                Hair:<br \/>\n                BLONDE<\/p>\n<p>                Eyes:<br \/>\n                BLUE<\/p>\n<p>                Measurements:<br \/>\n                90-60-90phone_call me Phone:<br \/>\n          232<\/p>\n","protected":false},"featured_media":146615,"comment_status":"open","ping_status":"closed","template":"","meta":{"site-sidebar-layout":"default","site-content-layout":"","ast-site-content-layout":"","site-content-style":"default","site-sidebar-style":"default","ast-global-header-display":"","ast-banner-title-visibility":"","ast-main-header-display":"","ast-hfb-above-header-display":"","ast-hfb-below-header-display":"","ast-hfb-mobile-header-display":"","site-post-title":"","ast-breadcrumbs-content":"","ast-featured-img":"","footer-sml-layout":"","theme-transparent-header-meta":"","adv-header-id-meta":"","stick-header-meta":"","header-above-stick-meta":"","header-main-stick-meta":"","header-below-stick-meta":"","astra-migrate-meta-layouts":"default","ast-page-background-enabled":"default","ast-page-background-meta":{"desktop":{"background-color":"var(--ast-global-color-4)","background-image":"","background-repeat":"repeat","background-position":"center center","background-size":"auto","background-attachment":"scroll","background-type":"","background-media":"","overlay-type":"","overlay-color":"","overlay-opacity":"","overlay-gradient":""},"tablet":{"background-color":"","background-image":"","background-repeat":"repeat","background-position":"center center","background-size":"auto","background-attachment":"scroll","background-type":"","background-media":"","overlay-type":"","overlay-color":"","overlay-opacity":"","overlay-gradient":""},"mobile":{"background-color":"","background-image":"","background-repeat":"repeat","background-position":"center center","background-size":"auto","background-attachment":"scroll","background-type":"","background-media":"","overlay-type":"","overlay-color":"","overlay-opacity":"","overlay-gradient":""}},"ast-content-background-meta":{"desktop":{"background-color":"var(--ast-global-color-5)","background-image":"","background-repeat":"repeat","background-position":"center center","background-size":"auto","background-attachment":"scroll","background-type":"","background-media":"","overlay-type":"","overlay-color":"","overlay-opacity":"","overlay-gradient":""},"tablet":{"background-color":"var(--ast-global-color-5)","background-image":"","background-repeat":"repeat","background-position":"center center","background-size":"auto","background-attachment":"scroll","background-type":"","background-media":"","overlay-type":"","overlay-color":"","overlay-opacity":"","overlay-gradient":""},"mobile":{"background-color":"var(--ast-global-color-5)","background-image":"","background-repeat":"repeat","background-position":"center center","background-size":"auto","background-attachment":"scroll","background-type":"","background-media":"","overlay-type":"","overlay-color":"","overlay-opacity":"","overlay-gradient":""}}},"product_brand":[],"product_cat":[247,188,805],"product_tag":[],"class_list":{"0":"post-348517","1":"product","2":"type-product","3":"status-publish","4":"has-post-thumbnail","6":"product_cat-delhi","7":"product_cat-freelancer","8":"product_cat-india","9":"desktop-align-left","10":"tablet-align-left","11":"mobile-align-left","13":"first","14":"instock","15":"shipping-taxable","16":"product-type-simple"},"_links":{"self":[{"href":"https:\/\/poccky.com\/index.php\/wp-json\/wp\/v2\/product\/348517","targetHints":{"allow":["GET"]}}],"collection":[{"href":"https:\/\/poccky.com\/index.php\/wp-json\/wp\/v2\/product"}],"about":[{"href":"https:\/\/poccky.com\/index.php\/wp-json\/wp\/v2\/types\/product"}],"replies":[{"embeddable":true,"href":"https:\/\/poccky.com\/index.php\/wp-json\/wp\/v2\/comments?post=348517"}],"wp:featuredmedia":[{"embeddable":true,"href":"https:\/\/poccky.com\/index.php\/wp-json\/wp\/v2\/media\/146615"}],"wp:attachment":[{"href":"https:\/\/poccky.com\/index.php\/wp-json\/wp\/v2\/media?parent=348517"}],"wp:term":[{"taxonomy":"product_brand","embeddable":true,"href":"https:\/\/poccky.com\/index.php\/wp-json\/wp\/v2\/product_brand?post=348517"},{"taxonomy":"product_cat","embeddable":true,"href":"https:\/\/poccky.com\/index.php\/wp-json\/wp\/v2\/product_cat?post=348517"},{"taxonomy":"product_tag","embeddable":true,"href":"https:\/\/poccky.com\/index.php\/wp-json\/wp\/v2\/product_tag?post=348517"}],"curies":[{"name":"wp","href":"https:\/\/api.w.org\/{rel}","templated":true}]}}