{"id":347395,"date":"2023-11-08T01:50:46","date_gmt":"2023-11-08T01:50:46","guid":{"rendered":"https:\/\/poccky.com\/?post_type=product&#038;p=347395"},"modified":"2023-11-08T01:50:51","modified_gmt":"2023-11-08T01:50:51","slug":"virginie-2","status":"publish","type":"product","link":"https:\/\/poccky.com\/index.php\/product\/virginie-2\/","title":{"rendered":"Virginie"},"content":{"rendered":"","protected":false},"excerpt":{"rendered":"<p>Coucou moi c&#8217;est virginie.je suis une douce et jolie brindille.<\/p>\n<p>Je suis Fran\u00e7aise et j&#8217;ai 38 ans.<\/p>\n<p>J&#8217;ai un tr\u00e8s joli visage aux l\u00e8vres pulpeuses et purpurines.une belle silhouette fine et sportive.<\/p>\n<p>Je vous propose de me retrouver en toute discr\u00e9tion dans un cadre agr\u00e9able pour un pur moment de plaisirs&#8230;<\/p>\n<p>Relaxez vous&#8230;Laissez vous-aller&#8230;abandonnez vous&#8230;je m&#8217;occupe de vous&#8230;.<\/p>\n<p>Je vous propose un doux massage naturiste et comme je suis une petite gourmande&#8230;j&#8217;adore l\u00e9cher et avaler les c&#8230;de mon partenaire et bien plus encore car je suis &#8220;une magnifique reine de la fellation.&#8221; (prot\u00e9g\u00e9e bien sur!)<\/p>\n<p>J&#8217;aime bien me masturber lascivement devant mon partenaire et si il y a des amateurs je vous invite \u00e0 d\u00e9couvrir mon superbe massage anal et de la prostate.<\/p>\n<p>Tout cela avec beaucoup de douceur et dans le respect de chacun.<\/p>\n<p>Pour vous messieurs courtois et sans limite d&#8217;age (uniquement de type e*p\u00e9ens).<\/p>\n<p>PS:Pas de Mail.Pas de *S<\/p>\n<p>&#8220;Appelez moi tout simplement!&#8221;<\/p>\n<p>Je peux \u00e9galement me d\u00e9placer sous certaines conditions.<\/p>\n<p>Je suis situ\u00e9 \u00e0 PARIS OUEST QUARTIER LA DEFENSE COURBVOIE soit \u00e0 3mn en voiture du Pont-de-Neuilly . 3mn Porte champerret ou bien 5mn \u00e0 pieds du m\u00e9tro La D\u00e9fense cot\u00e8 CNIT(ligne1) 7mn ter direct gare Paris saint-lazare.<\/p>\n<p>PARKING PUBLIC \u00e0 deux PAS!<\/p>\n<p>PHOTOS REELLES My details Below mentioned<\/p>\n<p>                Nationality:<br \/>\n                French <\/p>\n<p>                Languages:<br \/>\n                French<\/p>\n<p>                Age:<br \/>\n                38<\/p>\n<p>                Height:<br \/>\n                165<\/p>\n<p>                Weight:<br \/>\n                50<\/p>\n<p>                Hair:<br \/>\n                chatain<\/p>\n<p>                Eyes:<br \/>\n                brun<\/p>\n<p>                Measurements:<br \/>\n                85\/65\/86<\/p>\n","protected":false},"featured_media":144062,"comment_status":"open","ping_status":"closed","template":"","meta":{"site-sidebar-layout":"default","site-content-layout":"","ast-site-content-layout":"","site-content-style":"default","site-sidebar-style":"default","ast-global-header-display":"","ast-banner-title-visibility":"","ast-main-header-display":"","ast-hfb-above-header-display":"","ast-hfb-below-header-display":"","ast-hfb-mobile-header-display":"","site-post-title":"","ast-breadcrumbs-content":"","ast-featured-img":"","footer-sml-layout":"","theme-transparent-header-meta":"","adv-header-id-meta":"","stick-header-meta":"","header-above-stick-meta":"","header-main-stick-meta":"","header-below-stick-meta":"","astra-migrate-meta-layouts":"default","ast-page-background-enabled":"default","ast-page-background-meta":{"desktop":{"background-color":"var(--ast-global-color-4)","background-image":"","background-repeat":"repeat","background-position":"center center","background-size":"auto","background-attachment":"scroll","background-type":"","background-media":"","overlay-type":"","overlay-color":"","overlay-opacity":"","overlay-gradient":""},"tablet":{"background-color":"","background-image":"","background-repeat":"repeat","background-position":"center center","background-size":"auto","background-attachment":"scroll","background-type":"","background-media":"","overlay-type":"","overlay-color":"","overlay-opacity":"","overlay-gradient":""},"mobile":{"background-color":"","background-image":"","background-repeat":"repeat","background-position":"center center","background-size":"auto","background-attachment":"scroll","background-type":"","background-media":"","overlay-type":"","overlay-color":"","overlay-opacity":"","overlay-gradient":""}},"ast-content-background-meta":{"desktop":{"background-color":"var(--ast-global-color-5)","background-image":"","background-repeat":"repeat","background-position":"center center","background-size":"auto","background-attachment":"scroll","background-type":"","background-media":"","overlay-type":"","overlay-color":"","overlay-opacity":"","overlay-gradient":""},"tablet":{"background-color":"var(--ast-global-color-5)","background-image":"","background-repeat":"repeat","background-position":"center center","background-size":"auto","background-attachment":"scroll","background-type":"","background-media":"","overlay-type":"","overlay-color":"","overlay-opacity":"","overlay-gradient":""},"mobile":{"background-color":"var(--ast-global-color-5)","background-image":"","background-repeat":"repeat","background-position":"center center","background-size":"auto","background-attachment":"scroll","background-type":"","background-media":"","overlay-type":"","overlay-color":"","overlay-opacity":"","overlay-gradient":""}}},"product_brand":[],"product_cat":[244,188,1118],"product_tag":[],"class_list":{"0":"post-347395","1":"product","2":"type-product","3":"status-publish","4":"has-post-thumbnail","6":"product_cat-france","7":"product_cat-freelancer","8":"product_cat-paris","9":"desktop-align-left","10":"tablet-align-left","11":"mobile-align-left","13":"first","14":"instock","15":"shipping-taxable","16":"product-type-simple"},"_links":{"self":[{"href":"https:\/\/poccky.com\/index.php\/wp-json\/wp\/v2\/product\/347395","targetHints":{"allow":["GET"]}}],"collection":[{"href":"https:\/\/poccky.com\/index.php\/wp-json\/wp\/v2\/product"}],"about":[{"href":"https:\/\/poccky.com\/index.php\/wp-json\/wp\/v2\/types\/product"}],"replies":[{"embeddable":true,"href":"https:\/\/poccky.com\/index.php\/wp-json\/wp\/v2\/comments?post=347395"}],"wp:featuredmedia":[{"embeddable":true,"href":"https:\/\/poccky.com\/index.php\/wp-json\/wp\/v2\/media\/144062"}],"wp:attachment":[{"href":"https:\/\/poccky.com\/index.php\/wp-json\/wp\/v2\/media?parent=347395"}],"wp:term":[{"taxonomy":"product_brand","embeddable":true,"href":"https:\/\/poccky.com\/index.php\/wp-json\/wp\/v2\/product_brand?post=347395"},{"taxonomy":"product_cat","embeddable":true,"href":"https:\/\/poccky.com\/index.php\/wp-json\/wp\/v2\/product_cat?post=347395"},{"taxonomy":"product_tag","embeddable":true,"href":"https:\/\/poccky.com\/index.php\/wp-json\/wp\/v2\/product_tag?post=347395"}],"curies":[{"name":"wp","href":"https:\/\/api.w.org\/{rel}","templated":true}]}}