{"id":347045,"date":"2023-11-08T00:50:45","date_gmt":"2023-11-08T00:50:45","guid":{"rendered":"https:\/\/poccky.com\/?post_type=product&#038;p=347045"},"modified":"2023-11-08T00:50:55","modified_gmt":"2023-11-08T00:50:55","slug":"fernandamoreno-2","status":"publish","type":"product","link":"https:\/\/poccky.com\/index.php\/product\/fernandamoreno-2\/","title":{"rendered":"Fernandamoreno"},"content":{"rendered":"","protected":false},"excerpt":{"rendered":"<p>Pour moi. chaque rendez-vous est unique et je fais tout mon possible pour satisfaire les d\u00e9sirs de mes clients (dans le respect et la limite des services que je vous propose) Pour moi. il est important que vous vous souveniez de moi. car j&#8217;aimerai devenir la femme que vous r\u00eavez de charmer.<br \/>\nDe tr\u00e8s bonne \u00e9ducation. je suis une adepte de l&#8217;amour. de l&#8217;humour. de la volupt\u00e9 et de la courtoisie.<br \/>\nJe suis une femme \u00e0 la fois respectueuse et provocante \u00bb et tr\u00e8s \u00ab glamour \u00bb. Je suis tr\u00e8s sensible et j&#8217;appr\u00e9cie les relations passionnelles et fusionnelles.<br \/>\nJ&#8217;aime revoir r\u00e9guli\u00e8rement les personnes de fa\u00e7on \u00e0 cr\u00e9er la complicit\u00e9 qui peut exister entre un homme et son amie.<br \/>\nChaque rendez-vous est important et il me faut au minimum de temps pour me pr\u00e9parer. exclusivement pour vous. pour vous recevoir de fa\u00e7on parfaite et r\u00e9pondre \u00e0 vos attentes.<br \/>\nOn me dit tr\u00e8s jolie. avec une forte personnalit\u00e9. tr\u00e8s intelligente. p\u00e9tillante. enjou\u00e9e et tr\u00e8s coquine. Pour les raisons que je viens d&#8217;\u00e9voquer. le feeling avec mes clients est tr\u00e8s important. Je vous attend toujours dans un tenues tr\u00e8s sexy et \u00e9l\u00e9gante<br \/>\nVous pouvez me contacter uniquement par t\u00e9l\u00e9phone ou SMS sans num\u00e9ro masqu\u00e9. Si je ne vous r\u00e9ponds pas imm\u00e9diatement c&#8217;est que je suis occup\u00e9e. Je ne r\u00e9ponds jamais quand je suis ocuppe. Mais rassurez-vous et soyez patient je r\u00e9ponds toujours. c&#8217;est la moindre des politesses. My details Below mentioned<\/p>\n<p>                Nationality:<br \/>\n                Brazilian <\/p>\n<p>                Age:<br \/>\n                30<\/p>\n<p>                Height:<br \/>\n                1.65cm<\/p>\n<p>                Weight:<br \/>\n                55<\/p>\n<p>                Hair:<br \/>\n                Long brown<\/p>\n<p>                Eyes:<br \/>\n                Brown <\/p>\n<p>                Measurements:<br \/>\n                90-60-90<\/p>\n","protected":false},"featured_media":140906,"comment_status":"open","ping_status":"closed","template":"","meta":{"site-sidebar-layout":"default","site-content-layout":"","ast-site-content-layout":"","site-content-style":"default","site-sidebar-style":"default","ast-global-header-display":"","ast-banner-title-visibility":"","ast-main-header-display":"","ast-hfb-above-header-display":"","ast-hfb-below-header-display":"","ast-hfb-mobile-header-display":"","site-post-title":"","ast-breadcrumbs-content":"","ast-featured-img":"","footer-sml-layout":"","theme-transparent-header-meta":"","adv-header-id-meta":"","stick-header-meta":"","header-above-stick-meta":"","header-main-stick-meta":"","header-below-stick-meta":"","astra-migrate-meta-layouts":"default","ast-page-background-enabled":"default","ast-page-background-meta":{"desktop":{"background-color":"var(--ast-global-color-4)","background-image":"","background-repeat":"repeat","background-position":"center center","background-size":"auto","background-attachment":"scroll","background-type":"","background-media":"","overlay-type":"","overlay-color":"","overlay-opacity":"","overlay-gradient":""},"tablet":{"background-color":"","background-image":"","background-repeat":"repeat","background-position":"center center","background-size":"auto","background-attachment":"scroll","background-type":"","background-media":"","overlay-type":"","overlay-color":"","overlay-opacity":"","overlay-gradient":""},"mobile":{"background-color":"","background-image":"","background-repeat":"repeat","background-position":"center center","background-size":"auto","background-attachment":"scroll","background-type":"","background-media":"","overlay-type":"","overlay-color":"","overlay-opacity":"","overlay-gradient":""}},"ast-content-background-meta":{"desktop":{"background-color":"var(--ast-global-color-5)","background-image":"","background-repeat":"repeat","background-position":"center center","background-size":"auto","background-attachment":"scroll","background-type":"","background-media":"","overlay-type":"","overlay-color":"","overlay-opacity":"","overlay-gradient":""},"tablet":{"background-color":"var(--ast-global-color-5)","background-image":"","background-repeat":"repeat","background-position":"center center","background-size":"auto","background-attachment":"scroll","background-type":"","background-media":"","overlay-type":"","overlay-color":"","overlay-opacity":"","overlay-gradient":""},"mobile":{"background-color":"var(--ast-global-color-5)","background-image":"","background-repeat":"repeat","background-position":"center center","background-size":"auto","background-attachment":"scroll","background-type":"","background-media":"","overlay-type":"","overlay-color":"","overlay-opacity":"","overlay-gradient":""}}},"product_brand":[],"product_cat":[244,188,1118],"product_tag":[],"class_list":{"0":"post-347045","1":"product","2":"type-product","3":"status-publish","4":"has-post-thumbnail","6":"product_cat-france","7":"product_cat-freelancer","8":"product_cat-paris","9":"desktop-align-left","10":"tablet-align-left","11":"mobile-align-left","13":"first","14":"instock","15":"shipping-taxable","16":"product-type-simple"},"_links":{"self":[{"href":"https:\/\/poccky.com\/index.php\/wp-json\/wp\/v2\/product\/347045","targetHints":{"allow":["GET"]}}],"collection":[{"href":"https:\/\/poccky.com\/index.php\/wp-json\/wp\/v2\/product"}],"about":[{"href":"https:\/\/poccky.com\/index.php\/wp-json\/wp\/v2\/types\/product"}],"replies":[{"embeddable":true,"href":"https:\/\/poccky.com\/index.php\/wp-json\/wp\/v2\/comments?post=347045"}],"wp:featuredmedia":[{"embeddable":true,"href":"https:\/\/poccky.com\/index.php\/wp-json\/wp\/v2\/media\/140906"}],"wp:attachment":[{"href":"https:\/\/poccky.com\/index.php\/wp-json\/wp\/v2\/media?parent=347045"}],"wp:term":[{"taxonomy":"product_brand","embeddable":true,"href":"https:\/\/poccky.com\/index.php\/wp-json\/wp\/v2\/product_brand?post=347045"},{"taxonomy":"product_cat","embeddable":true,"href":"https:\/\/poccky.com\/index.php\/wp-json\/wp\/v2\/product_cat?post=347045"},{"taxonomy":"product_tag","embeddable":true,"href":"https:\/\/poccky.com\/index.php\/wp-json\/wp\/v2\/product_tag?post=347045"}],"curies":[{"name":"wp","href":"https:\/\/api.w.org\/{rel}","templated":true}]}}