{"id":346872,"date":"2023-11-08T00:19:25","date_gmt":"2023-11-08T00:19:25","guid":{"rendered":"https:\/\/poccky.com\/?post_type=product&#038;p=346872"},"modified":"2023-11-08T00:19:36","modified_gmt":"2023-11-08T00:19:36","slug":"kate-83","status":"publish","type":"product","link":"https:\/\/poccky.com\/index.php\/product\/kate-83\/","title":{"rendered":"Kate"},"content":{"rendered":"","protected":false},"excerpt":{"rendered":"<p>Hello Gentlemen. I am in Paris. in the very center. offering a sweet and discreet companion for refined gentlemen. I am a real girl of 27 y.o.. with fully natural beauty. my photos are geniune. I am available for incall. outcall. dinner date. overnight. and sometimes for nice travels. Find out answers to all your questions on my website. and thanks for booking our date in advance. I am waiting for sweet and memorable moments.<\/p>\n<p>Bonjour messieurs. je suis \u00e0 Paris. en plein centre. offrant un compagnon doux et discret pour Messieurs raffin\u00e9s. Je suis une vraie fille de 27 ans. avec une beaut\u00e9 enti\u00e8rement naturelle. mes photos sont geniune. Je suis disponible pour incall. outcall. souper date. du jour au lendemain et parfois pour des voyages sympa. D\u00e9couvrez les r\u00e9ponses \u00e0 toutes vos questions sur mon site et Merci pour la r\u00e9servation de notre rendez-vous \u00e0 l&#8217;avance. Je suis en attente pour des moments douces et m\u00e9morables. My details Below mentioned<\/p>\n<p>                Nationality:<br \/>\n                Czech <\/p>\n<p>                Languages:<br \/>\n                English. French<\/p>\n<p>                Age:<br \/>\n                27<\/p>\n<p>                Height:<br \/>\n                169<\/p>\n<p>                Weight:<br \/>\n                53<\/p>\n<p>                Hair:<br \/>\n                Brunette. long<\/p>\n<p>                Eyes:<br \/>\n                Brown<\/p>\n<p>                Measurements:<br \/>\n                90-60-90Companionship rates:<\/p>\n<p>                  1 hour rate<br \/>\n                  300 EUR<\/p>\n<p>                  2 hours rate<br \/>\n                  500 EUR<\/p>\n<p>                  3 hours rate<br \/>\n                  800 EUR<\/p>\n<p>                  full night rate<br \/>\n                  1500 EUR<\/p>\n","protected":false},"featured_media":142487,"comment_status":"open","ping_status":"closed","template":"","meta":{"site-sidebar-layout":"default","site-content-layout":"","ast-site-content-layout":"","site-content-style":"default","site-sidebar-style":"default","ast-global-header-display":"","ast-banner-title-visibility":"","ast-main-header-display":"","ast-hfb-above-header-display":"","ast-hfb-below-header-display":"","ast-hfb-mobile-header-display":"","site-post-title":"","ast-breadcrumbs-content":"","ast-featured-img":"","footer-sml-layout":"","theme-transparent-header-meta":"","adv-header-id-meta":"","stick-header-meta":"","header-above-stick-meta":"","header-main-stick-meta":"","header-below-stick-meta":"","astra-migrate-meta-layouts":"default","ast-page-background-enabled":"default","ast-page-background-meta":{"desktop":{"background-color":"var(--ast-global-color-4)","background-image":"","background-repeat":"repeat","background-position":"center center","background-size":"auto","background-attachment":"scroll","background-type":"","background-media":"","overlay-type":"","overlay-color":"","overlay-opacity":"","overlay-gradient":""},"tablet":{"background-color":"","background-image":"","background-repeat":"repeat","background-position":"center center","background-size":"auto","background-attachment":"scroll","background-type":"","background-media":"","overlay-type":"","overlay-color":"","overlay-opacity":"","overlay-gradient":""},"mobile":{"background-color":"","background-image":"","background-repeat":"repeat","background-position":"center center","background-size":"auto","background-attachment":"scroll","background-type":"","background-media":"","overlay-type":"","overlay-color":"","overlay-opacity":"","overlay-gradient":""}},"ast-content-background-meta":{"desktop":{"background-color":"var(--ast-global-color-5)","background-image":"","background-repeat":"repeat","background-position":"center center","background-size":"auto","background-attachment":"scroll","background-type":"","background-media":"","overlay-type":"","overlay-color":"","overlay-opacity":"","overlay-gradient":""},"tablet":{"background-color":"var(--ast-global-color-5)","background-image":"","background-repeat":"repeat","background-position":"center center","background-size":"auto","background-attachment":"scroll","background-type":"","background-media":"","overlay-type":"","overlay-color":"","overlay-opacity":"","overlay-gradient":""},"mobile":{"background-color":"var(--ast-global-color-5)","background-image":"","background-repeat":"repeat","background-position":"center center","background-size":"auto","background-attachment":"scroll","background-type":"","background-media":"","overlay-type":"","overlay-color":"","overlay-opacity":"","overlay-gradient":""}}},"product_brand":[],"product_cat":[244,188,1118],"product_tag":[],"class_list":{"0":"post-346872","1":"product","2":"type-product","3":"status-publish","4":"has-post-thumbnail","6":"product_cat-france","7":"product_cat-freelancer","8":"product_cat-paris","9":"desktop-align-left","10":"tablet-align-left","11":"mobile-align-left","13":"first","14":"instock","15":"shipping-taxable","16":"product-type-simple"},"_links":{"self":[{"href":"https:\/\/poccky.com\/index.php\/wp-json\/wp\/v2\/product\/346872","targetHints":{"allow":["GET"]}}],"collection":[{"href":"https:\/\/poccky.com\/index.php\/wp-json\/wp\/v2\/product"}],"about":[{"href":"https:\/\/poccky.com\/index.php\/wp-json\/wp\/v2\/types\/product"}],"replies":[{"embeddable":true,"href":"https:\/\/poccky.com\/index.php\/wp-json\/wp\/v2\/comments?post=346872"}],"wp:featuredmedia":[{"embeddable":true,"href":"https:\/\/poccky.com\/index.php\/wp-json\/wp\/v2\/media\/142487"}],"wp:attachment":[{"href":"https:\/\/poccky.com\/index.php\/wp-json\/wp\/v2\/media?parent=346872"}],"wp:term":[{"taxonomy":"product_brand","embeddable":true,"href":"https:\/\/poccky.com\/index.php\/wp-json\/wp\/v2\/product_brand?post=346872"},{"taxonomy":"product_cat","embeddable":true,"href":"https:\/\/poccky.com\/index.php\/wp-json\/wp\/v2\/product_cat?post=346872"},{"taxonomy":"product_tag","embeddable":true,"href":"https:\/\/poccky.com\/index.php\/wp-json\/wp\/v2\/product_tag?post=346872"}],"curies":[{"name":"wp","href":"https:\/\/api.w.org\/{rel}","templated":true}]}}