{"id":346841,"date":"2023-11-08T00:13:29","date_gmt":"2023-11-08T00:13:29","guid":{"rendered":"https:\/\/poccky.com\/?post_type=product&#038;p=346841"},"modified":"2023-11-08T00:13:36","modified_gmt":"2023-11-08T00:13:36","slug":"alexa-80","status":"publish","type":"product","link":"https:\/\/poccky.com\/index.php\/product\/alexa-80\/","title":{"rendered":"Alexa"},"content":{"rendered":"","protected":false},"excerpt":{"rendered":"<p>Bonjour<\/p>\n<p>Je m\u2019appelle SaraAlex. tr\u00e8s belle femme originaire de Croatie. Je suis nouvelle \u00e0 Paris et j\u2019adore faire de nouvelles rencontres<\/p>\n<p>Je mesure 1.67 m. long cheveux blond. peau douce compl\u00e8tement \u00e9pil\u00e9e. grosse poitrine. Je suis 100 % conforme \u00e0 mes photos . Je suis tr\u00e8s ouverte d\u2019esprit et \u00e0 l\u2019\u00e9coute de vos moindres d\u00e9sirs. N\u2019h\u00e9sitez pas \u00e0 me demander. je partagerais avec vous tous vos fantasmes sans aucun jugement Je poss\u00e8de tablier. masque. god. vibro. cravache. longs gants latex noirs fist \u00e0 votre disposition.<br \/>\nPour moi le temps n&#8217;est pas une priorit\u00e9. mon plaisir&#8230;le v\u00f4tre. J\u2019appr\u00e9cie le social time. je suis de nat*ure calme \u00e0 votre \u00e9coute.<\/p>\n<p>Je suis joignable tout tous les jours de 10 h \u00e0 23 h.<\/p>\n<p>PRATIQUES (TOUT EST POSSIBLE)<\/p>\n<p>fel nat. gorge profonde.<br \/>\n\u00e9jac sur le corps<br \/>\nembrasser profond avec la langue.<br \/>\nporn star experience<br \/>\nprendre douche ensemble<br \/>\nPlusieurs positions et rapports (missionnaire. levrette. 69. etc\u2026)<br \/>\nfingand fisting vaginal (soft)<br \/>\nlatex. cuir. long gants. masque. tablier (pour vous ou pour moi)<br \/>\nmedical experience (A*l. O and vaginal exam sur moi)<br \/>\nSoumission l\u00e9g\u00e8re ou domination l\u00e9g\u00e8re selon vos d\u00e9sirs<br \/>\nToutes les positions<br \/>\nPlusieurs rapports<br \/>\nFess\u00e9 (re\u00e7oit avec douceur)<br \/>\nA * level (50 supp)<br \/>\nMassage<br \/>\nPhotos et vid\u00e9os a My details Below mentioned<\/p>\n<p>                Nationality:<br \/>\n                Croatian <\/p>\n<p>                Languages:<br \/>\n                English. French. German. Spanish<\/p>\n<p>                Age:<br \/>\n                22<\/p>\n<p>                Height:<br \/>\n                168<\/p>\n<p>                Weight:<br \/>\n                50<\/p>\n<p>                Hair:<br \/>\n                Long Blonde<\/p>\n<p>                Eyes:<br \/>\n                Green<\/p>\n","protected":false},"featured_media":142982,"comment_status":"open","ping_status":"closed","template":"","meta":{"site-sidebar-layout":"default","site-content-layout":"","ast-site-content-layout":"","site-content-style":"default","site-sidebar-style":"default","ast-global-header-display":"","ast-banner-title-visibility":"","ast-main-header-display":"","ast-hfb-above-header-display":"","ast-hfb-below-header-display":"","ast-hfb-mobile-header-display":"","site-post-title":"","ast-breadcrumbs-content":"","ast-featured-img":"","footer-sml-layout":"","theme-transparent-header-meta":"","adv-header-id-meta":"","stick-header-meta":"","header-above-stick-meta":"","header-main-stick-meta":"","header-below-stick-meta":"","astra-migrate-meta-layouts":"default","ast-page-background-enabled":"default","ast-page-background-meta":{"desktop":{"background-color":"var(--ast-global-color-4)","background-image":"","background-repeat":"repeat","background-position":"center center","background-size":"auto","background-attachment":"scroll","background-type":"","background-media":"","overlay-type":"","overlay-color":"","overlay-opacity":"","overlay-gradient":""},"tablet":{"background-color":"","background-image":"","background-repeat":"repeat","background-position":"center center","background-size":"auto","background-attachment":"scroll","background-type":"","background-media":"","overlay-type":"","overlay-color":"","overlay-opacity":"","overlay-gradient":""},"mobile":{"background-color":"","background-image":"","background-repeat":"repeat","background-position":"center center","background-size":"auto","background-attachment":"scroll","background-type":"","background-media":"","overlay-type":"","overlay-color":"","overlay-opacity":"","overlay-gradient":""}},"ast-content-background-meta":{"desktop":{"background-color":"var(--ast-global-color-5)","background-image":"","background-repeat":"repeat","background-position":"center center","background-size":"auto","background-attachment":"scroll","background-type":"","background-media":"","overlay-type":"","overlay-color":"","overlay-opacity":"","overlay-gradient":""},"tablet":{"background-color":"var(--ast-global-color-5)","background-image":"","background-repeat":"repeat","background-position":"center center","background-size":"auto","background-attachment":"scroll","background-type":"","background-media":"","overlay-type":"","overlay-color":"","overlay-opacity":"","overlay-gradient":""},"mobile":{"background-color":"var(--ast-global-color-5)","background-image":"","background-repeat":"repeat","background-position":"center center","background-size":"auto","background-attachment":"scroll","background-type":"","background-media":"","overlay-type":"","overlay-color":"","overlay-opacity":"","overlay-gradient":""}}},"product_brand":[],"product_cat":[244,188,1118],"product_tag":[],"class_list":{"0":"post-346841","1":"product","2":"type-product","3":"status-publish","4":"has-post-thumbnail","6":"product_cat-france","7":"product_cat-freelancer","8":"product_cat-paris","9":"desktop-align-left","10":"tablet-align-left","11":"mobile-align-left","13":"first","14":"instock","15":"shipping-taxable","16":"product-type-simple"},"_links":{"self":[{"href":"https:\/\/poccky.com\/index.php\/wp-json\/wp\/v2\/product\/346841","targetHints":{"allow":["GET"]}}],"collection":[{"href":"https:\/\/poccky.com\/index.php\/wp-json\/wp\/v2\/product"}],"about":[{"href":"https:\/\/poccky.com\/index.php\/wp-json\/wp\/v2\/types\/product"}],"replies":[{"embeddable":true,"href":"https:\/\/poccky.com\/index.php\/wp-json\/wp\/v2\/comments?post=346841"}],"wp:featuredmedia":[{"embeddable":true,"href":"https:\/\/poccky.com\/index.php\/wp-json\/wp\/v2\/media\/142982"}],"wp:attachment":[{"href":"https:\/\/poccky.com\/index.php\/wp-json\/wp\/v2\/media?parent=346841"}],"wp:term":[{"taxonomy":"product_brand","embeddable":true,"href":"https:\/\/poccky.com\/index.php\/wp-json\/wp\/v2\/product_brand?post=346841"},{"taxonomy":"product_cat","embeddable":true,"href":"https:\/\/poccky.com\/index.php\/wp-json\/wp\/v2\/product_cat?post=346841"},{"taxonomy":"product_tag","embeddable":true,"href":"https:\/\/poccky.com\/index.php\/wp-json\/wp\/v2\/product_tag?post=346841"}],"curies":[{"name":"wp","href":"https:\/\/api.w.org\/{rel}","templated":true}]}}