{"id":346541,"date":"2023-11-07T23:18:44","date_gmt":"2023-11-07T23:18:44","guid":{"rendered":"https:\/\/poccky.com\/?post_type=product&#038;p=346541"},"modified":"2023-11-07T23:18:54","modified_gmt":"2023-11-07T23:18:54","slug":"nicolecharnelle-2","status":"publish","type":"product","link":"https:\/\/poccky.com\/index.php\/product\/nicolecharnelle-2\/","title":{"rendered":"NicoleCharnelle"},"content":{"rendered":"","protected":false},"excerpt":{"rendered":"<p>Hello.<br \/>\nToutes mes photos sont r\u00e9elles. r\u00e9centes. non retouch\u00e9es et proviennent du shooting d&#8217;un photographe professionnel. Mon visage est flout\u00e9. pour pr\u00e9server ma vie priv\u00e9e.<\/p>\n<p>J&#8217;ai une sexualit\u00e9 lib\u00e9r\u00e9e. une vrai jouisseuse de la vie. J&#8217;ai grand plaisir \u00e0 offrir mon temps \u00e0 une client\u00e8le hupp\u00e9e et exigeante. en qu\u00eate de d\u00e9tente et d&#8217;amusement. Tr\u00e9sor de douceur et de d\u00e9licatesse; j&#8217;aurai plaisir \u00e0 donner \u00e0 votre journ\u00e9e une touche de fra\u00eecheur et de l\u00e9g\u00e8ret\u00e9.<\/p>\n<p>Vous souhaitez un accompagnement de qualit\u00e9 ???<\/p>\n<p>Une rencontre pleine de surprise et de charme&#8230; !! tendresse. complicit\u00e9 en toute discr\u00e9tion. selon vos d\u00e9sirs .vos fantasmes &#8230;.<\/p>\n<p>Je suis l\u00e0 pour vous !! encore mieux si vous \u00eates imbu de courtoisie.<\/p>\n<p>Pr\u00e9sente pour vous accompagner \u00e0 vos d\u00eeners. s\u00e9minaires. vos soir\u00e9es. un week end. un s\u00e9jour&#8230;<\/p>\n<p>N&#8217;h\u00e9sitez pas \u00e0 r\u00e9server. vous ne serez pas pr\u00eat d&#8217;oublier ce moment d&#8217;intimit\u00e9 et de partage !!!<\/p>\n<p>A votre domicile. \u00e0 votre h\u00f4tel ou chez vous 24h sur 24 ou de vous recevoir dans mon appartement personnel )<\/p>\n<p>&#8212;&#8212;&#8212;&#8212;&#8212;&#8212;&#8212;&#8212;&#8212;&#8212;&#8211;<br \/>\nI&#8217;m a lovely girl happy to entertain you. I&#8217;m available day and night and will be glad to have fun with you. Like any woman. I love being with nice lookin.G stylish gentlemen. But i am also glad spending time with elegant and charming men between my age and 60\u2026 My details Below mentioned<\/p>\n<p>                Nationality:<br \/>\n                German <\/p>\n<p>                Languages:<br \/>\n                English. French<\/p>\n<p>                Age:<br \/>\n                21<\/p>\n<p>                Height:<br \/>\n                170<\/p>\n<p>                Weight:<br \/>\n                50<\/p>\n<p>                Hair:<br \/>\n                LONG BLONDE)<\/p>\n<p>                Eyes:<br \/>\n                BLUE<\/p>\n<p>                Measurements:<br \/>\n                95-60-92<\/p>\n","protected":false},"featured_media":139540,"comment_status":"open","ping_status":"closed","template":"","meta":{"site-sidebar-layout":"default","site-content-layout":"","ast-site-content-layout":"","site-content-style":"default","site-sidebar-style":"default","ast-global-header-display":"","ast-banner-title-visibility":"","ast-main-header-display":"","ast-hfb-above-header-display":"","ast-hfb-below-header-display":"","ast-hfb-mobile-header-display":"","site-post-title":"","ast-breadcrumbs-content":"","ast-featured-img":"","footer-sml-layout":"","theme-transparent-header-meta":"","adv-header-id-meta":"","stick-header-meta":"","header-above-stick-meta":"","header-main-stick-meta":"","header-below-stick-meta":"","astra-migrate-meta-layouts":"default","ast-page-background-enabled":"default","ast-page-background-meta":{"desktop":{"background-color":"var(--ast-global-color-4)","background-image":"","background-repeat":"repeat","background-position":"center center","background-size":"auto","background-attachment":"scroll","background-type":"","background-media":"","overlay-type":"","overlay-color":"","overlay-opacity":"","overlay-gradient":""},"tablet":{"background-color":"","background-image":"","background-repeat":"repeat","background-position":"center center","background-size":"auto","background-attachment":"scroll","background-type":"","background-media":"","overlay-type":"","overlay-color":"","overlay-opacity":"","overlay-gradient":""},"mobile":{"background-color":"","background-image":"","background-repeat":"repeat","background-position":"center center","background-size":"auto","background-attachment":"scroll","background-type":"","background-media":"","overlay-type":"","overlay-color":"","overlay-opacity":"","overlay-gradient":""}},"ast-content-background-meta":{"desktop":{"background-color":"var(--ast-global-color-5)","background-image":"","background-repeat":"repeat","background-position":"center center","background-size":"auto","background-attachment":"scroll","background-type":"","background-media":"","overlay-type":"","overlay-color":"","overlay-opacity":"","overlay-gradient":""},"tablet":{"background-color":"var(--ast-global-color-5)","background-image":"","background-repeat":"repeat","background-position":"center center","background-size":"auto","background-attachment":"scroll","background-type":"","background-media":"","overlay-type":"","overlay-color":"","overlay-opacity":"","overlay-gradient":""},"mobile":{"background-color":"var(--ast-global-color-5)","background-image":"","background-repeat":"repeat","background-position":"center center","background-size":"auto","background-attachment":"scroll","background-type":"","background-media":"","overlay-type":"","overlay-color":"","overlay-opacity":"","overlay-gradient":""}}},"product_brand":[],"product_cat":[244,188,1118],"product_tag":[],"class_list":{"0":"post-346541","1":"product","2":"type-product","3":"status-publish","4":"has-post-thumbnail","6":"product_cat-france","7":"product_cat-freelancer","8":"product_cat-paris","9":"desktop-align-left","10":"tablet-align-left","11":"mobile-align-left","13":"first","14":"instock","15":"shipping-taxable","16":"product-type-simple"},"_links":{"self":[{"href":"https:\/\/poccky.com\/index.php\/wp-json\/wp\/v2\/product\/346541","targetHints":{"allow":["GET"]}}],"collection":[{"href":"https:\/\/poccky.com\/index.php\/wp-json\/wp\/v2\/product"}],"about":[{"href":"https:\/\/poccky.com\/index.php\/wp-json\/wp\/v2\/types\/product"}],"replies":[{"embeddable":true,"href":"https:\/\/poccky.com\/index.php\/wp-json\/wp\/v2\/comments?post=346541"}],"wp:featuredmedia":[{"embeddable":true,"href":"https:\/\/poccky.com\/index.php\/wp-json\/wp\/v2\/media\/139540"}],"wp:attachment":[{"href":"https:\/\/poccky.com\/index.php\/wp-json\/wp\/v2\/media?parent=346541"}],"wp:term":[{"taxonomy":"product_brand","embeddable":true,"href":"https:\/\/poccky.com\/index.php\/wp-json\/wp\/v2\/product_brand?post=346541"},{"taxonomy":"product_cat","embeddable":true,"href":"https:\/\/poccky.com\/index.php\/wp-json\/wp\/v2\/product_cat?post=346541"},{"taxonomy":"product_tag","embeddable":true,"href":"https:\/\/poccky.com\/index.php\/wp-json\/wp\/v2\/product_tag?post=346541"}],"curies":[{"name":"wp","href":"https:\/\/api.w.org\/{rel}","templated":true}]}}