{"id":346179,"date":"2023-11-07T22:11:16","date_gmt":"2023-11-07T22:11:16","guid":{"rendered":"https:\/\/poccky.com\/?post_type=product&#038;p=346179"},"modified":"2023-11-07T22:11:27","modified_gmt":"2023-11-07T22:11:27","slug":"jessy-25","status":"publish","type":"product","link":"https:\/\/poccky.com\/index.php\/product\/jessy-25\/","title":{"rendered":"Jessy"},"content":{"rendered":"","protected":false},"excerpt":{"rendered":"<p>Vous \u00eates \u00e0 la recherche de rencontres sensuelles et discr\u00e8tes?<\/p>\n<p>Vous souhaitez passer une agr\u00e9able soir\u00e9e?<\/p>\n<p>Ce site pour adultes vous informe sur l&#8217;activit\u00e9 ind\u00e9pendante d&#8217;une belle escorte girl. d&#8217;une accompagnatrice de charme et de luxe.<\/p>\n<p>Escorte girl attentionn\u00e9e. on me qualifie de femme irr\u00e9sistiblement attirante. sensuelle. douce et raffin\u00e9e. munie d&#8217;un corps de r\u00eave. d&#8217;une peau velout\u00e9e. et d&#8217; un regard sexy.<\/p>\n<p>Mes prestations d&#8217;accompagnement. d&#8217;escorting se font sur rendez-vous pris \u00e0 l&#8217;avance et sont r\u00e9serv\u00e9es \u00e0 une client\u00e8le de courtoisie. qui poss\u00e8de l&#8217;\u00e9l\u00e9gance dans l&#8217;\u00e2me et le sentiment d\u00e9licat des convenances. Je suis relativement flexible et large d\u00b4esprit et attend de notre rencontre un respect mutuel ainsi qu\u00b4une hygi\u00e8ne corporelle irr\u00e9prochable Les services propos\u00e9s sont ceux d&#8217;une escorte-girl qui se d\u00e9place au Monaco et Cote d&#8217;Azur.<\/p>\n<p>PS:Je r\u00e9ponds pas aux num\u00e9ros masque<\/p>\n<p>Bisous<\/p>\n<p>Jessy<\/p>\n<p>+33698207283 My details Below mentioned<\/p>\n<p>                Nationality:<br \/>\n                Slovakian <\/p>\n<p>                Languages:<br \/>\n                English<\/p>\n<p>                Age:<br \/>\n                25<\/p>\n<p>                Height:<br \/>\n                165<\/p>\n<p>                Weight:<br \/>\n                50<\/p>\n<p>                Hair:<br \/>\n                blonde<\/p>\n<p>                Eyes:<br \/>\n                bluephone_call me Phone:<br \/>\n          +33698207283<\/p>\n","protected":false},"featured_media":138216,"comment_status":"open","ping_status":"closed","template":"","meta":{"site-sidebar-layout":"default","site-content-layout":"","ast-site-content-layout":"","site-content-style":"default","site-sidebar-style":"default","ast-global-header-display":"","ast-banner-title-visibility":"","ast-main-header-display":"","ast-hfb-above-header-display":"","ast-hfb-below-header-display":"","ast-hfb-mobile-header-display":"","site-post-title":"","ast-breadcrumbs-content":"","ast-featured-img":"","footer-sml-layout":"","theme-transparent-header-meta":"","adv-header-id-meta":"","stick-header-meta":"","header-above-stick-meta":"","header-main-stick-meta":"","header-below-stick-meta":"","astra-migrate-meta-layouts":"default","ast-page-background-enabled":"default","ast-page-background-meta":{"desktop":{"background-color":"var(--ast-global-color-4)","background-image":"","background-repeat":"repeat","background-position":"center center","background-size":"auto","background-attachment":"scroll","background-type":"","background-media":"","overlay-type":"","overlay-color":"","overlay-opacity":"","overlay-gradient":""},"tablet":{"background-color":"","background-image":"","background-repeat":"repeat","background-position":"center center","background-size":"auto","background-attachment":"scroll","background-type":"","background-media":"","overlay-type":"","overlay-color":"","overlay-opacity":"","overlay-gradient":""},"mobile":{"background-color":"","background-image":"","background-repeat":"repeat","background-position":"center center","background-size":"auto","background-attachment":"scroll","background-type":"","background-media":"","overlay-type":"","overlay-color":"","overlay-opacity":"","overlay-gradient":""}},"ast-content-background-meta":{"desktop":{"background-color":"var(--ast-global-color-5)","background-image":"","background-repeat":"repeat","background-position":"center center","background-size":"auto","background-attachment":"scroll","background-type":"","background-media":"","overlay-type":"","overlay-color":"","overlay-opacity":"","overlay-gradient":""},"tablet":{"background-color":"var(--ast-global-color-5)","background-image":"","background-repeat":"repeat","background-position":"center center","background-size":"auto","background-attachment":"scroll","background-type":"","background-media":"","overlay-type":"","overlay-color":"","overlay-opacity":"","overlay-gradient":""},"mobile":{"background-color":"var(--ast-global-color-5)","background-image":"","background-repeat":"repeat","background-position":"center center","background-size":"auto","background-attachment":"scroll","background-type":"","background-media":"","overlay-type":"","overlay-color":"","overlay-opacity":"","overlay-gradient":""}}},"product_brand":[],"product_cat":[188,911,1119],"product_tag":[],"class_list":{"0":"post-346179","1":"product","2":"type-product","3":"status-publish","4":"has-post-thumbnail","6":"product_cat-freelancer","7":"product_cat-monaco","8":"product_cat-monte-carlo","9":"desktop-align-left","10":"tablet-align-left","11":"mobile-align-left","13":"first","14":"instock","15":"shipping-taxable","16":"product-type-simple"},"_links":{"self":[{"href":"https:\/\/poccky.com\/index.php\/wp-json\/wp\/v2\/product\/346179","targetHints":{"allow":["GET"]}}],"collection":[{"href":"https:\/\/poccky.com\/index.php\/wp-json\/wp\/v2\/product"}],"about":[{"href":"https:\/\/poccky.com\/index.php\/wp-json\/wp\/v2\/types\/product"}],"replies":[{"embeddable":true,"href":"https:\/\/poccky.com\/index.php\/wp-json\/wp\/v2\/comments?post=346179"}],"wp:featuredmedia":[{"embeddable":true,"href":"https:\/\/poccky.com\/index.php\/wp-json\/wp\/v2\/media\/138216"}],"wp:attachment":[{"href":"https:\/\/poccky.com\/index.php\/wp-json\/wp\/v2\/media?parent=346179"}],"wp:term":[{"taxonomy":"product_brand","embeddable":true,"href":"https:\/\/poccky.com\/index.php\/wp-json\/wp\/v2\/product_brand?post=346179"},{"taxonomy":"product_cat","embeddable":true,"href":"https:\/\/poccky.com\/index.php\/wp-json\/wp\/v2\/product_cat?post=346179"},{"taxonomy":"product_tag","embeddable":true,"href":"https:\/\/poccky.com\/index.php\/wp-json\/wp\/v2\/product_tag?post=346179"}],"curies":[{"name":"wp","href":"https:\/\/api.w.org\/{rel}","templated":true}]}}