{"id":346086,"date":"2023-11-07T21:52:13","date_gmt":"2023-11-07T21:52:13","guid":{"rendered":"https:\/\/poccky.com\/?post_type=product&#038;p=346086"},"modified":"2023-11-07T21:52:26","modified_gmt":"2023-11-07T21:52:26","slug":"coupleglamourr-2","status":"publish","type":"product","link":"https:\/\/poccky.com\/index.php\/product\/coupleglamourr-2\/","title":{"rendered":"Coupleglamourr"},"content":{"rendered":"","protected":false},"excerpt":{"rendered":"<p>Hello!<br \/>\nJoinable aussi sur WhatsApp<\/p>\n<p>Aucun tabou !!!!!!! Nous on pratique tout !!!!!!!!!!<\/p>\n<p>********<br \/>\nCouple escorts foremost libertines. are both bisexual. but adapt to the sexual orientation of each individual desires. whether you&#8217;re bi. hetero strictly. strictly gay. strictly a lesbian or a straight person. gay or lesbian relationship wish to learn bisexual relation. In all cases. with or without bisexual contacts. our moments of intimacy offer a great excitement at the psychological act of participating in pleasure party at three or four persons.<br \/>\nDisponible pour Couple (male + female) &#8211; foursome. Single Woman. Single Man &#8211; threesome. Single man with she. Party. Holiday. Meetin.G Companion. Private time. Swing Party. Travel. Sexual Consultin.G Friendly. etc<\/p>\n<p>Lets go to play;) we LOVE IT!!!<\/p>\n<p>*******<br \/>\nshe. Very nice European blonde. 21 years. sexy body. natural big boobs 95D . long blond hair . 1.66cm.<br \/>\nHe. is a Italian man. gentleman. lovely partner. very open-minded. 23 years. 1.73cm. 70kg<br \/>\nwe can realize all all all your fantasies!!!! really no tabou<\/p>\n<p>********<br \/>\nToute relation sexuelle qui pourrait intervenir rel\u00e8verait strictement de la vie priv\u00e9e entre adultes consentants et serait parfaitement d\u00e9tach\u00e9e de l&#8217;accompagnement propos\u00e9.<\/p>\n<p>Toute relation sexuelle qui interviendrait se ferait exclusivement dans le cadre de trios HFH. trios HFF. HFFH. Pas besoin d&#8217;avoir une exp\u00e9rience bisexuelle pass\u00e9e pour en avoir une premi\u00e8re avec nous. Pas besoin de se dire bisexuel apr\u00e8s en avoir eu une avec nous. Car plus qu&#8217;une exp\u00e9rience bisexuelle. c&#8217;est vivre une exp\u00e9rience unique en la compagnie simultan\u00e9e d&#8217;un bel homme et d&#8217;une belle femme.<\/p>\n<p>Les tarifs ci-dessous comprennent l&#8217;accompagnement de viola et de Max. escort-girl et escort-boy en duo. Ils sont identiques pour une personne seule ou pour un couple. Ils indiquent bien une dur\u00e9e. car ne d\u00e9pendent pas du contenu de la rencontre. Il n&#8217;y a pas de point d&#8217;arr\u00eat si ce n&#8217;est le temps initialement imparti.<\/p>\n<p>Les deux participent ensemble syst\u00e9matiquement \u00e0 l&#8217;int\u00e9gralit\u00e9 de la rencontre.<br \/>\nCeci \u00e9tant strictement non n\u00e9gociable. My details Below mentioned<\/p>\n<p>                Nationality:<br \/>\n                Australian <\/p>\n<p>                Languages:<br \/>\n                English. French<\/p>\n<p>                Age:<br \/>\n                21<\/p>\n<p>                Height:<br \/>\n                171<\/p>\n<p>                Weight:<br \/>\n                51<\/p>\n<p>                Hair:<br \/>\n                BLONG<\/p>\n<p>                Eyes:<br \/>\n                green<\/p>\n<p>                Measurements:<br \/>\n                95-60-90<\/p>\n","protected":false},"featured_media":134417,"comment_status":"open","ping_status":"closed","template":"","meta":{"site-sidebar-layout":"default","site-content-layout":"","ast-site-content-layout":"","site-content-style":"default","site-sidebar-style":"default","ast-global-header-display":"","ast-banner-title-visibility":"","ast-main-header-display":"","ast-hfb-above-header-display":"","ast-hfb-below-header-display":"","ast-hfb-mobile-header-display":"","site-post-title":"","ast-breadcrumbs-content":"","ast-featured-img":"","footer-sml-layout":"","theme-transparent-header-meta":"","adv-header-id-meta":"","stick-header-meta":"","header-above-stick-meta":"","header-main-stick-meta":"","header-below-stick-meta":"","astra-migrate-meta-layouts":"default","ast-page-background-enabled":"default","ast-page-background-meta":{"desktop":{"background-color":"var(--ast-global-color-4)","background-image":"","background-repeat":"repeat","background-position":"center center","background-size":"auto","background-attachment":"scroll","background-type":"","background-media":"","overlay-type":"","overlay-color":"","overlay-opacity":"","overlay-gradient":""},"tablet":{"background-color":"","background-image":"","background-repeat":"repeat","background-position":"center center","background-size":"auto","background-attachment":"scroll","background-type":"","background-media":"","overlay-type":"","overlay-color":"","overlay-opacity":"","overlay-gradient":""},"mobile":{"background-color":"","background-image":"","background-repeat":"repeat","background-position":"center center","background-size":"auto","background-attachment":"scroll","background-type":"","background-media":"","overlay-type":"","overlay-color":"","overlay-opacity":"","overlay-gradient":""}},"ast-content-background-meta":{"desktop":{"background-color":"var(--ast-global-color-5)","background-image":"","background-repeat":"repeat","background-position":"center center","background-size":"auto","background-attachment":"scroll","background-type":"","background-media":"","overlay-type":"","overlay-color":"","overlay-opacity":"","overlay-gradient":""},"tablet":{"background-color":"var(--ast-global-color-5)","background-image":"","background-repeat":"repeat","background-position":"center center","background-size":"auto","background-attachment":"scroll","background-type":"","background-media":"","overlay-type":"","overlay-color":"","overlay-opacity":"","overlay-gradient":""},"mobile":{"background-color":"var(--ast-global-color-5)","background-image":"","background-repeat":"repeat","background-position":"center center","background-size":"auto","background-attachment":"scroll","background-type":"","background-media":"","overlay-type":"","overlay-color":"","overlay-opacity":"","overlay-gradient":""}}},"product_brand":[],"product_cat":[244,188,1118],"product_tag":[],"class_list":{"0":"post-346086","1":"product","2":"type-product","3":"status-publish","4":"has-post-thumbnail","6":"product_cat-france","7":"product_cat-freelancer","8":"product_cat-paris","9":"desktop-align-left","10":"tablet-align-left","11":"mobile-align-left","13":"first","14":"instock","15":"shipping-taxable","16":"product-type-simple"},"_links":{"self":[{"href":"https:\/\/poccky.com\/index.php\/wp-json\/wp\/v2\/product\/346086","targetHints":{"allow":["GET"]}}],"collection":[{"href":"https:\/\/poccky.com\/index.php\/wp-json\/wp\/v2\/product"}],"about":[{"href":"https:\/\/poccky.com\/index.php\/wp-json\/wp\/v2\/types\/product"}],"replies":[{"embeddable":true,"href":"https:\/\/poccky.com\/index.php\/wp-json\/wp\/v2\/comments?post=346086"}],"wp:featuredmedia":[{"embeddable":true,"href":"https:\/\/poccky.com\/index.php\/wp-json\/wp\/v2\/media\/134417"}],"wp:attachment":[{"href":"https:\/\/poccky.com\/index.php\/wp-json\/wp\/v2\/media?parent=346086"}],"wp:term":[{"taxonomy":"product_brand","embeddable":true,"href":"https:\/\/poccky.com\/index.php\/wp-json\/wp\/v2\/product_brand?post=346086"},{"taxonomy":"product_cat","embeddable":true,"href":"https:\/\/poccky.com\/index.php\/wp-json\/wp\/v2\/product_cat?post=346086"},{"taxonomy":"product_tag","embeddable":true,"href":"https:\/\/poccky.com\/index.php\/wp-json\/wp\/v2\/product_tag?post=346086"}],"curies":[{"name":"wp","href":"https:\/\/api.w.org\/{rel}","templated":true}]}}