{"id":346035,"date":"2023-11-07T21:42:07","date_gmt":"2023-11-07T21:42:07","guid":{"rendered":"https:\/\/poccky.com\/?post_type=product&#038;p=346035"},"modified":"2023-11-07T21:42:11","modified_gmt":"2023-11-07T21:42:11","slug":"amalia-29","status":"publish","type":"product","link":"https:\/\/poccky.com\/index.php\/product\/amalia-29\/","title":{"rendered":"Amalia"},"content":{"rendered":"","protected":false},"excerpt":{"rendered":"<p>Amalia \u00e8 la cosa che si stava cercando quando si stavano cercando l&#8217;esperienza fidanzata ideale. Si pu\u00f2 sicuramente rendere allegro e dimostrare a voi un tempo decente. Amalia \u00e8 la cosa che noi chiamiamo l&#8217;eccellenza europea orientale. lei ha tutto. dalle curve sorprendenti e il fuoco come i capelli. per il tocco delicato di un fiore. Richiesta Questa Amsterdam escort ora! Di tanto in tanto sar\u00e0 necessario questo tesoro di essere adiacente a voi e lei pu\u00f2 arrivare in pochi minuti. Lei \u00e8 caldo e apprezzeranno tutto ci\u00f2 che si dice e fare insieme. Controllare il tempo. Non ti dire che \u00e8 l&#8217;occasione ideale per chiamare Dora? Lei \u00e8 stato un po &#8216;di tempo lontano da lei e lei ti manca a tal punto. Ti piacerebbe incontrarla? E &#8216;sorprendente questa straordinaria scorta Amsterdam \u00e8 accessibile e che ha bisogno di un uomo vero e proprio nella sua vita. Immaginiamo che si pu\u00f2 essere quello che ha bisogno! Ignorare le vostre delusioni con Amalia. Insieme a letto non si sar\u00e0 mai in considerazione questioni di lavoro. di relazione o di vita. esattamente come fare la notte eccezionale. Quando si tratta di una grande opportunit\u00e0 per scoprire la vostra signorina fantasia. lei pu\u00f2 essere l\u00ec appena umanamente possibile. accanto a voi e farvi sentire necessario e adorato. Lei \u00e8 senza dubbio quello per voi. Questo amico \u00e8 uno stupefacente scorta di Amsterdam che vi dar\u00e0 l&#8217;esperienza di straordinaria gioia e un sacco di momenti divertenti. la chiami ora e effettuare la prenotazione. lei \u00e8 sempre accessibile. Questo eccellente giovane donna \u00e8 tutto qui per voi. alzando di conoscerti. Cercate di non darle la possibilit\u00e0 di ottenere abbandonato. ottenere al telefono ed entrare in contatto con noi. Lei sar\u00e0 con voi in una questione di momenti. My details Below mentioned<\/p>\n<p>                Nationality:<br \/>\n                Dutch <\/p>\n<p>                Languages:<br \/>\n                Dutch. English<\/p>\n<p>                Age:<br \/>\n                23<\/p>\n<p>                Height:<br \/>\n                168<\/p>\n<p>                Weight:<br \/>\n                55<\/p>\n<p>                Hair:<br \/>\n                Long Blonde<\/p>\n<p>                Eyes:<br \/>\n                Black<\/p>\n<p>                Measurements:<br \/>\n                94-60-91phone_call me Phone:<br \/>\n          +31682431246<\/p>\n","protected":false},"featured_media":135700,"comment_status":"open","ping_status":"closed","template":"","meta":{"site-sidebar-layout":"default","site-content-layout":"","ast-site-content-layout":"","site-content-style":"default","site-sidebar-style":"default","ast-global-header-display":"","ast-banner-title-visibility":"","ast-main-header-display":"","ast-hfb-above-header-display":"","ast-hfb-below-header-display":"","ast-hfb-mobile-header-display":"","site-post-title":"","ast-breadcrumbs-content":"","ast-featured-img":"","footer-sml-layout":"","theme-transparent-header-meta":"","adv-header-id-meta":"","stick-header-meta":"","header-above-stick-meta":"","header-main-stick-meta":"","header-below-stick-meta":"","astra-migrate-meta-layouts":"default","ast-page-background-enabled":"default","ast-page-background-meta":{"desktop":{"background-color":"var(--ast-global-color-4)","background-image":"","background-repeat":"repeat","background-position":"center center","background-size":"auto","background-attachment":"scroll","background-type":"","background-media":"","overlay-type":"","overlay-color":"","overlay-opacity":"","overlay-gradient":""},"tablet":{"background-color":"","background-image":"","background-repeat":"repeat","background-position":"center center","background-size":"auto","background-attachment":"scroll","background-type":"","background-media":"","overlay-type":"","overlay-color":"","overlay-opacity":"","overlay-gradient":""},"mobile":{"background-color":"","background-image":"","background-repeat":"repeat","background-position":"center center","background-size":"auto","background-attachment":"scroll","background-type":"","background-media":"","overlay-type":"","overlay-color":"","overlay-opacity":"","overlay-gradient":""}},"ast-content-background-meta":{"desktop":{"background-color":"var(--ast-global-color-5)","background-image":"","background-repeat":"repeat","background-position":"center center","background-size":"auto","background-attachment":"scroll","background-type":"","background-media":"","overlay-type":"","overlay-color":"","overlay-opacity":"","overlay-gradient":""},"tablet":{"background-color":"var(--ast-global-color-5)","background-image":"","background-repeat":"repeat","background-position":"center center","background-size":"auto","background-attachment":"scroll","background-type":"","background-media":"","overlay-type":"","overlay-color":"","overlay-opacity":"","overlay-gradient":""},"mobile":{"background-color":"var(--ast-global-color-5)","background-image":"","background-repeat":"repeat","background-position":"center center","background-size":"auto","background-attachment":"scroll","background-type":"","background-media":"","overlay-type":"","overlay-color":"","overlay-opacity":"","overlay-gradient":""}}},"product_brand":[],"product_cat":[188,809,412],"product_tag":[],"class_list":{"0":"post-346035","1":"product","2":"type-product","3":"status-publish","4":"has-post-thumbnail","6":"product_cat-freelancer","7":"product_cat-italy","8":"product_cat-milan","9":"desktop-align-left","10":"tablet-align-left","11":"mobile-align-left","13":"first","14":"instock","15":"shipping-taxable","16":"product-type-simple"},"_links":{"self":[{"href":"https:\/\/poccky.com\/index.php\/wp-json\/wp\/v2\/product\/346035","targetHints":{"allow":["GET"]}}],"collection":[{"href":"https:\/\/poccky.com\/index.php\/wp-json\/wp\/v2\/product"}],"about":[{"href":"https:\/\/poccky.com\/index.php\/wp-json\/wp\/v2\/types\/product"}],"replies":[{"embeddable":true,"href":"https:\/\/poccky.com\/index.php\/wp-json\/wp\/v2\/comments?post=346035"}],"wp:featuredmedia":[{"embeddable":true,"href":"https:\/\/poccky.com\/index.php\/wp-json\/wp\/v2\/media\/135700"}],"wp:attachment":[{"href":"https:\/\/poccky.com\/index.php\/wp-json\/wp\/v2\/media?parent=346035"}],"wp:term":[{"taxonomy":"product_brand","embeddable":true,"href":"https:\/\/poccky.com\/index.php\/wp-json\/wp\/v2\/product_brand?post=346035"},{"taxonomy":"product_cat","embeddable":true,"href":"https:\/\/poccky.com\/index.php\/wp-json\/wp\/v2\/product_cat?post=346035"},{"taxonomy":"product_tag","embeddable":true,"href":"https:\/\/poccky.com\/index.php\/wp-json\/wp\/v2\/product_tag?post=346035"}],"curies":[{"name":"wp","href":"https:\/\/api.w.org\/{rel}","templated":true}]}}