{"id":346027,"date":"2023-11-07T21:40:44","date_gmt":"2023-11-07T21:40:44","guid":{"rendered":"https:\/\/poccky.com\/?post_type=product&#038;p=346027"},"modified":"2023-11-07T21:40:47","modified_gmt":"2023-11-07T21:40:47","slug":"amalia-28","status":"publish","type":"product","link":"https:\/\/poccky.com\/index.php\/product\/amalia-28\/","title":{"rendered":"Amalia"},"content":{"rendered":"","protected":false},"excerpt":{"rendered":"<p>Amalia est la chose que vous cherchiez lorsque vous recherchez l&#8217;exp\u00e9rience amie id\u00e9ale. Elle peut s\u00fbrement vous faire de bonne humeur et vous d\u00e9montrer un temps d\u00e9cent. Amalia est la chose que nous appelons une excellence Europe de l&#8217;Est. elle a tout. des virages \u00e9tonnants et le feu comme les cheveux. au toucher d\u00e9licat d&#8217;une fleur. Demander cet Amsterdam escorte maintenant! Maintenant. et encore une fois. vous aurez besoin cette mignonne \u00e0 \u00eatre adjacente \u00e0 vous et elle peut arriver en quelques minutes seulement. Elle est chaude et tout ce que vous dites et faites ensemble appr\u00e9cier. V\u00e9rifiez le temps. Souhaitez-vous pas dire qu&#8217;il est une occasion id\u00e9ale pour appeler Dora? Vous avez \u00e9t\u00e9 un certain temps loin d&#8217;elle et elle te manque \u00e0 un tel point. Voudrais-tu la rencontrer? Il est frappant de cet extraordinaire escorte Amsterdam est accessible et qu&#8217;elle a besoin d&#8217;un v\u00e9ritable homme dans sa vie. Nous imaginons que vous pouvez \u00eatre celui dont elle a besoin! Ignorez vos d\u00e9ceptions avec Amalia. Ensemble. dans le lit. vous ne serez jamais envisager de travail. la relation ou la vie des questions. exactement comment faire la nuit exceptionnelle. Quand il est une excellente occasion de d\u00e9couvrir votre fantaisie jeune femme. elle peut \u00eatre l\u00e0 d\u00e8s qu&#8217;il est humainement possible. \u00e0 c\u00f4t\u00e9 de vous et vous faire sentir n\u00e9cessaire et ador\u00e9. Elle est sans aucun doute l&#8217;un pour vous. Cet ami est une escorte Amsterdam magnifique qui vous donnera l&#8217;exp\u00e9rience de la joie incroyable et beaucoup de moments de plaisir. Appelle-la maintenant et de faire la r\u00e9servation. elle est constamment accessible. Cet excellent jeune femme est tous ici pour vous. maintenant \u00e0 vous rencontrer. Essayez de ne pas lui donner une chance d&#8217;obtenir d\u00e9sesp\u00e9r\u00e9e. obtenir sur le t\u00e9l\u00e9phone et entrer en contact avec nous. Elle sera avec vous dans quelques instants. My details Below mentioned<\/p>\n<p>                Nationality:<br \/>\n                Dutch <\/p>\n<p>                Languages:<br \/>\n                Dutch. English<\/p>\n<p>                Age:<br \/>\n                23<\/p>\n<p>                Height:<br \/>\n                168<\/p>\n<p>                Weight:<br \/>\n                55<\/p>\n<p>                Hair:<br \/>\n                Long Blonde<\/p>\n<p>                Eyes:<br \/>\n                Black<\/p>\n<p>                Measurements:<br \/>\n                94-60-91phone_call me Phone:<br \/>\n          +31682431246<\/p>\n","protected":false},"featured_media":135693,"comment_status":"open","ping_status":"closed","template":"","meta":{"site-sidebar-layout":"default","site-content-layout":"","ast-site-content-layout":"","site-content-style":"default","site-sidebar-style":"default","ast-global-header-display":"","ast-banner-title-visibility":"","ast-main-header-display":"","ast-hfb-above-header-display":"","ast-hfb-below-header-display":"","ast-hfb-mobile-header-display":"","site-post-title":"","ast-breadcrumbs-content":"","ast-featured-img":"","footer-sml-layout":"","theme-transparent-header-meta":"","adv-header-id-meta":"","stick-header-meta":"","header-above-stick-meta":"","header-main-stick-meta":"","header-below-stick-meta":"","astra-migrate-meta-layouts":"default","ast-page-background-enabled":"default","ast-page-background-meta":{"desktop":{"background-color":"var(--ast-global-color-4)","background-image":"","background-repeat":"repeat","background-position":"center center","background-size":"auto","background-attachment":"scroll","background-type":"","background-media":"","overlay-type":"","overlay-color":"","overlay-opacity":"","overlay-gradient":""},"tablet":{"background-color":"","background-image":"","background-repeat":"repeat","background-position":"center center","background-size":"auto","background-attachment":"scroll","background-type":"","background-media":"","overlay-type":"","overlay-color":"","overlay-opacity":"","overlay-gradient":""},"mobile":{"background-color":"","background-image":"","background-repeat":"repeat","background-position":"center center","background-size":"auto","background-attachment":"scroll","background-type":"","background-media":"","overlay-type":"","overlay-color":"","overlay-opacity":"","overlay-gradient":""}},"ast-content-background-meta":{"desktop":{"background-color":"var(--ast-global-color-5)","background-image":"","background-repeat":"repeat","background-position":"center center","background-size":"auto","background-attachment":"scroll","background-type":"","background-media":"","overlay-type":"","overlay-color":"","overlay-opacity":"","overlay-gradient":""},"tablet":{"background-color":"var(--ast-global-color-5)","background-image":"","background-repeat":"repeat","background-position":"center center","background-size":"auto","background-attachment":"scroll","background-type":"","background-media":"","overlay-type":"","overlay-color":"","overlay-opacity":"","overlay-gradient":""},"mobile":{"background-color":"var(--ast-global-color-5)","background-image":"","background-repeat":"repeat","background-position":"center center","background-size":"auto","background-attachment":"scroll","background-type":"","background-media":"","overlay-type":"","overlay-color":"","overlay-opacity":"","overlay-gradient":""}}},"product_brand":[],"product_cat":[188,911,1119],"product_tag":[],"class_list":{"0":"post-346027","1":"product","2":"type-product","3":"status-publish","4":"has-post-thumbnail","6":"product_cat-freelancer","7":"product_cat-monaco","8":"product_cat-monte-carlo","9":"desktop-align-left","10":"tablet-align-left","11":"mobile-align-left","13":"first","14":"instock","15":"shipping-taxable","16":"product-type-simple"},"_links":{"self":[{"href":"https:\/\/poccky.com\/index.php\/wp-json\/wp\/v2\/product\/346027","targetHints":{"allow":["GET"]}}],"collection":[{"href":"https:\/\/poccky.com\/index.php\/wp-json\/wp\/v2\/product"}],"about":[{"href":"https:\/\/poccky.com\/index.php\/wp-json\/wp\/v2\/types\/product"}],"replies":[{"embeddable":true,"href":"https:\/\/poccky.com\/index.php\/wp-json\/wp\/v2\/comments?post=346027"}],"wp:featuredmedia":[{"embeddable":true,"href":"https:\/\/poccky.com\/index.php\/wp-json\/wp\/v2\/media\/135693"}],"wp:attachment":[{"href":"https:\/\/poccky.com\/index.php\/wp-json\/wp\/v2\/media?parent=346027"}],"wp:term":[{"taxonomy":"product_brand","embeddable":true,"href":"https:\/\/poccky.com\/index.php\/wp-json\/wp\/v2\/product_brand?post=346027"},{"taxonomy":"product_cat","embeddable":true,"href":"https:\/\/poccky.com\/index.php\/wp-json\/wp\/v2\/product_cat?post=346027"},{"taxonomy":"product_tag","embeddable":true,"href":"https:\/\/poccky.com\/index.php\/wp-json\/wp\/v2\/product_tag?post=346027"}],"curies":[{"name":"wp","href":"https:\/\/api.w.org\/{rel}","templated":true}]}}