{"id":345644,"date":"2023-11-07T20:24:01","date_gmt":"2023-11-07T20:24:01","guid":{"rendered":"https:\/\/poccky.com\/?post_type=product&#038;p=345644"},"modified":"2023-11-07T20:24:15","modified_gmt":"2023-11-07T20:24:15","slug":"belledejour-2","status":"publish","type":"product","link":"https:\/\/poccky.com\/index.php\/product\/belledejour-2\/","title":{"rendered":"Belledejour"},"content":{"rendered":"","protected":false},"excerpt":{"rendered":"<p>Dear Gentleman.<\/p>\n<p>My name is Nika. I&#8217;m an occasional luxury courtesan from Switzerland.<\/p>\n<p>I offer you the possibility to find out more and to explore together your fantasies&#8230;Let me guide you behind the mirror and discover my very personal universe: the smell of intense desires and the touch of delicate luxury lingerie on soft skin.<br \/>\nMy pictures are real and recent. I\u2019m always in beautiful dresses and lingerie just as you see on my profile.<\/p>\n<p>My biggest assets are that I\u2019m here as much for your pleasure that for myself having an amazing hot time.<\/p>\n<p>I love what I do and I do it more than well. I am GFE and PSE. (no taboos in spite of all dangerous. deviant or illegal practices) my gift is in direct relationship to the exceptional quality of the special time we will spend together.<\/p>\n<p>Just like all real woman I love small surprises and your generosity will be a hundred times turned back to you.<\/p>\n<p>I never answer my phone when I have company so the easiest way to make an appointment is to send me an sms. Please don\u2019t forget to tell me your first name. age. city. day. time. and length of our rendez-vous.<\/p>\n<p>In spite of my naughty character and my pronounced taste for vicious gentlemen. I\u2019m after all a very educated and classy lady. I like to share my pleasures with intelligent and polite gentleman in good health. If you recognize yourself in this description I would be more than pleased to discover you and make you feel happy.<\/p>\n<p>Willkommen. Bienvenu. Welcome<\/p>\n<p>Mon nom est Veronika. Je suis une courtisane de luxe suisse. occasionnelle et ind\u00e9pendante de tout r\u00e9seau.<\/p>\n<p>Je me vois comme une geisha des temps modernes. pr\u00eate \u00e0 vous divertir et vous faire vivre des moments intenses et magiques. Je suis tr\u00e8s class et cultiv\u00e9e mais aussi s\u00e9ductrice et complice. Avec moi vous allez vous sentir d\u00e9sir\u00e9.<\/p>\n<p>Mes photos sont r\u00e9centes et bien r\u00e9elles. Je porte toujours de la belle lingerie de luxe et des escarpins \u00e0 talons.<\/p>\n<p>Ce qui me rend unique c est que je suis ici autant pour mon plaisir que pour le votre !<\/p>\n<p>J aime ce que je fais et je le fais tres bien.<\/p>\n<p>Je suis autant GFE que PSE. Mon cadeau est en relation directe avec la qualite exceptionnelle de mon accueil et la nature de nos \u00e9changes.<\/p>\n<p>Pour prendre rendez vous le plus simple est de m envoyer un sms dans un premier temps car je suis souvent accompagn\u00e9e et ne peux que rarement r\u00e9pondre au t\u00e9l\u00e9phone. Merci de me pr\u00e9ciser votre pr\u00e9nom. age. la ville. la date. l heure et la dur\u00e9e de notre rendez vous.<\/p>\n<p>J aime partager mes plaisirs avec des hommes intelligents qui savent prendre la vie du bon cote. sain de corps et d esprit. My details Below mentioned<\/p>\n<p>                Nationality:<br \/>\n                Swiss <\/p>\n<p>                Languages:<br \/>\n                English. French. German<\/p>\n<p>                Age:<br \/>\n                35<\/p>\n<p>                Height:<br \/>\n                165<\/p>\n<p>                Weight:<br \/>\n                52<\/p>\n<p>                Hair:<br \/>\n                blonde<\/p>\n<p>                Eyes:<br \/>\n                BLUE<\/p>\n","protected":false},"featured_media":133657,"comment_status":"open","ping_status":"closed","template":"","meta":{"site-sidebar-layout":"default","site-content-layout":"","ast-site-content-layout":"","site-content-style":"default","site-sidebar-style":"default","ast-global-header-display":"","ast-banner-title-visibility":"","ast-main-header-display":"","ast-hfb-above-header-display":"","ast-hfb-below-header-display":"","ast-hfb-mobile-header-display":"","site-post-title":"","ast-breadcrumbs-content":"","ast-featured-img":"","footer-sml-layout":"","theme-transparent-header-meta":"","adv-header-id-meta":"","stick-header-meta":"","header-above-stick-meta":"","header-main-stick-meta":"","header-below-stick-meta":"","astra-migrate-meta-layouts":"default","ast-page-background-enabled":"default","ast-page-background-meta":{"desktop":{"background-color":"var(--ast-global-color-4)","background-image":"","background-repeat":"repeat","background-position":"center center","background-size":"auto","background-attachment":"scroll","background-type":"","background-media":"","overlay-type":"","overlay-color":"","overlay-opacity":"","overlay-gradient":""},"tablet":{"background-color":"","background-image":"","background-repeat":"repeat","background-position":"center center","background-size":"auto","background-attachment":"scroll","background-type":"","background-media":"","overlay-type":"","overlay-color":"","overlay-opacity":"","overlay-gradient":""},"mobile":{"background-color":"","background-image":"","background-repeat":"repeat","background-position":"center center","background-size":"auto","background-attachment":"scroll","background-type":"","background-media":"","overlay-type":"","overlay-color":"","overlay-opacity":"","overlay-gradient":""}},"ast-content-background-meta":{"desktop":{"background-color":"var(--ast-global-color-5)","background-image":"","background-repeat":"repeat","background-position":"center center","background-size":"auto","background-attachment":"scroll","background-type":"","background-media":"","overlay-type":"","overlay-color":"","overlay-opacity":"","overlay-gradient":""},"tablet":{"background-color":"var(--ast-global-color-5)","background-image":"","background-repeat":"repeat","background-position":"center center","background-size":"auto","background-attachment":"scroll","background-type":"","background-media":"","overlay-type":"","overlay-color":"","overlay-opacity":"","overlay-gradient":""},"mobile":{"background-color":"var(--ast-global-color-5)","background-image":"","background-repeat":"repeat","background-position":"center center","background-size":"auto","background-attachment":"scroll","background-type":"","background-media":"","overlay-type":"","overlay-color":"","overlay-opacity":"","overlay-gradient":""}}},"product_brand":[],"product_cat":[244,188,1118],"product_tag":[],"class_list":{"0":"post-345644","1":"product","2":"type-product","3":"status-publish","4":"has-post-thumbnail","6":"product_cat-france","7":"product_cat-freelancer","8":"product_cat-paris","9":"desktop-align-left","10":"tablet-align-left","11":"mobile-align-left","13":"first","14":"instock","15":"shipping-taxable","16":"product-type-simple"},"_links":{"self":[{"href":"https:\/\/poccky.com\/index.php\/wp-json\/wp\/v2\/product\/345644","targetHints":{"allow":["GET"]}}],"collection":[{"href":"https:\/\/poccky.com\/index.php\/wp-json\/wp\/v2\/product"}],"about":[{"href":"https:\/\/poccky.com\/index.php\/wp-json\/wp\/v2\/types\/product"}],"replies":[{"embeddable":true,"href":"https:\/\/poccky.com\/index.php\/wp-json\/wp\/v2\/comments?post=345644"}],"wp:featuredmedia":[{"embeddable":true,"href":"https:\/\/poccky.com\/index.php\/wp-json\/wp\/v2\/media\/133657"}],"wp:attachment":[{"href":"https:\/\/poccky.com\/index.php\/wp-json\/wp\/v2\/media?parent=345644"}],"wp:term":[{"taxonomy":"product_brand","embeddable":true,"href":"https:\/\/poccky.com\/index.php\/wp-json\/wp\/v2\/product_brand?post=345644"},{"taxonomy":"product_cat","embeddable":true,"href":"https:\/\/poccky.com\/index.php\/wp-json\/wp\/v2\/product_cat?post=345644"},{"taxonomy":"product_tag","embeddable":true,"href":"https:\/\/poccky.com\/index.php\/wp-json\/wp\/v2\/product_tag?post=345644"}],"curies":[{"name":"wp","href":"https:\/\/api.w.org\/{rel}","templated":true}]}}