{"id":345303,"date":"2023-11-07T18:03:49","date_gmt":"2023-11-07T18:03:49","guid":{"rendered":"https:\/\/poccky.com\/?post_type=product&#038;p=345303"},"modified":"2023-11-07T18:03:57","modified_gmt":"2023-11-07T18:03:57","slug":"emma-von-linn-4","status":"publish","type":"product","link":"https:\/\/poccky.com\/index.php\/product\/emma-von-linn-4\/","title":{"rendered":"Emma Von Linn &#8211;"},"content":{"rendered":"","protected":false},"excerpt":{"rendered":"<p>Jag heter Emma von Linn\u00e9 och \u00e4r en helt svensk high class G\u00f6teborg eskort med mycket \u00f6mhet. charm. engageman.G passion och v\u00e4nskap att ge till dig som s\u00f6ker en riktigt s\u00e4llsynt diamant. Reser \u00e4ven inom Sverige och internationellt efter \u00f6verenskommelse.<\/p>\n<p>Du \u00e4r en skandinavisk gentleman (eller internationell businessman) \u00f6ver 20 \u00e5r som s\u00f6ker en kurtisan ut\u00f6ver det vanliga. N\u00e5gon som brinner f\u00f6r det hon g\u00f6r. som kommer sk\u00e4mma bort dig ordentligt och kittla dina sinnen. Inte bara v\u00e4rderar du den fysiska kontakten. den intellektuella och emotionella \u00e4r minst lika viktig f\u00f6r dig.<\/p>\n<p>Precis som jag \u00e4r du diskret och respektfull. Du tycker \u00e4ven att det \u00e4r en sj\u00e4lvklarhet att vara v\u00e4l p\u00e5l\u00e4st innan du ringer och presenterar dig.<\/p>\n<p>Att du \u00e4r nykter och drogfri ser jag som ett krav. Kanske ses vi \u00f6ver en middag med ett glas vin till maten eller socialiserar \u00f6ven en drink i en fin bar som en b\u00f6rjan av v\u00e5r tr\u00e4ff men det \u00e4r en helt annan sak.<\/p>\n<p>Hur du ser ut spelar mig ingen roll. Jag ser det fina i alla m\u00e4nniskor och kommer med all s\u00e4kerhet finna dig attraktiv. Det jag v\u00e4rderar \u00e4r din insida samt att du \u00e4r ren &#038; fr\u00e4sch!<\/p>\n<p>Oavsett om vi ses f\u00f6r en dejt med middag och en drink. en kort eller l\u00e5ng resa eller en h\u00e4rlig rendezvous s\u00e5 kommer det bli ett of\u00f6rgl\u00f6mligt minne!<\/p>\n<p>Komplett prislista och all annan viktig information finner du p\u00e5 min hemsida.<br \/>\n(http:\/\/emmaeskort com)<\/p>\n<p>Du som unnar dig en erotisk tr\u00e4ff med mig kommer inte att \u00e5ngra dig! My details Below mentioned<\/p>\n<p>                Nationality:<br \/>\n                Swedish <\/p>\n<p>                Languages:<br \/>\n                English. Swedish<\/p>\n<p>                Age:<br \/>\n                29<\/p>\n<p>                Height:<br \/>\n                166<\/p>\n<p>                Hair:<br \/>\n                long light brown<\/p>\n<p>                Eyes:<br \/>\n                bluephone_android Phone:<br \/>\n          +46738917917<\/p>\n","protected":false},"featured_media":134126,"comment_status":"open","ping_status":"closed","template":"","meta":{"site-sidebar-layout":"default","site-content-layout":"","ast-site-content-layout":"","site-content-style":"default","site-sidebar-style":"default","ast-global-header-display":"","ast-banner-title-visibility":"","ast-main-header-display":"","ast-hfb-above-header-display":"","ast-hfb-below-header-display":"","ast-hfb-mobile-header-display":"","site-post-title":"","ast-breadcrumbs-content":"","ast-featured-img":"","footer-sml-layout":"","theme-transparent-header-meta":"","adv-header-id-meta":"","stick-header-meta":"","header-above-stick-meta":"","header-main-stick-meta":"","header-below-stick-meta":"","astra-migrate-meta-layouts":"default","ast-page-background-enabled":"default","ast-page-background-meta":{"desktop":{"background-color":"var(--ast-global-color-4)","background-image":"","background-repeat":"repeat","background-position":"center center","background-size":"auto","background-attachment":"scroll","background-type":"","background-media":"","overlay-type":"","overlay-color":"","overlay-opacity":"","overlay-gradient":""},"tablet":{"background-color":"","background-image":"","background-repeat":"repeat","background-position":"center center","background-size":"auto","background-attachment":"scroll","background-type":"","background-media":"","overlay-type":"","overlay-color":"","overlay-opacity":"","overlay-gradient":""},"mobile":{"background-color":"","background-image":"","background-repeat":"repeat","background-position":"center center","background-size":"auto","background-attachment":"scroll","background-type":"","background-media":"","overlay-type":"","overlay-color":"","overlay-opacity":"","overlay-gradient":""}},"ast-content-background-meta":{"desktop":{"background-color":"var(--ast-global-color-5)","background-image":"","background-repeat":"repeat","background-position":"center center","background-size":"auto","background-attachment":"scroll","background-type":"","background-media":"","overlay-type":"","overlay-color":"","overlay-opacity":"","overlay-gradient":""},"tablet":{"background-color":"var(--ast-global-color-5)","background-image":"","background-repeat":"repeat","background-position":"center center","background-size":"auto","background-attachment":"scroll","background-type":"","background-media":"","overlay-type":"","overlay-color":"","overlay-opacity":"","overlay-gradient":""},"mobile":{"background-color":"var(--ast-global-color-5)","background-image":"","background-repeat":"repeat","background-position":"center center","background-size":"auto","background-attachment":"scroll","background-type":"","background-media":"","overlay-type":"","overlay-color":"","overlay-opacity":"","overlay-gradient":""}}},"product_brand":[],"product_cat":[188,1115,957],"product_tag":[],"class_list":{"0":"post-345303","1":"product","2":"type-product","3":"status-publish","4":"has-post-thumbnail","6":"product_cat-freelancer","7":"product_cat-stockholm","8":"product_cat-sweden","9":"desktop-align-left","10":"tablet-align-left","11":"mobile-align-left","13":"first","14":"instock","15":"shipping-taxable","16":"product-type-simple"},"_links":{"self":[{"href":"https:\/\/poccky.com\/index.php\/wp-json\/wp\/v2\/product\/345303","targetHints":{"allow":["GET"]}}],"collection":[{"href":"https:\/\/poccky.com\/index.php\/wp-json\/wp\/v2\/product"}],"about":[{"href":"https:\/\/poccky.com\/index.php\/wp-json\/wp\/v2\/types\/product"}],"replies":[{"embeddable":true,"href":"https:\/\/poccky.com\/index.php\/wp-json\/wp\/v2\/comments?post=345303"}],"wp:featuredmedia":[{"embeddable":true,"href":"https:\/\/poccky.com\/index.php\/wp-json\/wp\/v2\/media\/134126"}],"wp:attachment":[{"href":"https:\/\/poccky.com\/index.php\/wp-json\/wp\/v2\/media?parent=345303"}],"wp:term":[{"taxonomy":"product_brand","embeddable":true,"href":"https:\/\/poccky.com\/index.php\/wp-json\/wp\/v2\/product_brand?post=345303"},{"taxonomy":"product_cat","embeddable":true,"href":"https:\/\/poccky.com\/index.php\/wp-json\/wp\/v2\/product_cat?post=345303"},{"taxonomy":"product_tag","embeddable":true,"href":"https:\/\/poccky.com\/index.php\/wp-json\/wp\/v2\/product_tag?post=345303"}],"curies":[{"name":"wp","href":"https:\/\/api.w.org\/{rel}","templated":true}]}}