{"id":345199,"date":"2023-11-07T17:43:25","date_gmt":"2023-11-07T17:43:25","guid":{"rendered":"https:\/\/poccky.com\/?post_type=product&#038;p=345199"},"modified":"2023-11-07T17:43:34","modified_gmt":"2023-11-07T17:43:34","slug":"amy-106","status":"publish","type":"product","link":"https:\/\/poccky.com\/index.php\/product\/amy-106\/","title":{"rendered":"Amy"},"content":{"rendered":"","protected":false},"excerpt":{"rendered":"<p>Lev ut dina heta innersta dr\u00f6mmar med mig &#8211; ber\u00e4tta vad du vill s\u00e5 ska jag f\u00f6rs\u00f6ka tillgodose dina beh\u00f6v och \u00f6nskem\u00e5l. Om du \u00e4r sugen p\u00e5 lite bus med sk\u00f6na knull och h\u00e4rliga avsugningar s\u00e5 \u00e4r jag kvinnan f\u00f6r dig. Jag l\u00e4ngtar efter att du ska ringa mig s\u00e5 jag kan f\u00e5 smaka ordentligt p\u00e5 dig innan du tar mig h\u00e5rt och l\u00e4nge. \u00c4r du sugen p\u00e5 mys och GFE s\u00e5 tar jag g\u00e4rna hand om dig och ser till att du blir ordentligt tillfredsst\u00e4lld. Jag \u00e4r en vacker ung kvinna p\u00e5 27 \u00e5r med en sexig kropp. Mina br\u00f6st \u00e4r k\u00e4nsliga och sk\u00f6na och du f\u00e5r g\u00e4rna knulla dem. All penetration sker med kondom men om du \u00e4r fr\u00e4sch kan jag t\u00e4nka mig att suga din kuk utan. Jag erbjuder inte outcall men du \u00e4r v\u00e4lkommen att tr\u00e4ffa mig p\u00e5 mitt egna mysiga st\u00e4lle i Stockholm.<br \/>\nS\u00e5 ring mig om du gillar att leka med l\u00e5nga. slanka. blonda kvinnor. Tala om vad du gillar s\u00e5 ska jag g\u00f6ra mitt b\u00e4sta f\u00f6r att tillfredsst\u00e4lla dig. Du kanske har en speciell fantasi som du vill prova&#8230;.Gillar det mesta inom sex och \u00e4r nyfiken p\u00e5 att prova nya saker. \u00c4r erfaren och k\u00e5t. vet hur man tar hand om en man.<\/p>\n<p>Mina priser:<br \/>\n1h 3000 SEK<br \/>\n30min 2000 SEK<\/p>\n<p>Ring mig p\u00e5: 0722-64 30 22 och ring fr\u00e5n synligt nummer annars svara jag inte My details Below mentioned<\/p>\n<p>                Nationality:<br \/>\n                Swedish <\/p>\n<p>                Languages:<br \/>\n                English. Swedish<\/p>\n<p>                Age:<br \/>\n                27<\/p>\n<p>                Height:<br \/>\n                175<\/p>\n<p>                Weight:<br \/>\n                55<\/p>\n<p>                Hair:<br \/>\n                Blondephone_android Phone:<br \/>\n          0722643022<\/p>\n","protected":false},"featured_media":134074,"comment_status":"open","ping_status":"closed","template":"","meta":{"site-sidebar-layout":"default","site-content-layout":"","ast-site-content-layout":"","site-content-style":"default","site-sidebar-style":"default","ast-global-header-display":"","ast-banner-title-visibility":"","ast-main-header-display":"","ast-hfb-above-header-display":"","ast-hfb-below-header-display":"","ast-hfb-mobile-header-display":"","site-post-title":"","ast-breadcrumbs-content":"","ast-featured-img":"","footer-sml-layout":"","theme-transparent-header-meta":"","adv-header-id-meta":"","stick-header-meta":"","header-above-stick-meta":"","header-main-stick-meta":"","header-below-stick-meta":"","astra-migrate-meta-layouts":"default","ast-page-background-enabled":"default","ast-page-background-meta":{"desktop":{"background-color":"var(--ast-global-color-4)","background-image":"","background-repeat":"repeat","background-position":"center center","background-size":"auto","background-attachment":"scroll","background-type":"","background-media":"","overlay-type":"","overlay-color":"","overlay-opacity":"","overlay-gradient":""},"tablet":{"background-color":"","background-image":"","background-repeat":"repeat","background-position":"center center","background-size":"auto","background-attachment":"scroll","background-type":"","background-media":"","overlay-type":"","overlay-color":"","overlay-opacity":"","overlay-gradient":""},"mobile":{"background-color":"","background-image":"","background-repeat":"repeat","background-position":"center center","background-size":"auto","background-attachment":"scroll","background-type":"","background-media":"","overlay-type":"","overlay-color":"","overlay-opacity":"","overlay-gradient":""}},"ast-content-background-meta":{"desktop":{"background-color":"var(--ast-global-color-5)","background-image":"","background-repeat":"repeat","background-position":"center center","background-size":"auto","background-attachment":"scroll","background-type":"","background-media":"","overlay-type":"","overlay-color":"","overlay-opacity":"","overlay-gradient":""},"tablet":{"background-color":"var(--ast-global-color-5)","background-image":"","background-repeat":"repeat","background-position":"center center","background-size":"auto","background-attachment":"scroll","background-type":"","background-media":"","overlay-type":"","overlay-color":"","overlay-opacity":"","overlay-gradient":""},"mobile":{"background-color":"var(--ast-global-color-5)","background-image":"","background-repeat":"repeat","background-position":"center center","background-size":"auto","background-attachment":"scroll","background-type":"","background-media":"","overlay-type":"","overlay-color":"","overlay-opacity":"","overlay-gradient":""}}},"product_brand":[],"product_cat":[188,1115,957],"product_tag":[],"class_list":{"0":"post-345199","1":"product","2":"type-product","3":"status-publish","4":"has-post-thumbnail","6":"product_cat-freelancer","7":"product_cat-stockholm","8":"product_cat-sweden","9":"desktop-align-left","10":"tablet-align-left","11":"mobile-align-left","13":"first","14":"instock","15":"shipping-taxable","16":"product-type-simple"},"_links":{"self":[{"href":"https:\/\/poccky.com\/index.php\/wp-json\/wp\/v2\/product\/345199","targetHints":{"allow":["GET"]}}],"collection":[{"href":"https:\/\/poccky.com\/index.php\/wp-json\/wp\/v2\/product"}],"about":[{"href":"https:\/\/poccky.com\/index.php\/wp-json\/wp\/v2\/types\/product"}],"replies":[{"embeddable":true,"href":"https:\/\/poccky.com\/index.php\/wp-json\/wp\/v2\/comments?post=345199"}],"wp:featuredmedia":[{"embeddable":true,"href":"https:\/\/poccky.com\/index.php\/wp-json\/wp\/v2\/media\/134074"}],"wp:attachment":[{"href":"https:\/\/poccky.com\/index.php\/wp-json\/wp\/v2\/media?parent=345199"}],"wp:term":[{"taxonomy":"product_brand","embeddable":true,"href":"https:\/\/poccky.com\/index.php\/wp-json\/wp\/v2\/product_brand?post=345199"},{"taxonomy":"product_cat","embeddable":true,"href":"https:\/\/poccky.com\/index.php\/wp-json\/wp\/v2\/product_cat?post=345199"},{"taxonomy":"product_tag","embeddable":true,"href":"https:\/\/poccky.com\/index.php\/wp-json\/wp\/v2\/product_tag?post=345199"}],"curies":[{"name":"wp","href":"https:\/\/api.w.org\/{rel}","templated":true}]}}