{"id":345133,"date":"2023-11-07T17:29:28","date_gmt":"2023-11-07T17:29:28","guid":{"rendered":"https:\/\/poccky.com\/?post_type=product&#038;p=345133"},"modified":"2023-11-07T17:29:37","modified_gmt":"2023-11-07T17:29:37","slug":"marimarlatina-2","status":"publish","type":"product","link":"https:\/\/poccky.com\/index.php\/product\/marimarlatina-2\/","title":{"rendered":"Marimarlatina"},"content":{"rendered":"","protected":false},"excerpt":{"rendered":"<p>OBS :<br \/>\nIt&#8217;s not me who answers the phone. but a friend. because I do not speak very good French or English. So do not worry. I am 100% REAL<br \/>\nHello.<br \/>\nSo. I&#8217;m MARIMAR a beautiful MULATTO (LATIN) to offer massages and &#8230;.<br \/>\nI like the beautiful meetings. intense sharing moments with a nice Friendly and elegant men.<br \/>\nI am a woman cultured with class. very attractive. without vulgarity and refined. a nice smile with a very expressive look. Focus in your happiness in this unique and unforgettable moments that you share with me.<br \/>\nI&#8217;m full. just amuse you.<br \/>\nI&#8217;m in Zurick center&#8230;<\/p>\n<p>OBS ;<br \/>\nC&#8217;est pas moi qui r\u00e9pond au t\u00e9l\u00e9phone. mais un ami. parce que je ne parle pas beaucoup fran\u00e7ais ou en anglais. Alors ne vous inqui\u00e9tez pas. je suis 100% REAL<br \/>\nBonjour.<br \/>\nAlors je suis MARIMAR une tr\u00e8s belle MULATRE de passage pour vous offrir de massages ET&#8230;.<br \/>\nJ&#8217;aime les belles rencontres les moments de partage intense avec de gentils hommes aimables et galants.<br \/>\nJe suis une femme cultiv\u00e9e avec classe. tr\u00e8s attirante. sans vulgarit\u00e9. et raffin\u00e9e. un joli sourire avec un regard tr\u00e8s expressif vous fera du bonheur en ces moments uniques et inoubliables que vous partagerez avec moi.<br \/>\nJe suis complete. viens amuser toi. My details Below mentioned<\/p>\n<p>                Nationality:<br \/>\n                Brazilian <\/p>\n<p>                Languages:<br \/>\n                English. French<\/p>\n<p>                Age:<br \/>\n                22<\/p>\n<p>                Height:<br \/>\n                168<\/p>\n<p>                Weight:<br \/>\n                52<\/p>\n<p>                Hair:<br \/>\n                brun <\/p>\n<p>                Eyes:<br \/>\n                BRUIN<\/p>\n<p>                Measurements:<br \/>\n                90-60-87phone_android Phone:<br \/>\n          +41767919386<\/p>\n","protected":false},"featured_media":135068,"comment_status":"open","ping_status":"closed","template":"","meta":{"site-sidebar-layout":"default","site-content-layout":"","ast-site-content-layout":"","site-content-style":"default","site-sidebar-style":"default","ast-global-header-display":"","ast-banner-title-visibility":"","ast-main-header-display":"","ast-hfb-above-header-display":"","ast-hfb-below-header-display":"","ast-hfb-mobile-header-display":"","site-post-title":"","ast-breadcrumbs-content":"","ast-featured-img":"","footer-sml-layout":"","theme-transparent-header-meta":"","adv-header-id-meta":"","stick-header-meta":"","header-above-stick-meta":"","header-main-stick-meta":"","header-below-stick-meta":"","astra-migrate-meta-layouts":"default","ast-page-background-enabled":"default","ast-page-background-meta":{"desktop":{"background-color":"var(--ast-global-color-4)","background-image":"","background-repeat":"repeat","background-position":"center center","background-size":"auto","background-attachment":"scroll","background-type":"","background-media":"","overlay-type":"","overlay-color":"","overlay-opacity":"","overlay-gradient":""},"tablet":{"background-color":"","background-image":"","background-repeat":"repeat","background-position":"center center","background-size":"auto","background-attachment":"scroll","background-type":"","background-media":"","overlay-type":"","overlay-color":"","overlay-opacity":"","overlay-gradient":""},"mobile":{"background-color":"","background-image":"","background-repeat":"repeat","background-position":"center center","background-size":"auto","background-attachment":"scroll","background-type":"","background-media":"","overlay-type":"","overlay-color":"","overlay-opacity":"","overlay-gradient":""}},"ast-content-background-meta":{"desktop":{"background-color":"var(--ast-global-color-5)","background-image":"","background-repeat":"repeat","background-position":"center center","background-size":"auto","background-attachment":"scroll","background-type":"","background-media":"","overlay-type":"","overlay-color":"","overlay-opacity":"","overlay-gradient":""},"tablet":{"background-color":"var(--ast-global-color-5)","background-image":"","background-repeat":"repeat","background-position":"center center","background-size":"auto","background-attachment":"scroll","background-type":"","background-media":"","overlay-type":"","overlay-color":"","overlay-opacity":"","overlay-gradient":""},"mobile":{"background-color":"var(--ast-global-color-5)","background-image":"","background-repeat":"repeat","background-position":"center center","background-size":"auto","background-attachment":"scroll","background-type":"","background-media":"","overlay-type":"","overlay-color":"","overlay-opacity":"","overlay-gradient":""}}},"product_brand":[],"product_cat":[188,958,1127],"product_tag":[],"class_list":{"0":"post-345133","1":"product","2":"type-product","3":"status-publish","4":"has-post-thumbnail","6":"product_cat-freelancer","7":"product_cat-switzerland","8":"product_cat-zurich","9":"desktop-align-left","10":"tablet-align-left","11":"mobile-align-left","13":"first","14":"instock","15":"shipping-taxable","16":"product-type-simple"},"_links":{"self":[{"href":"https:\/\/poccky.com\/index.php\/wp-json\/wp\/v2\/product\/345133","targetHints":{"allow":["GET"]}}],"collection":[{"href":"https:\/\/poccky.com\/index.php\/wp-json\/wp\/v2\/product"}],"about":[{"href":"https:\/\/poccky.com\/index.php\/wp-json\/wp\/v2\/types\/product"}],"replies":[{"embeddable":true,"href":"https:\/\/poccky.com\/index.php\/wp-json\/wp\/v2\/comments?post=345133"}],"wp:featuredmedia":[{"embeddable":true,"href":"https:\/\/poccky.com\/index.php\/wp-json\/wp\/v2\/media\/135068"}],"wp:attachment":[{"href":"https:\/\/poccky.com\/index.php\/wp-json\/wp\/v2\/media?parent=345133"}],"wp:term":[{"taxonomy":"product_brand","embeddable":true,"href":"https:\/\/poccky.com\/index.php\/wp-json\/wp\/v2\/product_brand?post=345133"},{"taxonomy":"product_cat","embeddable":true,"href":"https:\/\/poccky.com\/index.php\/wp-json\/wp\/v2\/product_cat?post=345133"},{"taxonomy":"product_tag","embeddable":true,"href":"https:\/\/poccky.com\/index.php\/wp-json\/wp\/v2\/product_tag?post=345133"}],"curies":[{"name":"wp","href":"https:\/\/api.w.org\/{rel}","templated":true}]}}